{"id":4819,"date":"2024-03-29T13:14:39","date_gmt":"2024-03-29T13:14:39","guid":{"rendered":"https:\/\/mysauna.lt\/?page_id=4819"},"modified":"2025-11-07T05:55:38","modified_gmt":"2025-11-07T05:55:38","slug":"%d1%81%d0%b0%d1%83%d0%bd%d1%8b-%d0%bd%d0%b0-%d0%bf%d1%80%d0%be%d0%b4%d0%b0%d0%b6%d1%83","status":"publish","type":"page","link":"https:\/\/mysauna.lt\/ru\/%d1%81%d0%b0%d1%83%d0%bd%d1%8b-%d0%bd%d0%b0-%d0%bf%d1%80%d0%be%d0%b4%d0%b0%d0%b6%d1%83\/","title":{"rendered":"\u0421\u0430\u0443\u043d\u044b \u0434\u043b\u044f \u043f\u0440\u043e\u0434\u0430\u0436\u0438"},"content":{"rendered":"<div data-elementor-type=\"wp-page\" data-elementor-id=\"4819\" class=\"elementor elementor-4819\" data-elementor-post-type=\"page\">\n\t\t\t\t<div class=\"elementor-element elementor-element-108f20a e-flex e-con-boxed wpr-particle-no wpr-jarallax-no wpr-parallax-no wpr-sticky-section-no wpr-equal-height-no e-con e-parent\" data-id=\"108f20a\" data-element_type=\"container\" data-e-type=\"container\">\n\t\t\t\t\t<div class=\"e-con-inner\">\n\t\t<div class=\"elementor-element elementor-element-55f0303 e-flex e-con-boxed wpr-particle-no wpr-jarallax-no wpr-parallax-no wpr-sticky-section-no wpr-equal-height-no e-con e-child\" data-id=\"55f0303\" data-element_type=\"container\" data-e-type=\"container\">\n\t\t\t\t\t<div class=\"e-con-inner\">\n\t\t\t\t<div class=\"elementor-element elementor-element-7c343cc elementor-widget elementor-widget-heading\" data-id=\"7c343cc\" data-element_type=\"widget\" data-e-type=\"widget\" data-widget_type=\"heading.default\">\n\t\t\t\t<div class=\"elementor-widget-container\">\n\t\t\t\t\t<h1 class=\"elementor-heading-title elementor-size-default\">\u0421\u0430\u0443\u043d\u044b \u0434\u043b\u044f \u043f\u0440\u043e\u0434\u0430\u0436\u0438<\/h1>\t\t\t\t<\/div>\n\t\t\t\t<\/div>\n\t\t\t\t<div class=\"elementor-element elementor-element-8e3e707 elementor-widget elementor-widget-heading\" data-id=\"8e3e707\" data-element_type=\"widget\" data-e-type=\"widget\" data-widget_type=\"heading.default\">\n\t\t\t\t<div class=\"elementor-widget-container\">\n\t\t\t\t\t<h2 class=\"elementor-heading-title elementor-size-default\">\u041d\u0430\u0448\u0438 \u0441\u0430\u0443\u043d\u044b \u043d\u0430 \u043f\u0440\u043e\u0434\u0430\u0436\u0443 - \u043a\u0430\u0442\u0430\u043b\u043e\u0433<\/h2>\t\t\t\t<\/div>\n\t\t\t\t<\/div>\n\t\t\t\t<div class=\"elementor-element elementor-element-644f8bc elementor-widget elementor-widget-text-editor\" data-id=\"644f8bc\" data-element_type=\"widget\" data-e-type=\"widget\" data-widget_type=\"text-editor.default\">\n\t\t\t\t<div class=\"elementor-widget-container\">\n\t\t\t\t\t\t\t\t\t<p><a href=\"https:\/\/lt.wikipedia.org\/wiki\/Pirtis\" target=\"_blank\" rel=\"noopener\">\u0421\u0430\u0443\u043d\u0430<\/a> \u044d\u0442\u043e \u043d\u0435 \u0442\u043e\u043b\u044c\u043a\u043e \u0447\u0430\u0441\u0442\u044c \u0434\u0440\u0435\u0432\u043d\u0435\u0439 \u0442\u0440\u0430\u0434\u0438\u0446\u0438\u0438, \u043d\u043e \u0438 \u0441\u0438\u043c\u0432\u043e\u043b \u0441\u043e\u0432\u0440\u0435\u043c\u0435\u043d\u043d\u043e\u0433\u043e \u043a\u043e\u043c\u0444\u043e\u0440\u0442\u0430 \u0438 \u0445\u043e\u0440\u043e\u0448\u0435\u0433\u043e \u0441\u0430\u043c\u043e\u0447\u0443\u0432\u0441\u0442\u0432\u0438\u044f. \u041d\u0430\u0448\u0438 \u0441\u0430\u0443\u043d\u044b \u0438\u0434\u0435\u0430\u043b\u044c\u043d\u043e \u043f\u043e\u0434\u0445\u043e\u0434\u044f\u0442 \u043a\u0430\u043a \u0434\u043b\u044f \u043b\u0438\u0447\u043d\u043e\u0433\u043e, \u0442\u0430\u043a \u0438 \u0434\u043b\u044f \u0434\u0435\u043b\u043e\u0432\u043e\u0433\u043e \u0438\u0441\u043f\u043e\u043b\u044c\u0437\u043e\u0432\u0430\u043d\u0438\u044f, \u043e\u0431\u0435\u0441\u043f\u0435\u0447\u0438\u0432\u0430\u044f \u043c\u043e\u043c\u0435\u043d\u0442\u044b \u0443\u0434\u043e\u0432\u043e\u043b\u044c\u0441\u0442\u0432\u0438\u044f \u0438 \u0440\u0435\u043b\u0430\u043a\u0441\u0430\u0446\u0438\u0438.<br \/><br \/><\/p><p>\u0427\u0442\u043e\u0431\u044b \u043f\u043e\u0434\u0447\u0435\u0440\u043a\u043d\u0443\u0442\u044c \u0443\u0434\u043e\u0431\u0441\u0442\u0432\u043e \u043a\u043b\u0438\u0435\u043d\u0442\u043e\u0432, \u043c\u044b \u0442\u0430\u043a\u0436\u0435 \u043f\u0440\u0435\u0434\u043b\u0430\u0433\u0430\u0435\u043c \u0432\u043e\u0437\u043c\u043e\u0436\u043d\u043e\u0441\u0442\u044c \u043f\u0440\u0438\u043e\u0431\u0440\u0435\u0441\u0442\u0438 \u0441\u0430\u0443\u043d\u0443 \u0432 \u0440\u0430\u0441\u0441\u0440\u043e\u0447\u043a\u0443, \u0447\u0442\u043e \u043e\u0431\u0435\u0441\u043f\u0435\u0447\u0438\u0432\u0430\u0435\u0442 \u0431\u043e\u043b\u044c\u0448\u0443\u044e \u0444\u0438\u043d\u0430\u043d\u0441\u043e\u0432\u0443\u044e \u0433\u0438\u0431\u043a\u043e\u0441\u0442\u044c \u0438 \u0434\u043e\u0441\u0442\u0443\u043f\u043d\u043e\u0441\u0442\u044c.<\/p><p>\u041a\u0440\u043e\u043c\u0435 \u0442\u043e\u0433\u043e, \u043d\u0430\u0448\u0430 \u0441\u0430\u0443\u043d\u0430 \u043c\u043e\u0436\u0435\u0442 \u0431\u044b\u0442\u044c \u0438\u0437\u0433\u043e\u0442\u043e\u0432\u043b\u0435\u043d\u0430 \u043d\u0430 \u0437\u0430\u043a\u0430\u0437 \u0432 \u0441\u043e\u043e\u0442\u0432\u0435\u0442\u0441\u0442\u0432\u0438\u0438 \u0441 \u0432\u0430\u0448\u0438\u043c\u0438 \u0438\u043d\u0434\u0438\u0432\u0438\u0434\u0443\u0430\u043b\u044c\u043d\u044b\u043c\u0438 \u043f\u043e\u0442\u0440\u0435\u0431\u043d\u043e\u0441\u0442\u044f\u043c\u0438 \u0438 \u043f\u0440\u0435\u0434\u043f\u043e\u0447\u0442\u0435\u043d\u0438\u044f\u043c\u0438. \u042d\u0442\u043e \u043e\u0437\u043d\u0430\u0447\u0430\u0435\u0442, \u0447\u0442\u043e \u043a\u043b\u0438\u0435\u043d\u0442 \u043c\u043e\u0436\u0435\u0442 \u0432\u044b\u0431\u0440\u0430\u0442\u044c \u043d\u0435 \u0442\u043e\u043b\u044c\u043a\u043e \u0434\u0438\u0437\u0430\u0439\u043d \u0438 \u0440\u0430\u0437\u043c\u0435\u0440 \u0441\u0430\u0443\u043d\u044b, \u043d\u043e \u0438 \u043c\u0430\u0442\u0435\u0440\u0438\u0430\u043b\u044b, \u043e\u0431\u043e\u0440\u0443\u0434\u043e\u0432\u0430\u043d\u0438\u0435 \u0438 \u0434\u043e\u043f\u043e\u043b\u043d\u0438\u0442\u0435\u043b\u044c\u043d\u044b\u0435 \u0444\u0443\u043d\u043a\u0446\u0438\u0438 \u0432 \u0441\u043e\u043e\u0442\u0432\u0435\u0442\u0441\u0442\u0432\u0438\u0438 \u0441\u043e \u0441\u0432\u043e\u0438\u043c \u043e\u0431\u0440\u0430\u0437\u043e\u043c \u0436\u0438\u0437\u043d\u0438 \u0438 \u043f\u043e\u0442\u0440\u0435\u0431\u043d\u043e\u0441\u0442\u044f\u043c\u0438.<\/p>\t\t\t\t\t\t\t\t<\/div>\n\t\t\t\t<\/div>\n\t\t\t\t\t<\/div>\n\t\t\t\t<\/div>\n\t\t\t\t\t<\/div>\n\t\t\t\t<\/div>\n\t\t<div class=\"elementor-element elementor-element-3d9cf0a e-flex e-con-boxed wpr-particle-no wpr-jarallax-no wpr-parallax-no wpr-sticky-section-no wpr-equal-height-no e-con e-parent\" data-id=\"3d9cf0a\" data-element_type=\"container\" data-e-type=\"container\">\n\t\t\t\t\t<div class=\"e-con-inner\">\n\t\t\t\t<div class=\"elementor-element elementor-element-f55115a elementor-widget elementor-widget-premium-addon-banner\" data-id=\"f55115a\" data-element_type=\"widget\" data-e-type=\"widget\" data-widget_type=\"premium-addon-banner.default\">\n\t\t\t\t<div class=\"elementor-widget-container\">\n\t\t\t\t\t\t\t<div class=\"premium-banner-ib premium-banner-min-height premium-banner-animation1 none premium-banner__effect-type2\">\n\t\t\t\t\t\t\t\t\t\t<img fetchpriority=\"high\" decoding=\"async\" width=\"768\" height=\"576\" src=\"https:\/\/mysauna.lt\/wp-content\/uploads\/2024\/09\/eksportas-surinktos-768x576.jpg\" class=\"attachment-medium_large size-medium_large wp-image-5482\" alt=\"export-bath-square-static\" srcset=\"https:\/\/mysauna.lt\/wp-content\/uploads\/2024\/09\/eksportas-surinktos-768x576.jpg 768w, https:\/\/mysauna.lt\/wp-content\/uploads\/2024\/09\/eksportas-surinktos-300x225.jpg 300w, https:\/\/mysauna.lt\/wp-content\/uploads\/2024\/09\/eksportas-surinktos-1024x768.jpg 1024w, https:\/\/mysauna.lt\/wp-content\/uploads\/2024\/09\/eksportas-surinktos-1536x1152.jpg 1536w, https:\/\/mysauna.lt\/wp-content\/uploads\/2024\/09\/eksportas-surinktos.jpg 1600w\" sizes=\"(max-width: 768px) 100vw, 768px\" \/>\t\t\t\t\t\t\t\t\t<div class=\"premium-banner-ib-desc\">\n\t\t\t\t\n\t\t\t\t\t\t\t\t\t<h2 class=\"premium-banner-ib-title premium_banner_title\">\n\t\t\t\t\t\t\u041a\u0432\u0430\u0434\u0440\u0430\u0442\u043d\u0430\u044f \u0431\u0430\u043d\u044f\t\t\t\t\t<\/h2>\n\t\t\t\t\n\t\t\t\t\t\t\t\t\t<div class=\"premium-banner-ib-content premium_banner_content\">\n\t\t\t\t\t\t<p>\u041d\u0430\u0448\u0438 \u043a\u0432\u0430\u0434\u0440\u0430\u0442\u043d\u044b\u0435 \u0432\u0430\u043d\u043d\u044b - \u043a\u0430\u0442\u0430\u043b\u043e\u0433.<\/p>\t\t\t\t\t<\/div>\n\t\t\t\t\n\t\t\t\t\n\t\t\t\t\t\t\t<\/div>\n\t\t\t\t\t\t\t<a href=\"https:\/\/mysauna.lt\/ru\/%d1%81%d0%b0%d1%83%d0%bd%d1%8b-%d0%bd%d0%b0-%d0%bf%d1%80%d0%be%d0%b4%d0%b0%d0%b6%d1%83\/%d0%ba%d0%b2%d0%b0%d0%b4%d1%80%d0%b0%d1%82%d0%bd%d1%8b%d0%b5-%d0%b1%d0%b0%d0%bd%d0%b8-%d0%b1%d0%be%d1%87%d0%ba%d0%b8\/\" class=\"premium-banner-ib-link\"><\/a>\n\t\t\t\t\t<\/div>\n\n\t\t\t\t\t\t<\/div>\n\t\t\t\t<\/div>\n\t\t\t\t<div class=\"elementor-element elementor-element-56d83f5 elementor-widget elementor-widget-premium-addon-banner\" data-id=\"56d83f5\" data-element_type=\"widget\" data-e-type=\"widget\" data-widget_type=\"premium-addon-banner.default\">\n\t\t\t\t<div class=\"elementor-widget-container\">\n\t\t\t\t\t\t\t<div class=\"premium-banner-ib premium-banner-min-height premium-banner-animation1 none premium-banner__effect-type2\">\n\t\t\t\t\t\t\t\t\t\t<img decoding=\"async\" width=\"768\" height=\"576\" src=\"https:\/\/mysauna.lt\/wp-content\/uploads\/2024\/07\/IMG_20240721_182000-768x576.jpg\" class=\"attachment-medium_large size-medium_large wp-image-5189\" alt=\"\u043a\u0430\u0440\u043a\u0430\u0441\u043d\u0430\u044f \u0441\u0430\u0443\u043d\u0430 23\u043c2\" srcset=\"https:\/\/mysauna.lt\/wp-content\/uploads\/2024\/07\/IMG_20240721_182000-768x576.jpg 768w, https:\/\/mysauna.lt\/wp-content\/uploads\/2024\/07\/IMG_20240721_182000-300x225.jpg 300w, https:\/\/mysauna.lt\/wp-content\/uploads\/2024\/07\/IMG_20240721_182000-1024x768.jpg 1024w, https:\/\/mysauna.lt\/wp-content\/uploads\/2024\/07\/IMG_20240721_182000-1536x1152.jpg 1536w, https:\/\/mysauna.lt\/wp-content\/uploads\/2024\/07\/IMG_20240721_182000-2048x1536.jpg 2048w\" sizes=\"(max-width: 768px) 100vw, 768px\" \/>\t\t\t\t\t\t\t\t\t<div class=\"premium-banner-ib-desc\">\n\t\t\t\t\n\t\t\t\t\t\t\t\t\t<h2 class=\"premium-banner-ib-title premium_banner_title\">\n\t\t\t\t\t\t\u041a\u0430\u0440\u043a\u0430\u0441\u043d\u044b\u0435 \u0431\u0430\u043d\u044f\t\t\t\t\t<\/h2>\n\t\t\t\t\n\t\t\t\t\t\t\t\t\t<div class=\"premium-banner-ib-content premium_banner_content\">\n\t\t\t\t\t\t<p>\u041d\u0430\u0448\u0438 \u043a\u0430\u0440\u043a\u0430\u0441\u043d\u044b\u0435 \u0432\u0430\u043d\u043d\u044b - \u043a\u0430\u0442\u0430\u043b\u043e\u0433.<\/p>\t\t\t\t\t<\/div>\n\t\t\t\t\n\t\t\t\t\n\t\t\t\t\t\t\t<\/div>\n\t\t\t\t\t\t\t<a href=\"https:\/\/mysauna.lt\/ru\/%d1%81%d0%b0%d1%83%d0%bd%d1%8b-%d0%bd%d0%b0-%d0%bf%d1%80%d0%be%d0%b4%d0%b0%d0%b6%d1%83\/%d0%bc%d0%be%d0%b1%d0%b8%d0%bb%d1%8c%d0%bd%d0%b0%d1%8f-%d1%81%d0%b0%d1%83%d0%bd%d0%b0-8%d0%bc2\/\" class=\"premium-banner-ib-link\"><\/a>\n\t\t\t\t\t<\/div>\n\n\t\t\t\t\t\t<\/div>\n\t\t\t\t<\/div>\n\t\t\t\t\t<\/div>\n\t\t\t\t<\/div>\n\t\t\t\t<\/div>","protected":false},"excerpt":{"rendered":"<p>Parduodamos pirtys M\u016bs\u0173 parduodamos pirtys &#8211; katalogas Pirtis yra ne tik yra senovin\u0117s tradicijos dalis, bet ir \u0161iuolaikin\u0117s komforto bei gerov\u0117s simbolis. M\u016bs\u0173 si\u016blomos pirtys puikiai tinka tiek asmeniniam, tiek verslo panaudojimui, suteikdamos malonumo ir atpalaidavimo momentus. Norint pabr\u0117\u017eti kliento patogum\u0105, mes taip pat si\u016blome galimyb\u0119 \u012fsigyti pirt\u012f i\u0161simok\u0117tinai, taip suteikiant daugiau finansin\u0117s lankstumo ir pasiekiamumo. Be to, m\u016bs\u0173 pirtis gali b\u016bti pagaminta pagal u\u017esakovo norus, atsi\u017evelgiant \u012f individualius poreikius ir pageidavimus. Tai rei\u0161kia, kad klientas gali pasirinkti ne tik pirties dizain\u0105 ir dyd\u012f, bet ir med\u017eiagas, \u012frenginius bei papildomus funkcionalumus, kurie atitikt\u0173 jo ar jos gyvenimo b\u016bd\u0105 ir poreikius. Pirtys ba\u010dkos kvadratin\u0117s M\u016bs\u0173 gaminamos kvadratin\u0117s pirtys ba\u010dkos &#8211; katalogas. Karkasin\u0117s pirtys M\u016bs\u0173 gaminamos karkasin\u0117s pirtys &#8211; katalogas.<\/p>","protected":false},"author":2,"featured_media":0,"parent":0,"menu_order":0,"comment_status":"closed","ping_status":"closed","template":"","meta":{"site-sidebar-layout":"no-sidebar","site-content-layout":"page-builder","ast-site-content-layout":"full-width-container","site-content-style":"default","site-sidebar-style":"default","ast-global-header-display":"","ast-banner-title-visibility":"","ast-main-header-display":"","ast-hfb-above-header-display":"","ast-hfb-below-header-display":"","ast-hfb-mobile-header-display":"","site-post-title":"disabled","ast-breadcrumbs-content":"","ast-featured-img":"disabled","footer-sml-layout":"","ast-disable-related-posts":"","theme-transparent-header-meta":"","adv-header-id-meta":"","stick-header-meta":"","header-above-stick-meta":"","header-main-stick-meta":"","header-below-stick-meta":"","astra-migrate-meta-layouts":"set","ast-page-background-enabled":"default","ast-page-background-meta":{"desktop":{"background-color":"","background-image":"","background-repeat":"repeat","background-position":"center center","background-size":"auto","background-attachment":"scroll","background-type":"","background-media":"","overlay-type":"","overlay-color":"","overlay-opacity":"","overlay-gradient":""},"tablet":{"background-color":"","background-image":"","background-repeat":"repeat","background-position":"center center","background-size":"auto","background-attachment":"scroll","background-type":"","background-media":"","overlay-type":"","overlay-color":"","overlay-opacity":"","overlay-gradient":""},"mobile":{"background-color":"","background-image":"","background-repeat":"repeat","background-position":"center center","background-size":"auto","background-attachment":"scroll","background-type":"","background-media":"","overlay-type":"","overlay-color":"","overlay-opacity":"","overlay-gradient":""}},"ast-content-background-meta":{"desktop":{"background-color":"var(--ast-global-color-5)","background-image":"","background-repeat":"repeat","background-position":"center center","background-size":"auto","background-attachment":"scroll","background-type":"","background-media":"","overlay-type":"","overlay-color":"","overlay-opacity":"","overlay-gradient":""},"tablet":{"background-color":"var(--ast-global-color-5)","background-image":"","background-repeat":"repeat","background-position":"center center","background-size":"auto","background-attachment":"scroll","background-type":"","background-media":"","overlay-type":"","overlay-color":"","overlay-opacity":"","overlay-gradient":""},"mobile":{"background-color":"var(--ast-global-color-5)","background-image":"","background-repeat":"repeat","background-position":"center center","background-size":"auto","background-attachment":"scroll","background-type":"","background-media":"","overlay-type":"","overlay-color":"","overlay-opacity":"","overlay-gradient":""}},"footnotes":""},"class_list":["post-4819","page","type-page","status-publish","hentry"],"aioseo_notices":[],"_links":{"self":[{"href":"https:\/\/mysauna.lt\/ru\/wp-json\/wp\/v2\/pages\/4819","targetHints":{"allow":["GET"]}}],"collection":[{"href":"https:\/\/mysauna.lt\/ru\/wp-json\/wp\/v2\/pages"}],"about":[{"href":"https:\/\/mysauna.lt\/ru\/wp-json\/wp\/v2\/types\/page"}],"author":[{"embeddable":true,"href":"https:\/\/mysauna.lt\/ru\/wp-json\/wp\/v2\/users\/2"}],"replies":[{"embeddable":true,"href":"https:\/\/mysauna.lt\/ru\/wp-json\/wp\/v2\/comments?post=4819"}],"version-history":[{"count":80,"href":"https:\/\/mysauna.lt\/ru\/wp-json\/wp\/v2\/pages\/4819\/revisions"}],"predecessor-version":[{"id":5951,"href":"https:\/\/mysauna.lt\/ru\/wp-json\/wp\/v2\/pages\/4819\/revisions\/5951"}],"wp:attachment":[{"href":"https:\/\/mysauna.lt\/ru\/wp-json\/wp\/v2\/media?parent=4819"}],"curies":[{"name":"WP","href":"https:\/\/api.w.org\/{rel}","templated":true}]}}