{"id":6326,"date":"2026-01-10T17:24:37","date_gmt":"2026-01-10T17:24:37","guid":{"rendered":"https:\/\/mysauna.lt\/?page_id=6326"},"modified":"2026-01-11T12:35:13","modified_gmt":"2026-01-11T12:35:13","slug":"instalacja-sauny-wewnetrznej-w-rejonie-wilenskim","status":"publish","type":"page","link":"https:\/\/mysauna.lt\/pl\/ukonczone-projekty\/instalacja-sauny-wewnetrznej-w-rejonie-wilenskim\/","title":{"rendered":"instalacja sauny wewn\u0119trznej w rejonie wile\u0144skim"},"content":{"rendered":"<div data-elementor-type=\"wp-page\" data-elementor-id=\"6326\" class=\"elementor elementor-6326\" data-elementor-post-type=\"page\">\n\t\t\t\t\t\t<section class=\"elementor-section elementor-top-section elementor-element elementor-element-50af2a28 elementor-section-full_width elementor-section-height-default elementor-section-height-default wpr-particle-no wpr-jarallax-no wpr-parallax-no wpr-sticky-section-no wpr-equal-height-no\" data-id=\"50af2a28\" data-element_type=\"section\" data-e-type=\"section\" data-settings=\"{&quot;background_background&quot;:&quot;classic&quot;}\">\n\t\t\t\t\t\t\t<div class=\"elementor-background-overlay\"><\/div>\n\t\t\t\t\t\t\t<div class=\"elementor-container elementor-column-gap-default\">\n\t\t\t\t\t<div class=\"elementor-column elementor-col-100 elementor-top-column elementor-element elementor-element-4d52fb1b\" data-id=\"4d52fb1b\" data-element_type=\"column\" data-e-type=\"column\">\n\t\t\t<div class=\"elementor-widget-wrap elementor-element-populated\">\n\t\t\t\t\t\t<div class=\"elementor-element elementor-element-7f011ed elementor-widget-mobile__width-initial elementor-widget elementor-widget-heading\" data-id=\"7f011ed\" data-element_type=\"widget\" data-e-type=\"widget\" data-widget_type=\"heading.default\">\n\t\t\t\t<div class=\"elementor-widget-container\">\n\t\t\t\t\t<h1 class=\"elementor-heading-title elementor-size-default\">Monta\u017c sauny wewn\u0119trznej w dzielnicy wile\u0144skiej<\/h1>\t\t\t\t<\/div>\n\t\t\t\t<\/div>\n\t\t\t\t<div class=\"elementor-element elementor-element-3f020852 elementor-widget-mobile__width-initial elementor-widget elementor-widget-heading\" data-id=\"3f020852\" data-element_type=\"widget\" data-e-type=\"widget\" data-widget_type=\"heading.default\">\n\t\t\t\t<div class=\"elementor-widget-container\">\n\t\t\t\t\t<p class=\"elementor-heading-title elementor-size-default\">Nowoczesna sauna wewn\u0119trzna z piecem elektrycznym i inteligentnym sterowaniem<\/p>\t\t\t\t<\/div>\n\t\t\t\t<\/div>\n\t\t\t\t\t<\/div>\n\t\t<\/div>\n\t\t\t\t\t<\/div>\n\t\t<\/section>\n\t\t<div class=\"elementor-element elementor-element-5a9c6fa e-flex e-con-boxed wpr-particle-no wpr-jarallax-no wpr-parallax-no wpr-sticky-section-no wpr-equal-height-no e-con e-parent\" data-id=\"5a9c6fa\" data-element_type=\"container\" data-e-type=\"container\">\n\t\t\t\t\t<div class=\"e-con-inner\">\n\t\t<div class=\"elementor-element elementor-element-92f7e2e e-con-full e-flex wpr-particle-no wpr-jarallax-no wpr-parallax-no wpr-sticky-section-no wpr-equal-height-no e-con e-child\" data-id=\"92f7e2e\" data-element_type=\"container\" data-e-type=\"container\">\n\t\t\t\t<div class=\"elementor-element elementor-element-59b24db elementor-widget elementor-widget-heading\" data-id=\"59b24db\" data-element_type=\"widget\" data-e-type=\"widget\" data-widget_type=\"heading.default\">\n\t\t\t\t<div class=\"elementor-widget-container\">\n\t\t\t\t\t<h2 class=\"elementor-heading-title elementor-size-default\">Opis projektu<\/h2>\t\t\t\t<\/div>\n\t\t\t\t<\/div>\n\t\t\t\t<div class=\"elementor-element elementor-element-62ce6b5 elementor-widget-divider--view-line elementor-widget elementor-widget-divider\" data-id=\"62ce6b5\" data-element_type=\"widget\" data-e-type=\"widget\" data-widget_type=\"divider.default\">\n\t\t\t\t<div class=\"elementor-widget-container\">\n\t\t\t\t\t\t\t<div class=\"elementor-divider\">\n\t\t\t<span class=\"elementor-divider-separator\">\n\t\t\t\t\t\t<\/span>\n\t\t<\/div>\n\t\t\t\t\t\t<\/div>\n\t\t\t\t<\/div>\n\t\t\t\t<\/div>\n\t\t\t\t\t<\/div>\n\t\t\t\t<\/div>\n\t\t<div class=\"elementor-element elementor-element-b2d1dc8 e-flex e-con-boxed wpr-particle-no wpr-jarallax-no wpr-parallax-no wpr-sticky-section-no wpr-equal-height-no e-con e-parent\" data-id=\"b2d1dc8\" data-element_type=\"container\" data-e-type=\"container\">\n\t\t\t\t\t<div class=\"e-con-inner\">\n\t\t\t\t<div class=\"elementor-element elementor-element-1138628 elementor-widget elementor-widget-text-editor\" data-id=\"1138628\" data-element_type=\"widget\" data-e-type=\"widget\" data-widget_type=\"text-editor.default\">\n\t\t\t\t<div class=\"elementor-widget-container\">\n\t\t\t\t\t\t\t\t\t<p>W ramach tego projektu zainstalowali\u015bmy nowoczesn\u0105 saun\u0119 wewn\u0119trzn\u0105 w dzielnicy wile\u0144skiej, stawiaj\u0105c na komfort, funkcjonalno\u015b\u0107 i nowoczesne rozwi\u0105zania.<\/p><p>\u00a0<\/p><p>Sauna przystosowana jest zar\u00f3wno do wysokich temperatur, jak i wilgotnej atmosfery sauny, co gwarantuje komfortowe i bezpieczne codzienne korzystanie z niej.<\/p>\t\t\t\t\t\t\t\t<\/div>\n\t\t\t\t<\/div>\n\t\t\t\t<div class=\"elementor-element elementor-element-e18b692 gallery-spacing-custom elementor-widget-mobile__width-initial elementor-widget elementor-widget-image-gallery\" data-id=\"e18b692\" data-element_type=\"widget\" data-e-type=\"widget\" data-widget_type=\"image-gallery.default\">\n\t\t\t\t<div class=\"elementor-widget-container\">\n\t\t\t\t\t\t\t<div class=\"elementor-image-gallery\">\n\t\t\t<div id='gallery-1' class='gallery galleryid-6326 gallery-columns-2 gallery-size-medium_large'><figure class='gallery-item'>\n\t\t\t<div class='gallery-icon landscape'>\n\t\t\t\t<a data-elementor-open-lightbox=\"yes\" data-elementor-lightbox-slideshow=\"e18b692\" data-elementor-lightbox-title=\"L formos termo abachi gultai modernioje vidaus pirtyje\" data-elementor-lightbox-description=\"L formos termo abachi gultai modernioje vidaus pirtyje\" data-e-action-hash=\"#elementor-action%3Aaction%3Dlightbox%26settings%3DeyJpZCI6NjM1MywidXJsIjoiaHR0cHM6XC9cL215c2F1bmEubHRcL3dwLWNvbnRlbnRcL3VwbG9hZHNcLzIwMjZcLzAxXC9waG90b18yMDI2LTAxLTEwXzE5LTA0LTUzLTEuanBnIiwic2xpZGVzaG93IjoiZTE4YjY5MiJ9\" href='https:\/\/mysauna.lt\/wp-content\/uploads\/2026\/01\/photo_2026-01-10_19-04-53-1.jpg'><img fetchpriority=\"high\" decoding=\"async\" width=\"768\" height=\"576\" src=\"https:\/\/mysauna.lt\/wp-content\/uploads\/2026\/01\/photo_2026-01-10_19-04-53-1-768x576.jpg\" class=\"attachment-medium_large size-medium_large\" alt=\"Le\u017caki termo-abachi w kszta\u0142cie litery L w nowoczesnej saunie wewn\u0119trznej\" aria-describedby=\"gallery-1-6353\" srcset=\"https:\/\/mysauna.lt\/wp-content\/uploads\/2026\/01\/photo_2026-01-10_19-04-53-1-768x576.jpg 768w, https:\/\/mysauna.lt\/wp-content\/uploads\/2026\/01\/photo_2026-01-10_19-04-53-1-300x225.jpg 300w, https:\/\/mysauna.lt\/wp-content\/uploads\/2026\/01\/photo_2026-01-10_19-04-53-1-1024x768.jpg 1024w, https:\/\/mysauna.lt\/wp-content\/uploads\/2026\/01\/photo_2026-01-10_19-04-53-1-16x12.jpg 16w, https:\/\/mysauna.lt\/wp-content\/uploads\/2026\/01\/photo_2026-01-10_19-04-53-1.jpg 1280w\" sizes=\"(max-width: 768px) 100vw, 768px\" \/><\/a>\n\t\t\t<\/div>\n\t\t\t\t<figcaption class='wp-caption-text gallery-caption' id='gallery-1-6353'>\n\t\t\t\tLe\u017caki termo-abachi w kszta\u0142cie litery L w nowoczesnej saunie wewn\u0119trznej\n\n\t\t\t\t<\/figcaption><\/figure><figure class='gallery-item'>\n\t\t\t<div class='gallery-icon landscape'>\n\t\t\t\t<a data-elementor-open-lightbox=\"yes\" data-elementor-lightbox-slideshow=\"e18b692\" data-elementor-lightbox-title=\"Moderni vidaus pirtis su elektrine krosnimi Vilniaus rajone\" data-elementor-lightbox-description=\"Moderni vidaus pirtis su elektrine krosnimi Vilniaus rajone\" data-e-action-hash=\"#elementor-action%3Aaction%3Dlightbox%26settings%3DeyJpZCI6NjM1NCwidXJsIjoiaHR0cHM6XC9cL215c2F1bmEubHRcL3dwLWNvbnRlbnRcL3VwbG9hZHNcLzIwMjZcLzAxXC9waG90b18yMDI2LTAxLTEwXzE5LTA0LTQ0LmpwZyIsInNsaWRlc2hvdyI6ImUxOGI2OTIifQ%3D%3D\" href='https:\/\/mysauna.lt\/wp-content\/uploads\/2026\/01\/photo_2026-01-10_19-04-44.jpg'><img decoding=\"async\" width=\"768\" height=\"576\" src=\"https:\/\/mysauna.lt\/wp-content\/uploads\/2026\/01\/photo_2026-01-10_19-04-44-768x576.jpg\" class=\"attachment-medium_large size-medium_large\" alt=\"Nowoczesna sauna wewn\u0119trzna z piecem elektrycznym w rejonie wile\u0144skim\" aria-describedby=\"gallery-1-6354\" srcset=\"https:\/\/mysauna.lt\/wp-content\/uploads\/2026\/01\/photo_2026-01-10_19-04-44-768x576.jpg 768w, https:\/\/mysauna.lt\/wp-content\/uploads\/2026\/01\/photo_2026-01-10_19-04-44-300x225.jpg 300w, https:\/\/mysauna.lt\/wp-content\/uploads\/2026\/01\/photo_2026-01-10_19-04-44-1024x768.jpg 1024w, https:\/\/mysauna.lt\/wp-content\/uploads\/2026\/01\/photo_2026-01-10_19-04-44-16x12.jpg 16w, https:\/\/mysauna.lt\/wp-content\/uploads\/2026\/01\/photo_2026-01-10_19-04-44.jpg 1280w\" sizes=\"(max-width: 768px) 100vw, 768px\" \/><\/a>\n\t\t\t<\/div>\n\t\t\t\t<figcaption class='wp-caption-text gallery-caption' id='gallery-1-6354'>\n\t\t\t\tNowoczesna sauna wewn\u0119trzna z piecem elektrycznym w rejonie wile\u0144skim\n\t\t\t\t<\/figcaption><\/figure>\n\t\t<\/div>\n\t\t<\/div>\n\t\t\t\t\t\t<\/div>\n\t\t\t\t<\/div>\n\t\t\t\t\t<\/div>\n\t\t\t\t<\/div>\n\t\t<div class=\"elementor-element elementor-element-eff6839 e-flex e-con-boxed wpr-particle-no wpr-jarallax-no wpr-parallax-no wpr-sticky-section-no wpr-equal-height-no e-con e-parent\" data-id=\"eff6839\" data-element_type=\"container\" data-e-type=\"container\">\n\t\t\t\t\t<div class=\"e-con-inner\">\n\t\t\t\t<div class=\"elementor-element elementor-element-c1b5e9a elementor-widget elementor-widget-heading\" data-id=\"c1b5e9a\" data-element_type=\"widget\" data-e-type=\"widget\" data-widget_type=\"heading.default\">\n\t\t\t\t<div class=\"elementor-widget-container\">\n\t\t\t\t\t<h2 class=\"elementor-heading-title elementor-size-default\">Rozwi\u0105zania techniczne i wyposa\u017cenie<\/h2>\t\t\t\t<\/div>\n\t\t\t\t<\/div>\n\t\t\t\t<div class=\"elementor-element elementor-element-f793780 elementor-widget-divider--view-line elementor-widget elementor-widget-divider\" data-id=\"f793780\" data-element_type=\"widget\" data-e-type=\"widget\" data-widget_type=\"divider.default\">\n\t\t\t\t<div class=\"elementor-widget-container\">\n\t\t\t\t\t\t\t<div class=\"elementor-divider\">\n\t\t\t<span class=\"elementor-divider-separator\">\n\t\t\t\t\t\t<\/span>\n\t\t<\/div>\n\t\t\t\t\t\t<\/div>\n\t\t\t\t<\/div>\n\t\t\t\t<div class=\"elementor-element elementor-element-056dc82 elementor-widget elementor-widget-text-editor\" data-id=\"056dc82\" data-element_type=\"widget\" data-e-type=\"widget\" data-widget_type=\"text-editor.default\">\n\t\t\t\t<div class=\"elementor-widget-container\">\n\t\t\t\t\t\t\t\t\t<ul><li data-start=\"849\" data-end=\"918\"><p data-start=\"851\" data-end=\"918\">Pr\u0105d tr\u00f3jfazowy <strong data-start=\"869\" data-end=\"890\">SAWO Nimbus 12 kW<\/strong> piekarnik ze sterowaniem Wi-Fi<\/p><\/li><li data-start=\"919\" data-end=\"1003\"><p data-start=\"921\" data-end=\"1003\">Dekoracja pieca z <strong data-start=\"942\" data-end=\"964\">80 kg steatytu<\/strong> I <strong data-start=\"968\" data-end=\"1001\">50 kg polerowanych kamieni jadeitu<\/strong><\/p><\/li><li data-start=\"1004\" data-end=\"1058\"><p data-start=\"1006\" data-end=\"1058\"><strong data-start=\"1006\" data-end=\"1025\">Klasa A lipiec<\/strong> dekoracja \u015bcian i sufit\u00f3w z drewna<\/p><\/li><li data-start=\"1059\" data-end=\"1137\"><p data-start=\"1061\" data-end=\"1137\"><strong data-start=\"1061\" data-end=\"1107\">Dwupi\u0119trowe le\u017caki termalne abachi w kszta\u0142cie litery L<\/strong> z rozsuwanym pierwszym pi\u0119trem<\/p><\/li><li data-start=\"1138\" data-end=\"1175\"><p data-start=\"1140\" data-end=\"1175\">Zintegrowany <strong data-start=\"1151\" data-end=\"1173\">wentylacja w piwnicy<\/strong><\/p><\/li><li data-start=\"1176\" data-end=\"1217\"><p data-start=\"1178\" data-end=\"1217\"><strong data-start=\"1178\" data-end=\"1215\">Dekoracja z ja\u0142owca z o\u015bwietleniem LED<\/strong><\/p><\/li><li data-start=\"1279\" data-end=\"1337\"><p data-start=\"1281\" data-end=\"1337\">Specjalnie przystosowane do saun <strong data-start=\"1312\" data-end=\"1335\">G\u0142o\u015bniki Bluetooth<\/strong><\/p><\/li><li data-start=\"1338\" data-end=\"1397\"><p data-start=\"1340\" data-end=\"1397\">Okno otwierane drewniane z podw\u00f3jnymi szybami <strong data-start=\"1383\" data-end=\"1397\">600\u00d7600 mm<\/strong><\/p><\/li><\/ul>\t\t\t\t\t\t\t\t<\/div>\n\t\t\t\t<\/div>\n\t\t\t\t\t<\/div>\n\t\t\t\t<\/div>\n\t\t<div class=\"elementor-element elementor-element-7ef96e9 e-flex e-con-boxed wpr-particle-no wpr-jarallax-no wpr-parallax-no wpr-sticky-section-no wpr-equal-height-no e-con e-parent\" data-id=\"7ef96e9\" data-element_type=\"container\" data-e-type=\"container\">\n\t\t\t\t\t<div class=\"e-con-inner\">\n\t\t\t\t<div class=\"elementor-element elementor-element-d6cd49f elementor-widget elementor-widget-heading\" data-id=\"d6cd49f\" data-element_type=\"widget\" data-e-type=\"widget\" data-widget_type=\"heading.default\">\n\t\t\t\t<div class=\"elementor-widget-container\">\n\t\t\t\t\t<h2 class=\"elementor-heading-title elementor-size-default\">Inteligentne sterowanie i komfort<\/h2>\t\t\t\t<\/div>\n\t\t\t\t<\/div>\n\t\t\t\t<div class=\"elementor-element elementor-element-3bcf272 elementor-widget-divider--view-line elementor-widget elementor-widget-divider\" data-id=\"3bcf272\" data-element_type=\"widget\" data-e-type=\"widget\" data-widget_type=\"divider.default\">\n\t\t\t\t<div class=\"elementor-widget-container\">\n\t\t\t\t\t\t\t<div class=\"elementor-divider\">\n\t\t\t<span class=\"elementor-divider-separator\">\n\t\t\t\t\t\t<\/span>\n\t\t<\/div>\n\t\t\t\t\t\t<\/div>\n\t\t\t\t<\/div>\n\t\t\t\t<div class=\"elementor-element elementor-element-97f6e8c elementor-widget elementor-widget-text-editor\" data-id=\"97f6e8c\" data-element_type=\"widget\" data-e-type=\"widget\" data-widget_type=\"text-editor.default\">\n\t\t\t\t<div class=\"elementor-widget-container\">\n\t\t\t\t\t\t\t\t\t<p data-start=\"1493\" data-end=\"1711\">Zar\u00f3wno piec, jak i o\u015bwietlenie sauny s\u0105 sterowane zdalnie za pomoc\u0105 smartfona. Pozwala to na wcze\u015bniejsze przygotowanie sauny do u\u017cytku i \u0142atw\u0105 regulacj\u0119 mikroklimatu sauny zgodnie z indywidualnymi potrzebami.<\/p>\t\t\t\t\t\t\t\t<\/div>\n\t\t\t\t<\/div>\n\t\t\t\t\t<\/div>\n\t\t\t\t<\/div>\n\t\t<div class=\"elementor-element elementor-element-200065e e-flex e-con-boxed wpr-particle-no wpr-jarallax-no wpr-parallax-no wpr-sticky-section-no wpr-equal-height-no e-con e-parent\" data-id=\"200065e\" data-element_type=\"container\" data-e-type=\"container\">\n\t\t\t\t\t<div class=\"e-con-inner\">\n\t\t\t\t<div class=\"elementor-element elementor-element-233ee3a elementor-widget elementor-widget-heading\" data-id=\"233ee3a\" data-element_type=\"widget\" data-e-type=\"widget\" data-widget_type=\"heading.default\">\n\t\t\t\t<div class=\"elementor-widget-container\">\n\t\t\t\t\t<h2 class=\"elementor-heading-title elementor-size-default\">Czy planujesz podobny projekt?<\/h2>\t\t\t\t<\/div>\n\t\t\t\t<\/div>\n\t\t\t\t<div class=\"elementor-element elementor-element-3239d46 elementor-widget-divider--view-line elementor-widget elementor-widget-divider\" data-id=\"3239d46\" data-element_type=\"widget\" data-e-type=\"widget\" data-widget_type=\"divider.default\">\n\t\t\t\t<div class=\"elementor-widget-container\">\n\t\t\t\t\t\t\t<div class=\"elementor-divider\">\n\t\t\t<span class=\"elementor-divider-separator\">\n\t\t\t\t\t\t<\/span>\n\t\t<\/div>\n\t\t\t\t\t\t<\/div>\n\t\t\t\t<\/div>\n\t\t\t\t<div class=\"elementor-element elementor-element-e3b123e elementor-widget elementor-widget-text-editor\" data-id=\"e3b123e\" data-element_type=\"widget\" data-e-type=\"widget\" data-widget_type=\"text-editor.default\">\n\t\t\t\t<div class=\"elementor-widget-container\">\n\t\t\t\t\t\t\t\t\t<p data-start=\"1800\" data-end=\"1939\">Zajmujemy si\u0119 monta\u017cem saun wewn\u0119trznych w Wilnie i na terenie ca\u0142ej Litwy \u2013 od kompaktowych rozwi\u0105za\u0144 po indywidualne projekty z inteligentnym sterowaniem.<\/p><p data-start=\"1941\" data-end=\"1954\">\u00a0<\/p>\t\t\t\t\t\t\t\t<\/div>\n\t\t\t\t<\/div>\n\t\t<div class=\"elementor-element elementor-element-f4bd767 e-con-full e-flex wpr-particle-no wpr-jarallax-no wpr-parallax-no wpr-sticky-section-no wpr-equal-height-no e-con e-child\" data-id=\"f4bd767\" data-element_type=\"container\" data-e-type=\"container\">\n\t\t\t\t<div class=\"elementor-element elementor-element-34fa2d5 elementor-widget elementor-widget-button\" data-id=\"34fa2d5\" data-element_type=\"widget\" data-e-type=\"widget\" data-widget_type=\"button.default\">\n\t\t\t\t<div class=\"elementor-widget-container\">\n\t\t\t\t\t\t\t\t\t<div class=\"elementor-button-wrapper\">\n\t\t\t\t\t<a class=\"elementor-button elementor-button-link elementor-size-sm\" href=\"tel:+37068383107\">\n\t\t\t\t\t\t<span class=\"elementor-button-content-wrapper\">\n\t\t\t\t\t\t\t\t\t<span class=\"elementor-button-text\">Zadzwo\u0144 w sprawie monta\u017cu sauny<\/span>\n\t\t\t\t\t<\/span>\n\t\t\t\t\t<\/a>\n\t\t\t\t<\/div>\n\t\t\t\t\t\t\t\t<\/div>\n\t\t\t\t<\/div>\n\t\t\t\t<div class=\"elementor-element elementor-element-8d3be27 elementor-widget elementor-widget-button\" data-id=\"8d3be27\" data-element_type=\"widget\" data-e-type=\"widget\" data-widget_type=\"button.default\">\n\t\t\t\t<div class=\"elementor-widget-container\">\n\t\t\t\t\t\t\t\t\t<div class=\"elementor-button-wrapper\">\n\t\t\t\t\t<a class=\"elementor-button elementor-button-link elementor-size-sm\" href=\"https:\/\/mysauna.lt\/pl\/ukonczone-projekty\/\">\n\t\t\t\t\t\t<span class=\"elementor-button-content-wrapper\">\n\t\t\t\t\t\t\t\t\t<span class=\"elementor-button-text\">Zobacz inne uko\u0144czone projekty<\/span>\n\t\t\t\t\t<\/span>\n\t\t\t\t\t<\/a>\n\t\t\t\t<\/div>\n\t\t\t\t\t\t\t\t<\/div>\n\t\t\t\t<\/div>\n\t\t\t\t<\/div>\n\t\t\t\t\t<\/div>\n\t\t\t\t<\/div>\n\t\t\t\t<\/div>","protected":false},"excerpt":{"rendered":"<p>Vidaus pirties \u012frengimas Vilniaus rajone Moderni vidaus pirtis su elektrine krosnimi ir i\u0161maniu valdymu Projekto apra\u0161ymas \u0160iame projekte \u012freng\u0117me moderni\u0105 vidaus pirt\u012f Vilniaus rajone, orientuot\u0105 \u012f komfort\u0105, funkcionalum\u0105 ir \u0161iuolaikinius sprendimus. \u00a0 Pirtis pritaikyta tiek auk\u0161tai temperat\u016brai, tiek dr\u0117gnai pirties atmosferai, u\u017etikrinant patog\u0173 ir saug\u0173 naudojim\u0105 kasdien. L formos termo abachi gultai modernioje vidaus pirtyje Moderni vidaus pirtis su elektrine krosnimi Vilniaus rajone Techniniai sprendimai ir \u012franga Elektrin\u0117 trifaz\u0117 SAWO Nimbus 12 kW krosnel\u0117 su Wi-Fi valdymu Krosnel\u0117s apdaila i\u0161 80 kg muilo akmens ir 50 kg gludinto \u017eadeito akmen\u0173 A klas\u0117s liepos medienos sien\u0173 ir lub\u0173 apdaila L formos dviej\u0173 auk\u0161t\u0173 termo abachi gultai su i\u0161traukiamu pirmu auk\u0161tu Integruota bastu ventiliacija Kadagio apdaila su LED ap\u0161vietimu Specialiai pirtims pritaikytos Bluetooth kolon\u0117l\u0117s Medinis atidaromas langas su stiklo paketu 600\u00d7600 mm I\u0161manus valdymas ir komfortas Tiek pirties krosnis, tiek ap\u0161vietimas valdomi nuotoliniu b\u016bdu i\u0161maniuoju telefonu. Tai leid\u017eia i\u0161 anksto paruo\u0161ti pirt\u012f naudojimui ir lengvai reguliuoti pirties mikroklimat\u0105 pagal individualius poreikius. Planuojate pana\u0161\u0173 projekt\u0105? \u012erengiame vidaus pirtis Vilniuje ir visoje Lietuvoje \u2013 nuo kompakti\u0161k\u0173 sprendim\u0173 iki individuali\u0173 projekt\u0173 su i\u0161maniu valdymu. \u00a0 Skambinti d\u0117l pirties \u012frengimo Per\u017ei\u016br\u0117ti kitus \u012fgyvendintus projektus<\/p>","protected":false},"author":1,"featured_media":0,"parent":6324,"menu_order":0,"comment_status":"closed","ping_status":"closed","template":"","meta":{"site-sidebar-layout":"no-sidebar","site-content-layout":"page-builder","ast-site-content-layout":"full-width-container","site-content-style":"default","site-sidebar-style":"default","ast-global-header-display":"","ast-banner-title-visibility":"","ast-main-header-display":"","ast-hfb-above-header-display":"","ast-hfb-below-header-display":"","ast-hfb-mobile-header-display":"","site-post-title":"disabled","ast-breadcrumbs-content":"","ast-featured-img":"disabled","footer-sml-layout":"","ast-disable-related-posts":"","theme-transparent-header-meta":"","adv-header-id-meta":"","stick-header-meta":"","header-above-stick-meta":"","header-main-stick-meta":"","header-below-stick-meta":"","astra-migrate-meta-layouts":"set","ast-page-background-enabled":"default","ast-page-background-meta":{"desktop":{"background-color":"","background-image":"","background-repeat":"repeat","background-position":"center center","background-size":"auto","background-attachment":"scroll","background-type":"","background-media":"","overlay-type":"","overlay-color":"","overlay-opacity":"","overlay-gradient":""},"tablet":{"background-color":"","background-image":"","background-repeat":"repeat","background-position":"center center","background-size":"auto","background-attachment":"scroll","background-type":"","background-media":"","overlay-type":"","overlay-color":"","overlay-opacity":"","overlay-gradient":""},"mobile":{"background-color":"","background-image":"","background-repeat":"repeat","background-position":"center center","background-size":"auto","background-attachment":"scroll","background-type":"","background-media":"","overlay-type":"","overlay-color":"","overlay-opacity":"","overlay-gradient":""}},"ast-content-background-meta":{"desktop":{"background-color":"var(--ast-global-color-5)","background-image":"","background-repeat":"repeat","background-position":"center center","background-size":"auto","background-attachment":"scroll","background-type":"","background-media":"","overlay-type":"","overlay-color":"","overlay-opacity":"","overlay-gradient":""},"tablet":{"background-color":"var(--ast-global-color-5)","background-image":"","background-repeat":"repeat","background-position":"center center","background-size":"auto","background-attachment":"scroll","background-type":"","background-media":"","overlay-type":"","overlay-color":"","overlay-opacity":"","overlay-gradient":""},"mobile":{"background-color":"var(--ast-global-color-5)","background-image":"","background-repeat":"repeat","background-position":"center center","background-size":"auto","background-attachment":"scroll","background-type":"","background-media":"","overlay-type":"","overlay-color":"","overlay-opacity":"","overlay-gradient":""}},"footnotes":""},"class_list":["post-6326","page","type-page","status-publish","hentry"],"aioseo_notices":[],"_links":{"self":[{"href":"https:\/\/mysauna.lt\/pl\/wp-json\/wp\/v2\/pages\/6326","targetHints":{"allow":["GET"]}}],"collection":[{"href":"https:\/\/mysauna.lt\/pl\/wp-json\/wp\/v2\/pages"}],"about":[{"href":"https:\/\/mysauna.lt\/pl\/wp-json\/wp\/v2\/types\/page"}],"author":[{"embeddable":true,"href":"https:\/\/mysauna.lt\/pl\/wp-json\/wp\/v2\/users\/1"}],"replies":[{"embeddable":true,"href":"https:\/\/mysauna.lt\/pl\/wp-json\/wp\/v2\/comments?post=6326"}],"version-history":[{"count":39,"href":"https:\/\/mysauna.lt\/pl\/wp-json\/wp\/v2\/pages\/6326\/revisions"}],"predecessor-version":[{"id":6535,"href":"https:\/\/mysauna.lt\/pl\/wp-json\/wp\/v2\/pages\/6326\/revisions\/6535"}],"up":[{"embeddable":true,"href":"https:\/\/mysauna.lt\/pl\/wp-json\/wp\/v2\/pages\/6324"}],"wp:attachment":[{"href":"https:\/\/mysauna.lt\/pl\/wp-json\/wp\/v2\/media?parent=6326"}],"curies":[{"name":"wp","href":"https:\/\/api.w.org\/{rel}","templated":true}]}}