{"id":5141,"date":"2024-07-05T11:30:45","date_gmt":"2024-07-05T11:30:45","guid":{"rendered":"https:\/\/mysauna.lt\/?page_id=5141"},"modified":"2024-09-17T18:34:16","modified_gmt":"2024-09-17T18:34:16","slug":"nowoczesne-sauny-na-eksport","status":"publish","type":"page","link":"https:\/\/mysauna.lt\/pl\/nowoczesne-sauny-na-eksport\/","title":{"rendered":"Nowoczesne sauny - Eksport"},"content":{"rendered":"<div data-elementor-type=\"wp-page\" data-elementor-id=\"5141\" class=\"elementor elementor-5141\" data-elementor-post-type=\"page\">\n\t\t\t\t<div class=\"elementor-element elementor-element-2fceaa5 e-con-full e-flex wpr-particle-no wpr-jarallax-no wpr-parallax-no wpr-sticky-section-no wpr-equal-height-no e-con e-parent\" data-id=\"2fceaa5\" data-element_type=\"container\" data-e-type=\"container\">\n\t\t\t\t<div class=\"elementor-element elementor-element-f8b19c1 elementor-widget elementor-widget-heading\" data-id=\"f8b19c1\" data-element_type=\"widget\" data-e-type=\"widget\" data-widget_type=\"heading.default\">\n\t\t\t\t<div class=\"elementor-widget-container\">\n\t\t\t\t\t<h1 class=\"elementor-heading-title elementor-size-default\">Nowoczesne sauny - Eksport<\/h1>\t\t\t\t<\/div>\n\t\t\t\t<\/div>\n\t\t<div class=\"elementor-element elementor-element-5a775a4 e-flex e-con-boxed wpr-particle-no wpr-jarallax-no wpr-parallax-no wpr-sticky-section-no wpr-equal-height-no e-con e-child\" data-id=\"5a775a4\" data-element_type=\"container\" data-e-type=\"container\">\n\t\t\t\t\t<div class=\"e-con-inner\">\n\t\t\t\t<div class=\"elementor-element elementor-element-daaf563 elementor-widget__width-initial elementor-widget elementor-widget-text-editor\" data-id=\"daaf563\" data-element_type=\"widget\" data-e-type=\"widget\" data-widget_type=\"text-editor.default\">\n\t\t\t\t<div class=\"elementor-widget-container\">\n\t\t\t\t\t\t\t\t\t<p>Nowoczesne i wysokiej jako\u015bci sauny, kt\u00f3re eksportujemy do ca\u0142ej Europy. Zaprojektowane z my\u015bl\u0105 o komforcie i relaksie. Rytua\u0142y saunowe staj\u0105 si\u0119 wyj\u0105tkowym relaksuj\u0105cym sposobem na \u017cycie, kt\u00f3ry daje nie tylko fizyczn\u0105, ale tak\u017ce emocjonaln\u0105 przyjemno\u015b\u0107 i rewitalizuje cia\u0142o i dusz\u0119. Dowiedz si\u0119 wi\u0119cej i wybierz swoj\u0105 wymarzon\u0105 saun\u0119 na Mysauna.lt.<\/p>\t\t\t\t\t\t\t\t<\/div>\n\t\t\t\t<\/div>\n\t\t\t\t\t<\/div>\n\t\t\t\t<\/div>\n\t\t\t\t<\/div>\n\t\t<div class=\"elementor-element elementor-element-44d698a e-flex e-con-boxed wpr-particle-no wpr-jarallax-no wpr-parallax-no wpr-sticky-section-no wpr-equal-height-no e-con e-parent\" data-id=\"44d698a\" data-element_type=\"container\" data-e-type=\"container\">\n\t\t\t\t\t<div class=\"e-con-inner\">\n\t\t<div class=\"elementor-element elementor-element-6cc7202 e-con-full e-flex wpr-particle-no wpr-jarallax-no wpr-parallax-no wpr-sticky-section-no wpr-equal-height-no e-con e-child\" data-id=\"6cc7202\" data-element_type=\"container\" data-e-type=\"container\">\n\t\t\t\t<div class=\"elementor-element elementor-element-7bdc5a6 elementor-widget elementor-widget-heading\" data-id=\"7bdc5a6\" data-element_type=\"widget\" data-e-type=\"widget\" data-widget_type=\"heading.default\">\n\t\t\t\t<div class=\"elementor-widget-container\">\n\t\t\t\t\t<h2 class=\"elementor-heading-title elementor-size-default\">O eksporcie wanien ramowych<\/h2>\t\t\t\t<\/div>\n\t\t\t\t<\/div>\n\t\t\t\t<div class=\"elementor-element elementor-element-20ec211 elementor-widget elementor-widget-text-editor\" data-id=\"20ec211\" data-element_type=\"widget\" data-e-type=\"widget\" data-widget_type=\"text-editor.default\">\n\t\t\t\t<div class=\"elementor-widget-container\">\n\t\t\t\t\t\t\t\t\t<ul><li>Produkujemy sauny o maksymalnej szeroko\u015bci 245 cm specjalnie na eksport, dzi\u0119ki czemu mo\u017cna je za\u0142adowa\u0107 do kontenera morskiego lub przyczepy ci\u0119\u017car\u00f3wki. Pozwala to obni\u017cy\u0107 koszty dostawy.<br \/><br \/><\/li><li>U\u017cywamy wy\u0142\u0105cznie wysokiej jako\u015bci materia\u0142\u00f3w, aby zapewni\u0107 trwa\u0142o\u015b\u0107 i wysok\u0105 jako\u015b\u0107 sauny. <a href=\"https:\/\/mysauna.lt\/pl\/jakie-materialy-wybrac-do-budowy-wysokiej-jakosci-drewnianego-domu-szkieletowego\/\">Wi\u0119cej na temat materia\u0142\u00f3w.<\/a><br \/><br \/><\/li><li>Mo\u017cemy wykona\u0107 saun\u0119 zgodnie z Twoimi \u017cyczeniami i potrzebami lub mo\u017cesz wybra\u0107 z naszych istniej\u0105cych przyk\u0142ad\u00f3w.<\/li><\/ul>\t\t\t\t\t\t\t\t<\/div>\n\t\t\t\t<\/div>\n\t\t\t\t<div class=\"elementor-element elementor-element-2936090 elementor-arrows-position-inside elementor-pagination-position-outside elementor-widget elementor-widget-image-carousel\" data-id=\"2936090\" data-element_type=\"widget\" data-e-type=\"widget\" data-settings=\"{&quot;lazyload&quot;:&quot;yes&quot;,&quot;image_spacing_custom&quot;:{&quot;unit&quot;:&quot;px&quot;,&quot;size&quot;:15,&quot;sizes&quot;:[]},&quot;_animation&quot;:&quot;none&quot;,&quot;navigation&quot;:&quot;both&quot;,&quot;autoplay&quot;:&quot;yes&quot;,&quot;pause_on_hover&quot;:&quot;yes&quot;,&quot;pause_on_interaction&quot;:&quot;yes&quot;,&quot;autoplay_speed&quot;:5000,&quot;infinite&quot;:&quot;yes&quot;,&quot;speed&quot;:500,&quot;image_spacing_custom_tablet&quot;:{&quot;unit&quot;:&quot;px&quot;,&quot;size&quot;:&quot;&quot;,&quot;sizes&quot;:[]},&quot;image_spacing_custom_mobile&quot;:{&quot;unit&quot;:&quot;px&quot;,&quot;size&quot;:&quot;&quot;,&quot;sizes&quot;:[]}}\" data-widget_type=\"image-carousel.default\">\n\t\t\t\t<div class=\"elementor-widget-container\">\n\t\t\t\t\t\t\t<div class=\"elementor-image-carousel-wrapper swiper\" role=\"region\" aria-roledescription=\"carousel\" aria-label=\"Karuzela obraz\u00f3w\" dir=\"ltr\">\n\t\t\t<div class=\"elementor-image-carousel swiper-wrapper swiper-image-stretch\" aria-live=\"off\">\n\t\t\t\t\t\t\t\t<div class=\"swiper-slide\" role=\"group\" aria-roledescription=\"slide\" aria-label=\"1 of 4\" data-no-translation-aria-label=\"\"><a data-elementor-open-lightbox=\"yes\" data-elementor-lightbox-slideshow=\"2936090\" data-elementor-lightbox-title=\"eksportas\" data-e-action-hash=\"#elementor-action%3Aaction%3Dlightbox%26settings%3DeyJpZCI6NTE0NSwidXJsIjoiaHR0cHM6XC9cL215c2F1bmEubHRcL3dwLWNvbnRlbnRcL3VwbG9hZHNcLzIwMjRcLzA3XC8xNzIwMTgwNTgyOTAzLmpwZWciLCJzbGlkZXNob3ciOiIyOTM2MDkwIn0%3D\" href=\"https:\/\/mysauna.lt\/wp-content\/uploads\/2024\/07\/1720180582903.jpeg\"><figure class=\"swiper-slide-inner\"><img class=\"swiper-slide-image swiper-lazy\" data-src=\"https:\/\/mysauna.lt\/wp-content\/uploads\/2024\/07\/1720180582903-768x1024.jpeg\" alt=\"Eksport\" \/><div class=\"swiper-lazy-preloader\"><\/div><\/figure><\/a><\/div><div class=\"swiper-slide\" role=\"group\" aria-roledescription=\"slide\" aria-label=\"2 of 4\" data-no-translation-aria-label=\"\"><a data-elementor-open-lightbox=\"yes\" data-elementor-lightbox-slideshow=\"2936090\" data-elementor-lightbox-title=\"moderni pirtis\" data-e-action-hash=\"#elementor-action%3Aaction%3Dlightbox%26settings%3DeyJpZCI6NTE0NiwidXJsIjoiaHR0cHM6XC9cL215c2F1bmEubHRcL3dwLWNvbnRlbnRcL3VwbG9hZHNcLzIwMjRcLzA3XC8xNzIwMTgwNTgyOTA1LmpwZWciLCJzbGlkZXNob3ciOiIyOTM2MDkwIn0%3D\" href=\"https:\/\/mysauna.lt\/wp-content\/uploads\/2024\/07\/1720180582905.jpeg\"><figure class=\"swiper-slide-inner\"><img class=\"swiper-slide-image swiper-lazy\" data-src=\"https:\/\/mysauna.lt\/wp-content\/uploads\/2024\/07\/1720180582905-768x1024.jpeg\" alt=\"nowoczesna sauna\" \/><div class=\"swiper-lazy-preloader\"><\/div><\/figure><\/a><\/div><div class=\"swiper-slide\" role=\"group\" aria-roledescription=\"slide\" aria-label=\"3 of 4\" data-no-translation-aria-label=\"\"><a data-elementor-open-lightbox=\"yes\" data-elementor-lightbox-slideshow=\"2936090\" data-elementor-lightbox-title=\"moderni pirtis\" data-e-action-hash=\"#elementor-action%3Aaction%3Dlightbox%26settings%3DeyJpZCI6NTE0NywidXJsIjoiaHR0cHM6XC9cL215c2F1bmEubHRcL3dwLWNvbnRlbnRcL3VwbG9hZHNcLzIwMjRcLzA3XC8xNzIwMTgwNTgyOTA4LmpwZWciLCJzbGlkZXNob3ciOiIyOTM2MDkwIn0%3D\" href=\"https:\/\/mysauna.lt\/wp-content\/uploads\/2024\/07\/1720180582908.jpeg\"><figure class=\"swiper-slide-inner\"><img class=\"swiper-slide-image swiper-lazy\" data-src=\"https:\/\/mysauna.lt\/wp-content\/uploads\/2024\/07\/1720180582908-768x1024.jpeg\" alt=\"nowoczesna sauna\" \/><div class=\"swiper-lazy-preloader\"><\/div><\/figure><\/a><\/div><div class=\"swiper-slide\" role=\"group\" aria-roledescription=\"slide\" aria-label=\"4 of 4\" data-no-translation-aria-label=\"\"><a data-elementor-open-lightbox=\"yes\" data-elementor-lightbox-slideshow=\"2936090\" data-elementor-lightbox-title=\"eksportas i europa\" data-e-action-hash=\"#elementor-action%3Aaction%3Dlightbox%26settings%3DeyJpZCI6NTE0OCwidXJsIjoiaHR0cHM6XC9cL215c2F1bmEubHRcL3dwLWNvbnRlbnRcL3VwbG9hZHNcLzIwMjRcLzA3XC8xNzIwMTgwNTgyOTExLmpwZWciLCJzbGlkZXNob3ciOiIyOTM2MDkwIn0%3D\" href=\"https:\/\/mysauna.lt\/wp-content\/uploads\/2024\/07\/1720180582911.jpeg\"><figure class=\"swiper-slide-inner\"><img class=\"swiper-slide-image swiper-lazy\" data-src=\"https:\/\/mysauna.lt\/wp-content\/uploads\/2024\/07\/1720180582911-768x1024.jpeg\" alt=\"eksport do europy\" \/><div class=\"swiper-lazy-preloader\"><\/div><\/figure><\/a><\/div>\t\t\t<\/div>\n\t\t\t\t\t\t\t\t\t\t\t\t<div class=\"elementor-swiper-button elementor-swiper-button-prev\" role=\"button\" tabindex=\"0\">\n\t\t\t\t\t\t<svg aria-hidden=\"true\" class=\"e-font-icon-svg e-eicon-chevron-left\" viewbox=\"0 0 1000 1000\" xmlns=\"http:\/\/www.w3.org\/2000\/svg\"><path d=\"M646 125C629 125 613 133 604 142L308 442C296 454 292 471 292 487 292 504 296 521 308 533L604 854C617 867 629 875 646 875 663 875 679 871 692 858 704 846 713 829 713 812 713 796 708 779 692 767L438 487 692 225C700 217 708 204 708 187 708 171 704 154 692 142 675 129 663 125 646 125Z\"><\/path><\/svg>\t\t\t\t\t<\/div>\n\t\t\t\t\t<div class=\"elementor-swiper-button elementor-swiper-button-next\" role=\"button\" tabindex=\"0\">\n\t\t\t\t\t\t<svg aria-hidden=\"true\" class=\"e-font-icon-svg e-eicon-chevron-right\" viewbox=\"0 0 1000 1000\" xmlns=\"http:\/\/www.w3.org\/2000\/svg\"><path d=\"M696 533C708 521 713 504 713 487 713 471 708 454 696 446L400 146C388 133 375 125 354 125 338 125 325 129 313 142 300 154 292 171 292 187 292 204 296 221 308 233L563 492 304 771C292 783 288 800 288 817 288 833 296 850 308 863 321 871 338 875 354 875 371 875 388 867 400 854L696 533Z\"><\/path><\/svg>\t\t\t\t\t<\/div>\n\t\t\t\t\n\t\t\t\t\t\t\t\t\t<div class=\"swiper-pagination\"><\/div>\n\t\t\t\t\t\t\t\t\t<\/div>\n\t\t\t\t\t\t<\/div>\n\t\t\t\t<\/div>\n\t\t\t\t<\/div>\n\t\t<div class=\"elementor-element elementor-element-0779f99 e-con-full e-flex wpr-particle-no wpr-jarallax-no wpr-parallax-no wpr-sticky-section-no wpr-equal-height-no e-con e-child\" data-id=\"0779f99\" data-element_type=\"container\" data-e-type=\"container\">\n\t\t\t\t<div class=\"elementor-element elementor-element-99f87e0 elementor-widget elementor-widget-heading\" data-id=\"99f87e0\" data-element_type=\"widget\" data-e-type=\"widget\" data-widget_type=\"heading.default\">\n\t\t\t\t<div class=\"elementor-widget-container\">\n\t\t\t\t\t<h2 class=\"elementor-heading-title elementor-size-default\">Eksport wanien kwadratowych<\/h2>\t\t\t\t<\/div>\n\t\t\t\t<\/div>\n\t\t\t\t<div class=\"elementor-element elementor-element-49b86ba elementor-widget elementor-widget-text-editor\" data-id=\"49b86ba\" data-element_type=\"widget\" data-e-type=\"widget\" data-widget_type=\"text-editor.default\">\n\t\t\t\t<div class=\"elementor-widget-container\">\n\t\t\t\t\t\t\t\t\t<ul><li>Produkujemy kwadratowe sauny beczkowe specjalnie na eksport, o maksymalnej szeroko\u015bci 245 cm, dzi\u0119ki czemu mo\u017cna je za\u0142adowa\u0107 do kontenera morskiego lub przyczepy ci\u0119\u017car\u00f3wki. Pozwala to obni\u017cy\u0107 koszty dostawy.<br \/><br \/><\/li><li>U\u017cywamy wy\u0142\u0105cznie wysokiej jako\u015bci materia\u0142\u00f3w, aby zapewni\u0107 trwa\u0142o\u015b\u0107 i wysok\u0105 jako\u015b\u0107 sauny.\u00a0<br \/><br \/><\/li><li>Mo\u017cemy wykona\u0107 saun\u0119 zgodnie z Twoimi \u017cyczeniami i potrzebami lub mo\u017cesz wybra\u0107 z naszych istniej\u0105cych przyk\u0142ad\u00f3w.<\/li><\/ul>\t\t\t\t\t\t\t\t<\/div>\n\t\t\t\t<\/div>\n\t\t\t\t<div class=\"elementor-element elementor-element-f02d7c4 elementor-arrows-position-inside elementor-pagination-position-outside elementor-widget elementor-widget-image-carousel\" data-id=\"f02d7c4\" data-element_type=\"widget\" data-e-type=\"widget\" data-settings=\"{&quot;lazyload&quot;:&quot;yes&quot;,&quot;image_spacing_custom&quot;:{&quot;unit&quot;:&quot;px&quot;,&quot;size&quot;:15,&quot;sizes&quot;:[]},&quot;_animation&quot;:&quot;none&quot;,&quot;navigation&quot;:&quot;both&quot;,&quot;autoplay&quot;:&quot;yes&quot;,&quot;pause_on_hover&quot;:&quot;yes&quot;,&quot;pause_on_interaction&quot;:&quot;yes&quot;,&quot;autoplay_speed&quot;:5000,&quot;infinite&quot;:&quot;yes&quot;,&quot;speed&quot;:500,&quot;image_spacing_custom_tablet&quot;:{&quot;unit&quot;:&quot;px&quot;,&quot;size&quot;:&quot;&quot;,&quot;sizes&quot;:[]},&quot;image_spacing_custom_mobile&quot;:{&quot;unit&quot;:&quot;px&quot;,&quot;size&quot;:&quot;&quot;,&quot;sizes&quot;:[]}}\" data-widget_type=\"image-carousel.default\">\n\t\t\t\t<div class=\"elementor-widget-container\">\n\t\t\t\t\t\t\t<div class=\"elementor-image-carousel-wrapper swiper\" role=\"region\" aria-roledescription=\"carousel\" aria-label=\"Karuzela obraz\u00f3w\" dir=\"ltr\">\n\t\t\t<div class=\"elementor-image-carousel swiper-wrapper swiper-image-stretch\" aria-live=\"off\">\n\t\t\t\t\t\t\t\t<div class=\"swiper-slide\" role=\"group\" aria-roledescription=\"slide\" aria-label=\"1 of 2\" data-no-translation-aria-label=\"\"><a data-elementor-open-lightbox=\"yes\" data-elementor-lightbox-slideshow=\"f02d7c4\" data-elementor-lightbox-title=\"eksportas-pirtis-kvadratine-statine-dalimis\" data-elementor-lightbox-description=\"eksportas-pirtis-kvadratine-statine-dalimis\" data-e-action-hash=\"#elementor-action%3Aaction%3Dlightbox%26settings%3DeyJpZCI6NTQ4MSwidXJsIjoiaHR0cHM6XC9cL215c2F1bmEubHRcL3dwLWNvbnRlbnRcL3VwbG9hZHNcLzIwMjRcLzA5XC9la3Nwb3J0YXMtZGFsaW1pcy5qcGciLCJzbGlkZXNob3ciOiJmMDJkN2M0In0%3D\" href=\"https:\/\/mysauna.lt\/wp-content\/uploads\/2024\/09\/eksportas-dalimis.jpg\"><figure class=\"swiper-slide-inner\"><img class=\"swiper-slide-image swiper-lazy\" data-src=\"https:\/\/mysauna.lt\/wp-content\/uploads\/2024\/09\/eksportas-dalimis-1024x768.jpg\" alt=\"export-bathroom-square-building-in-parts\" \/><div class=\"swiper-lazy-preloader\"><\/div><\/figure><\/a><\/div><div class=\"swiper-slide\" role=\"group\" aria-roledescription=\"slide\" aria-label=\"2 of 2\" data-no-translation-aria-label=\"\"><a data-elementor-open-lightbox=\"yes\" data-elementor-lightbox-slideshow=\"f02d7c4\" data-elementor-lightbox-title=\"eksportas-pirtis-kvadratine-statine\" data-elementor-lightbox-description=\"eksportas-pirtis-kvadratine-statine\" data-e-action-hash=\"#elementor-action%3Aaction%3Dlightbox%26settings%3DeyJpZCI6NTQ4MiwidXJsIjoiaHR0cHM6XC9cL215c2F1bmEubHRcL3dwLWNvbnRlbnRcL3VwbG9hZHNcLzIwMjRcLzA5XC9la3Nwb3J0YXMtc3VyaW5rdG9zLmpwZyIsInNsaWRlc2hvdyI6ImYwMmQ3YzQifQ%3D%3D\" href=\"https:\/\/mysauna.lt\/wp-content\/uploads\/2024\/09\/eksportas-surinktos.jpg\"><figure class=\"swiper-slide-inner\"><img class=\"swiper-slide-image swiper-lazy\" data-src=\"https:\/\/mysauna.lt\/wp-content\/uploads\/2024\/09\/eksportas-surinktos-1024x768.jpg\" alt=\"export-bath-square-static\" \/><div class=\"swiper-lazy-preloader\"><\/div><\/figure><\/a><\/div>\t\t\t<\/div>\n\t\t\t\t\t\t\t\t\t\t\t\t<div class=\"elementor-swiper-button elementor-swiper-button-prev\" role=\"button\" tabindex=\"0\">\n\t\t\t\t\t\t<svg aria-hidden=\"true\" class=\"e-font-icon-svg e-eicon-chevron-left\" viewbox=\"0 0 1000 1000\" xmlns=\"http:\/\/www.w3.org\/2000\/svg\"><path d=\"M646 125C629 125 613 133 604 142L308 442C296 454 292 471 292 487 292 504 296 521 308 533L604 854C617 867 629 875 646 875 663 875 679 871 692 858 704 846 713 829 713 812 713 796 708 779 692 767L438 487 692 225C700 217 708 204 708 187 708 171 704 154 692 142 675 129 663 125 646 125Z\"><\/path><\/svg>\t\t\t\t\t<\/div>\n\t\t\t\t\t<div class=\"elementor-swiper-button elementor-swiper-button-next\" role=\"button\" tabindex=\"0\">\n\t\t\t\t\t\t<svg aria-hidden=\"true\" class=\"e-font-icon-svg e-eicon-chevron-right\" viewbox=\"0 0 1000 1000\" xmlns=\"http:\/\/www.w3.org\/2000\/svg\"><path d=\"M696 533C708 521 713 504 713 487 713 471 708 454 696 446L400 146C388 133 375 125 354 125 338 125 325 129 313 142 300 154 292 171 292 187 292 204 296 221 308 233L563 492 304 771C292 783 288 800 288 817 288 833 296 850 308 863 321 871 338 875 354 875 371 875 388 867 400 854L696 533Z\"><\/path><\/svg>\t\t\t\t\t<\/div>\n\t\t\t\t\n\t\t\t\t\t\t\t\t\t<div class=\"swiper-pagination\"><\/div>\n\t\t\t\t\t\t\t\t\t<\/div>\n\t\t\t\t\t\t<\/div>\n\t\t\t\t<\/div>\n\t\t\t\t<\/div>\n\t\t<div class=\"elementor-element elementor-element-c2a5448 e-con-full e-flex wpr-particle-no wpr-jarallax-no wpr-parallax-no wpr-sticky-section-no wpr-equal-height-no e-con e-child\" data-id=\"c2a5448\" data-element_type=\"container\" data-e-type=\"container\">\n\t\t\t\t<div class=\"elementor-element elementor-element-a7964c1 elementor-widget elementor-widget-heading\" data-id=\"a7964c1\" data-element_type=\"widget\" data-e-type=\"widget\" data-widget_type=\"heading.default\">\n\t\t\t\t<div class=\"elementor-widget-container\">\n\t\t\t\t\t<h2 class=\"elementor-heading-title elementor-size-default\">Wype\u0142nij formularz, a wkr\u00f3tce si\u0119 z Tob\u0105 skontaktujemy<\/h2>\t\t\t\t<\/div>\n\t\t\t\t<\/div>\n\t\t\t\t<\/div>\n\t\t\t\t\t<\/div>\n\t\t\t\t<\/div>\n\t\t\t\t<\/div>","protected":false},"excerpt":{"rendered":"<p>Modernios pirtys &#8211; Eksportas Modernios ir kokybi\u0161kos pirtys kurias eksportuojame visoje Europoje. Sukurtos j\u016bs\u0173 patogumui ir poilsiui. Pirties ritualai tampa ypatingu atpalaiduojan\u010diu gyvenimo b\u016bdu, kuris suteikia ne tik fizinius, bet ir emocinius malonumus bei atgaivina k\u016bn\u0105 ir siel\u0105. Su\u017einokite daugiau ir i\u0161sirinkite savo svajoni\u0173 pirt\u012f Mysauna.lt svetain\u0117je. Apie karkasini\u0173 pir\u010di\u0173 eksport\u0105 Specialiai eksportui gaminame pirtis, kuri\u0173 maksimalus plotis yra 245 cm, tod\u0117l galime jas pakrauti \u012f j\u016brinius konteinerius arba sunkve\u017eimio priekab\u0105. Taip taupome pristatymo ka\u0161tus. Pirties gaminimui naudojame tik kokybi\u0161kas med\u017eiagas, tai u\u017etikrina pirties ilgaam\u017ei\u0161kum\u0105 ir auk\u0161t\u0105 kokyb\u0119. Pla\u010diau apie med\u017eiagas. Galime pagaminti pirt\u012f pagal j\u016bs\u0173 norus ir poreikius arba galite rinktis i\u0161 m\u016bs\u0173 jau pagamint\u0173 pavyzd\u017ei\u0173. Kvadratini\u0173 statini\u0173 pir\u010di\u0173 eksportas Specialiai eksportui gaminame kvadratines statines pirtis, kuri\u0173 maksimalus plotis yra iki 245 cm, tod\u0117l galime jas pakrauti \u012f j\u016brinius konteinerius arba sunkve\u017eimio priekab\u0105. Taip taupome pristatymo ka\u0161tus. Pirties gaminimui naudojame tik kokybi\u0161kas med\u017eiagas, tai u\u017etikrina pirties ilgaam\u017ei\u0161kum\u0105 ir auk\u0161t\u0105 kokyb\u0119.\u00a0 Galime pagaminti pirt\u012f pagal j\u016bs\u0173 norus ir poreikius arba galite rinktis i\u0161 m\u016bs\u0173 jau pagamint\u0173 pavyzd\u017ei\u0173. U\u017epildykite form\u0105 ir mes susisieksime artimiausiu metu<\/p>","protected":false},"author":2,"featured_media":0,"parent":0,"menu_order":0,"comment_status":"closed","ping_status":"closed","template":"","meta":{"site-sidebar-layout":"no-sidebar","site-content-layout":"page-builder","ast-site-content-layout":"full-width-container","site-content-style":"default","site-sidebar-style":"default","ast-global-header-display":"","ast-banner-title-visibility":"","ast-main-header-display":"","ast-hfb-above-header-display":"","ast-hfb-below-header-display":"","ast-hfb-mobile-header-display":"","site-post-title":"disabled","ast-breadcrumbs-content":"","ast-featured-img":"disabled","footer-sml-layout":"","ast-disable-related-posts":"","theme-transparent-header-meta":"","adv-header-id-meta":"","stick-header-meta":"","header-above-stick-meta":"","header-main-stick-meta":"","header-below-stick-meta":"","astra-migrate-meta-layouts":"set","ast-page-background-enabled":"default","ast-page-background-meta":{"desktop":{"background-color":"","background-image":"","background-repeat":"repeat","background-position":"center center","background-size":"auto","background-attachment":"scroll","background-type":"","background-media":"","overlay-type":"","overlay-color":"","overlay-opacity":"","overlay-gradient":""},"tablet":{"background-color":"","background-image":"","background-repeat":"repeat","background-position":"center center","background-size":"auto","background-attachment":"scroll","background-type":"","background-media":"","overlay-type":"","overlay-color":"","overlay-opacity":"","overlay-gradient":""},"mobile":{"background-color":"","background-image":"","background-repeat":"repeat","background-position":"center center","background-size":"auto","background-attachment":"scroll","background-type":"","background-media":"","overlay-type":"","overlay-color":"","overlay-opacity":"","overlay-gradient":""}},"ast-content-background-meta":{"desktop":{"background-color":"var(--ast-global-color-5)","background-image":"","background-repeat":"repeat","background-position":"center center","background-size":"auto","background-attachment":"scroll","background-type":"","background-media":"","overlay-type":"","overlay-color":"","overlay-opacity":"","overlay-gradient":""},"tablet":{"background-color":"var(--ast-global-color-5)","background-image":"","background-repeat":"repeat","background-position":"center center","background-size":"auto","background-attachment":"scroll","background-type":"","background-media":"","overlay-type":"","overlay-color":"","overlay-opacity":"","overlay-gradient":""},"mobile":{"background-color":"var(--ast-global-color-5)","background-image":"","background-repeat":"repeat","background-position":"center center","background-size":"auto","background-attachment":"scroll","background-type":"","background-media":"","overlay-type":"","overlay-color":"","overlay-opacity":"","overlay-gradient":""}},"footnotes":""},"class_list":["post-5141","page","type-page","status-publish","hentry"],"aioseo_notices":[],"_links":{"self":[{"href":"https:\/\/mysauna.lt\/pl\/wp-json\/wp\/v2\/pages\/5141","targetHints":{"allow":["GET"]}}],"collection":[{"href":"https:\/\/mysauna.lt\/pl\/wp-json\/wp\/v2\/pages"}],"about":[{"href":"https:\/\/mysauna.lt\/pl\/wp-json\/wp\/v2\/types\/page"}],"author":[{"embeddable":true,"href":"https:\/\/mysauna.lt\/pl\/wp-json\/wp\/v2\/users\/2"}],"replies":[{"embeddable":true,"href":"https:\/\/mysauna.lt\/pl\/wp-json\/wp\/v2\/comments?post=5141"}],"version-history":[{"count":26,"href":"https:\/\/mysauna.lt\/pl\/wp-json\/wp\/v2\/pages\/5141\/revisions"}],"predecessor-version":[{"id":5494,"href":"https:\/\/mysauna.lt\/pl\/wp-json\/wp\/v2\/pages\/5141\/revisions\/5494"}],"wp:attachment":[{"href":"https:\/\/mysauna.lt\/pl\/wp-json\/wp\/v2\/media?parent=5141"}],"curies":[{"name":"wp","href":"https:\/\/api.w.org\/{rel}","templated":true}]}}