{"id":4819,"date":"2024-03-29T13:14:39","date_gmt":"2024-03-29T13:14:39","guid":{"rendered":"https:\/\/mysauna.lt\/?page_id=4819"},"modified":"2025-11-07T05:55:38","modified_gmt":"2025-11-07T05:55:38","slug":"sauny-na-sprzedaz","status":"publish","type":"page","link":"https:\/\/mysauna.lt\/pl\/sauny-na-sprzedaz\/","title":{"rendered":"Sauny na sprzeda\u017c"},"content":{"rendered":"<div data-elementor-type=\"wp-page\" data-elementor-id=\"4819\" class=\"elementor elementor-4819\" data-elementor-post-type=\"page\">\n\t\t\t\t<div class=\"elementor-element elementor-element-108f20a e-flex e-con-boxed wpr-particle-no wpr-jarallax-no wpr-parallax-no wpr-sticky-section-no wpr-equal-height-no e-con e-parent\" data-id=\"108f20a\" data-element_type=\"container\" data-e-type=\"container\">\n\t\t\t\t\t<div class=\"e-con-inner\">\n\t\t<div class=\"elementor-element elementor-element-55f0303 e-flex e-con-boxed wpr-particle-no wpr-jarallax-no wpr-parallax-no wpr-sticky-section-no wpr-equal-height-no e-con e-child\" data-id=\"55f0303\" data-element_type=\"container\" data-e-type=\"container\">\n\t\t\t\t\t<div class=\"e-con-inner\">\n\t\t\t\t<div class=\"elementor-element elementor-element-7c343cc elementor-widget elementor-widget-heading\" data-id=\"7c343cc\" data-element_type=\"widget\" data-e-type=\"widget\" data-widget_type=\"heading.default\">\n\t\t\t\t<div class=\"elementor-widget-container\">\n\t\t\t\t\t<h1 class=\"elementor-heading-title elementor-size-default\">Sauny na sprzeda\u017c<\/h1>\t\t\t\t<\/div>\n\t\t\t\t<\/div>\n\t\t\t\t<div class=\"elementor-element elementor-element-8e3e707 elementor-widget elementor-widget-heading\" data-id=\"8e3e707\" data-element_type=\"widget\" data-e-type=\"widget\" data-widget_type=\"heading.default\">\n\t\t\t\t<div class=\"elementor-widget-container\">\n\t\t\t\t\t<h2 class=\"elementor-heading-title elementor-size-default\">Nasze sauny na sprzeda\u017c - katalog<\/h2>\t\t\t\t<\/div>\n\t\t\t\t<\/div>\n\t\t\t\t<div class=\"elementor-element elementor-element-644f8bc elementor-widget elementor-widget-text-editor\" data-id=\"644f8bc\" data-element_type=\"widget\" data-e-type=\"widget\" data-widget_type=\"text-editor.default\">\n\t\t\t\t<div class=\"elementor-widget-container\">\n\t\t\t\t\t\t\t\t\t<p><a href=\"https:\/\/lt.wikipedia.org\/wiki\/Pirtis\" target=\"_blank\" rel=\"noopener\">Sauna<\/a> to nie tylko cz\u0119\u015b\u0107 staro\u017cytnej tradycji, ale tak\u017ce symbol nowoczesnego komfortu i dobrego samopoczucia. Nasze sauny s\u0105 idealne zar\u00f3wno do u\u017cytku osobistego, jak i biznesowego, zapewniaj\u0105c chwile przyjemno\u015bci i relaksu.<br \/><br \/><\/p><p>Aby podkre\u015bli\u0107 wygod\u0119 klienta, oferujemy r\u00f3wnie\u017c opcj\u0119 zakupu sauny na raty, zapewniaj\u0105c w ten spos\u00f3b wi\u0119ksz\u0105 elastyczno\u015b\u0107 finansow\u0105 i dost\u0119pno\u015b\u0107.<\/p><p>Ponadto, nasza sauna mo\u017ce by\u0107 wykonana na zam\u00f3wienie, aby dopasowa\u0107 j\u0105 do indywidualnych potrzeb i preferencji. Oznacza to, \u017ce klient mo\u017ce wybra\u0107 nie tylko projekt i rozmiar sauny, ale tak\u017ce materia\u0142y, wyposa\u017cenie i dodatkowe funkcje, aby dopasowa\u0107 j\u0105 do swojego stylu \u017cycia i potrzeb.<\/p>\t\t\t\t\t\t\t\t<\/div>\n\t\t\t\t<\/div>\n\t\t\t\t\t<\/div>\n\t\t\t\t<\/div>\n\t\t\t\t\t<\/div>\n\t\t\t\t<\/div>\n\t\t<div class=\"elementor-element elementor-element-3d9cf0a e-flex e-con-boxed wpr-particle-no wpr-jarallax-no wpr-parallax-no wpr-sticky-section-no wpr-equal-height-no e-con e-parent\" data-id=\"3d9cf0a\" data-element_type=\"container\" data-e-type=\"container\">\n\t\t\t\t\t<div class=\"e-con-inner\">\n\t\t\t\t<div class=\"elementor-element elementor-element-f55115a elementor-widget elementor-widget-premium-addon-banner\" data-id=\"f55115a\" data-element_type=\"widget\" data-e-type=\"widget\" data-widget_type=\"premium-addon-banner.default\">\n\t\t\t\t<div class=\"elementor-widget-container\">\n\t\t\t\t\t\t\t<div class=\"premium-banner-ib premium-banner-min-height premium-banner-animation1 none premium-banner__effect-type2\">\n\t\t\t\t\t\t\t\t\t\t<img fetchpriority=\"high\" decoding=\"async\" width=\"768\" height=\"576\" src=\"https:\/\/mysauna.lt\/wp-content\/uploads\/2024\/09\/eksportas-surinktos-768x576.jpg\" class=\"attachment-medium_large size-medium_large wp-image-5482\" alt=\"export-bath-square-static\" srcset=\"https:\/\/mysauna.lt\/wp-content\/uploads\/2024\/09\/eksportas-surinktos-768x576.jpg 768w, https:\/\/mysauna.lt\/wp-content\/uploads\/2024\/09\/eksportas-surinktos-300x225.jpg 300w, https:\/\/mysauna.lt\/wp-content\/uploads\/2024\/09\/eksportas-surinktos-1024x768.jpg 1024w, https:\/\/mysauna.lt\/wp-content\/uploads\/2024\/09\/eksportas-surinktos-1536x1152.jpg 1536w, https:\/\/mysauna.lt\/wp-content\/uploads\/2024\/09\/eksportas-surinktos.jpg 1600w\" sizes=\"(max-width: 768px) 100vw, 768px\" \/>\t\t\t\t\t\t\t\t\t<div class=\"premium-banner-ib-desc\">\n\t\t\t\t\n\t\t\t\t\t\t\t\t\t<h2 class=\"premium-banner-ib-title premium_banner_title\">\n\t\t\t\t\t\tSauny kwadratowe\t\t\t\t\t<\/h2>\n\t\t\t\t\n\t\t\t\t\t\t\t\t\t<div class=\"premium-banner-ib-content premium_banner_content\">\n\t\t\t\t\t\t<p>Nasze kwadratowe sauny - katalog.<\/p>\t\t\t\t\t<\/div>\n\t\t\t\t\n\t\t\t\t\n\t\t\t\t\t\t\t<\/div>\n\t\t\t\t\t\t\t<a href=\"https:\/\/mysauna.lt\/pl\/sauny-na-sprzedaz\/sauny-quadro\/\" class=\"premium-banner-ib-link\"><\/a>\n\t\t\t\t\t<\/div>\n\n\t\t\t\t\t\t<\/div>\n\t\t\t\t<\/div>\n\t\t\t\t<div class=\"elementor-element elementor-element-56d83f5 elementor-widget elementor-widget-premium-addon-banner\" data-id=\"56d83f5\" data-element_type=\"widget\" data-e-type=\"widget\" data-widget_type=\"premium-addon-banner.default\">\n\t\t\t\t<div class=\"elementor-widget-container\">\n\t\t\t\t\t\t\t<div class=\"premium-banner-ib premium-banner-min-height premium-banner-animation1 none premium-banner__effect-type2\">\n\t\t\t\t\t\t\t\t\t\t<img decoding=\"async\" width=\"768\" height=\"576\" src=\"https:\/\/mysauna.lt\/wp-content\/uploads\/2024\/07\/IMG_20240721_182000-768x576.jpg\" class=\"attachment-medium_large size-medium_large wp-image-5189\" alt=\"Sauna ramowa 23m2\" srcset=\"https:\/\/mysauna.lt\/wp-content\/uploads\/2024\/07\/IMG_20240721_182000-768x576.jpg 768w, https:\/\/mysauna.lt\/wp-content\/uploads\/2024\/07\/IMG_20240721_182000-300x225.jpg 300w, https:\/\/mysauna.lt\/wp-content\/uploads\/2024\/07\/IMG_20240721_182000-1024x768.jpg 1024w, https:\/\/mysauna.lt\/wp-content\/uploads\/2024\/07\/IMG_20240721_182000-1536x1152.jpg 1536w, https:\/\/mysauna.lt\/wp-content\/uploads\/2024\/07\/IMG_20240721_182000-2048x1536.jpg 2048w\" sizes=\"(max-width: 768px) 100vw, 768px\" \/>\t\t\t\t\t\t\t\t\t<div class=\"premium-banner-ib-desc\">\n\t\t\t\t\n\t\t\t\t\t\t\t\t\t<h2 class=\"premium-banner-ib-title premium_banner_title\">\n\t\t\t\t\t\tWanny z ramkami\t\t\t\t\t<\/h2>\n\t\t\t\t\n\t\t\t\t\t\t\t\t\t<div class=\"premium-banner-ib-content premium_banner_content\">\n\t\t\t\t\t\t<p>Nasze wanny z ram\u0105 - katalog.<\/p>\t\t\t\t\t<\/div>\n\t\t\t\t\n\t\t\t\t\n\t\t\t\t\t\t\t<\/div>\n\t\t\t\t\t\t\t<a href=\"https:\/\/mysauna.lt\/pl\/sauny-na-sprzedaz\/wanny-z-rama\/\" class=\"premium-banner-ib-link\"><\/a>\n\t\t\t\t\t<\/div>\n\n\t\t\t\t\t\t<\/div>\n\t\t\t\t<\/div>\n\t\t\t\t\t<\/div>\n\t\t\t\t<\/div>\n\t\t\t\t<\/div>","protected":false},"excerpt":{"rendered":"<p>Parduodamos pirtys M\u016bs\u0173 parduodamos pirtys &#8211; katalogas Pirtis yra ne tik yra senovin\u0117s tradicijos dalis, bet ir \u0161iuolaikin\u0117s komforto bei gerov\u0117s simbolis. M\u016bs\u0173 si\u016blomos pirtys puikiai tinka tiek asmeniniam, tiek verslo panaudojimui, suteikdamos malonumo ir atpalaidavimo momentus. Norint pabr\u0117\u017eti kliento patogum\u0105, mes taip pat si\u016blome galimyb\u0119 \u012fsigyti pirt\u012f i\u0161simok\u0117tinai, taip suteikiant daugiau finansin\u0117s lankstumo ir pasiekiamumo. Be to, m\u016bs\u0173 pirtis gali b\u016bti pagaminta pagal u\u017esakovo norus, atsi\u017evelgiant \u012f individualius poreikius ir pageidavimus. Tai rei\u0161kia, kad klientas gali pasirinkti ne tik pirties dizain\u0105 ir dyd\u012f, bet ir med\u017eiagas, \u012frenginius bei papildomus funkcionalumus, kurie atitikt\u0173 jo ar jos gyvenimo b\u016bd\u0105 ir poreikius. Pirtys ba\u010dkos kvadratin\u0117s M\u016bs\u0173 gaminamos kvadratin\u0117s pirtys ba\u010dkos &#8211; katalogas. Karkasin\u0117s pirtys M\u016bs\u0173 gaminamos karkasin\u0117s pirtys &#8211; katalogas.<\/p>","protected":false},"author":2,"featured_media":0,"parent":0,"menu_order":0,"comment_status":"closed","ping_status":"closed","template":"","meta":{"site-sidebar-layout":"no-sidebar","site-content-layout":"page-builder","ast-site-content-layout":"full-width-container","site-content-style":"default","site-sidebar-style":"default","ast-global-header-display":"","ast-banner-title-visibility":"","ast-main-header-display":"","ast-hfb-above-header-display":"","ast-hfb-below-header-display":"","ast-hfb-mobile-header-display":"","site-post-title":"disabled","ast-breadcrumbs-content":"","ast-featured-img":"disabled","footer-sml-layout":"","ast-disable-related-posts":"","theme-transparent-header-meta":"","adv-header-id-meta":"","stick-header-meta":"","header-above-stick-meta":"","header-main-stick-meta":"","header-below-stick-meta":"","astra-migrate-meta-layouts":"set","ast-page-background-enabled":"default","ast-page-background-meta":{"desktop":{"background-color":"","background-image":"","background-repeat":"repeat","background-position":"center center","background-size":"auto","background-attachment":"scroll","background-type":"","background-media":"","overlay-type":"","overlay-color":"","overlay-opacity":"","overlay-gradient":""},"tablet":{"background-color":"","background-image":"","background-repeat":"repeat","background-position":"center center","background-size":"auto","background-attachment":"scroll","background-type":"","background-media":"","overlay-type":"","overlay-color":"","overlay-opacity":"","overlay-gradient":""},"mobile":{"background-color":"","background-image":"","background-repeat":"repeat","background-position":"center center","background-size":"auto","background-attachment":"scroll","background-type":"","background-media":"","overlay-type":"","overlay-color":"","overlay-opacity":"","overlay-gradient":""}},"ast-content-background-meta":{"desktop":{"background-color":"var(--ast-global-color-5)","background-image":"","background-repeat":"repeat","background-position":"center center","background-size":"auto","background-attachment":"scroll","background-type":"","background-media":"","overlay-type":"","overlay-color":"","overlay-opacity":"","overlay-gradient":""},"tablet":{"background-color":"var(--ast-global-color-5)","background-image":"","background-repeat":"repeat","background-position":"center center","background-size":"auto","background-attachment":"scroll","background-type":"","background-media":"","overlay-type":"","overlay-color":"","overlay-opacity":"","overlay-gradient":""},"mobile":{"background-color":"var(--ast-global-color-5)","background-image":"","background-repeat":"repeat","background-position":"center center","background-size":"auto","background-attachment":"scroll","background-type":"","background-media":"","overlay-type":"","overlay-color":"","overlay-opacity":"","overlay-gradient":""}},"footnotes":""},"class_list":["post-4819","page","type-page","status-publish","hentry"],"aioseo_notices":[],"_links":{"self":[{"href":"https:\/\/mysauna.lt\/pl\/wp-json\/wp\/v2\/pages\/4819","targetHints":{"allow":["GET"]}}],"collection":[{"href":"https:\/\/mysauna.lt\/pl\/wp-json\/wp\/v2\/pages"}],"about":[{"href":"https:\/\/mysauna.lt\/pl\/wp-json\/wp\/v2\/types\/page"}],"author":[{"embeddable":true,"href":"https:\/\/mysauna.lt\/pl\/wp-json\/wp\/v2\/users\/2"}],"replies":[{"embeddable":true,"href":"https:\/\/mysauna.lt\/pl\/wp-json\/wp\/v2\/comments?post=4819"}],"version-history":[{"count":80,"href":"https:\/\/mysauna.lt\/pl\/wp-json\/wp\/v2\/pages\/4819\/revisions"}],"predecessor-version":[{"id":5951,"href":"https:\/\/mysauna.lt\/pl\/wp-json\/wp\/v2\/pages\/4819\/revisions\/5951"}],"wp:attachment":[{"href":"https:\/\/mysauna.lt\/pl\/wp-json\/wp\/v2\/media?parent=4819"}],"curies":[{"name":"wp","href":"https:\/\/api.w.org\/{rel}","templated":true}]}}