{"id":4274,"date":"2024-02-20T15:20:17","date_gmt":"2024-02-20T15:20:17","guid":{"rendered":"https:\/\/mysauna.lt\/?page_id=4274"},"modified":"2024-04-24T18:24:14","modified_gmt":"2024-04-24T18:24:14","slug":"sauna-mobilna-18m2","status":"publish","type":"page","link":"https:\/\/mysauna.lt\/pl\/sauna-mobilna-18m2\/","title":{"rendered":"Mobilna sauna stela\u017cowa 300x600cm (18m2)"},"content":{"rendered":"<div data-elementor-type=\"wp-page\" data-elementor-id=\"4274\" class=\"elementor elementor-4274\" data-elementor-post-type=\"page\">\n\t\t\t\t<div class=\"elementor-element elementor-element-63d2a770 e-con-full e-flex wpr-particle-no wpr-jarallax-no wpr-parallax-no wpr-sticky-section-no wpr-equal-height-no e-con e-parent\" data-id=\"63d2a770\" data-element_type=\"container\" data-e-type=\"container\">\n\t\t\t\t<div class=\"elementor-element elementor-element-6ff6bcc9 elementor-widget elementor-widget-heading\" data-id=\"6ff6bcc9\" data-element_type=\"widget\" data-e-type=\"widget\" data-widget_type=\"heading.default\">\n\t\t\t\t<div class=\"elementor-widget-container\">\n\t\t\t\t\t<h1 class=\"elementor-heading-title elementor-size-default\"><span style=\"color: var(--ast-global-color-2);background-color: var(--ast-global-color-4)\">Mobilny <\/span>Sauna ramowa 300cm x 600cm 18m2 <\/h1>\t\t\t\t<\/div>\n\t\t\t\t<\/div>\n\t\t<div class=\"elementor-element elementor-element-5b4a50bb e-flex e-con-boxed wpr-particle-no wpr-jarallax-no wpr-parallax-no wpr-sticky-section-no wpr-equal-height-no e-con e-child\" data-id=\"5b4a50bb\" data-element_type=\"container\" data-e-type=\"container\">\n\t\t\t\t\t<div class=\"e-con-inner\">\n\t\t\t\t<div class=\"elementor-element elementor-element-1be142f elementor-widget elementor-widget-text-editor\" data-id=\"1be142f\" data-element_type=\"widget\" data-e-type=\"widget\" data-widget_type=\"text-editor.default\">\n\t\t\t\t<div class=\"elementor-widget-container\">\n\t\t\t\t\t\t\t\t\t<p style=\"text-align: center;\">Sauna to szczeg\u00f3lne miejsce, w kt\u00f3rym mo\u017cemy uciec od codziennych obowi\u0105zk\u00f3w i zmartwie\u0144.<\/p><p style=\"text-align: center;\">Ciep\u0142o, aromatyczne zapachy i relaksuj\u0105ca atmosfera tworz\u0105 niezapomniane wra\u017cenia. <br \/>To czas dla siebie, w kt\u00f3rym mo\u017cemy si\u0119 zrelaksowa\u0107, zapomnie\u0107 o zmartwieniach i po prostu cieszy\u0107 si\u0119 luksusem ka\u017cdej chwili. <br \/>Rytua\u0142y w saunie staj\u0105 si\u0119 bardzo relaksuj\u0105cym sposobem na \u017cycie, oferuj\u0105c nie tylko fizyczne, ale tak\u017ce emocjonalne przyjemno\u015bci i rewitalizuj\u0105c cia\u0142o i dusz\u0119.<\/p>\t\t\t\t\t\t\t\t<\/div>\n\t\t\t\t<\/div>\n\t\t\t\t\t<\/div>\n\t\t\t\t<\/div>\n\t\t\t\t<\/div>\n\t\t<div class=\"elementor-element elementor-element-9748879 e-flex e-con-boxed wpr-particle-no wpr-jarallax-no wpr-parallax-no wpr-sticky-section-no wpr-equal-height-no e-con e-parent\" data-id=\"9748879\" data-element_type=\"container\" data-e-type=\"container\">\n\t\t\t\t\t<div class=\"e-con-inner\">\n\t\t<div class=\"elementor-element elementor-element-460b0e1 e-con-full e-flex wpr-particle-no wpr-jarallax-no wpr-parallax-no wpr-sticky-section-no wpr-equal-height-no e-con e-child\" data-id=\"460b0e1\" data-element_type=\"container\" data-e-type=\"container\">\n\t\t\t\t<div class=\"elementor-element elementor-element-2a9f8dee elementor-widget elementor-widget-heading\" data-id=\"2a9f8dee\" data-element_type=\"widget\" data-e-type=\"widget\" data-widget_type=\"heading.default\">\n\t\t\t\t<div class=\"elementor-widget-container\">\n\t\t\t\t\t<h3 class=\"elementor-heading-title elementor-size-default\">Sauna, kt\u00f3r\u0105 oferujemy<\/h3>\t\t\t\t<\/div>\n\t\t\t\t<\/div>\n\t\t\t\t<div class=\"elementor-element elementor-element-68466371 elementor-arrows-position-inside elementor-pagination-position-outside elementor-widget elementor-widget-image-carousel\" data-id=\"68466371\" data-element_type=\"widget\" data-e-type=\"widget\" data-settings=\"{&quot;lazyload&quot;:&quot;yes&quot;,&quot;image_spacing_custom&quot;:{&quot;unit&quot;:&quot;px&quot;,&quot;size&quot;:15,&quot;sizes&quot;:[]},&quot;_animation&quot;:&quot;none&quot;,&quot;navigation&quot;:&quot;both&quot;,&quot;autoplay&quot;:&quot;yes&quot;,&quot;pause_on_hover&quot;:&quot;yes&quot;,&quot;pause_on_interaction&quot;:&quot;yes&quot;,&quot;autoplay_speed&quot;:5000,&quot;infinite&quot;:&quot;yes&quot;,&quot;speed&quot;:500,&quot;image_spacing_custom_tablet&quot;:{&quot;unit&quot;:&quot;px&quot;,&quot;size&quot;:&quot;&quot;,&quot;sizes&quot;:[]},&quot;image_spacing_custom_mobile&quot;:{&quot;unit&quot;:&quot;px&quot;,&quot;size&quot;:&quot;&quot;,&quot;sizes&quot;:[]}}\" data-widget_type=\"image-carousel.default\">\n\t\t\t\t<div class=\"elementor-widget-container\">\n\t\t\t\t\t\t\t<div class=\"elementor-image-carousel-wrapper swiper\" role=\"region\" aria-roledescription=\"carousel\" aria-label=\"Karuzela obraz\u00f3w\" dir=\"ltr\">\n\t\t\t<div class=\"elementor-image-carousel swiper-wrapper swiper-image-stretch\" aria-live=\"off\">\n\t\t\t\t\t\t\t\t<div class=\"swiper-slide\" role=\"group\" aria-roledescription=\"slide\" aria-label=\"1 of 9\" data-no-translation-aria-label=\"\"><a data-elementor-open-lightbox=\"yes\" data-elementor-lightbox-slideshow=\"68466371\" data-elementor-lightbox-title=\"Karkasin\u0117 pirtis 18m2\" data-elementor-lightbox-description=\"Karkasin\u0117 pirtis 18m2\" data-e-action-hash=\"#elementor-action%3Aaction%3Dlightbox%26settings%3DeyJpZCI6NDg1OSwidXJsIjoiaHR0cHM6XC9cL215c2F1bmEubHRcL3dwLWNvbnRlbnRcL3VwbG9hZHNcLzIwMjRcLzA0XC9JTUctNmE3YmExZTliNGMyMTkxMmEwMTgwYTE0ZThhNzYwYmYtVi5qcGciLCJzbGlkZXNob3ciOiI2ODQ2NjM3MSJ9\" href=\"https:\/\/mysauna.lt\/wp-content\/uploads\/2024\/04\/IMG-6a7ba1e9b4c21912a0180a14e8a760bf-V.jpg\"><figure class=\"swiper-slide-inner\"><img class=\"swiper-slide-image swiper-lazy\" data-src=\"https:\/\/mysauna.lt\/wp-content\/uploads\/2024\/04\/IMG-6a7ba1e9b4c21912a0180a14e8a760bf-V-768x1024.webp\" alt=\"Sauna w ramie 18m2\" \/><div class=\"swiper-lazy-preloader\"><\/div><\/figure><\/a><\/div><div class=\"swiper-slide\" role=\"group\" aria-roledescription=\"slide\" aria-label=\"2 of 9\" data-no-translation-aria-label=\"\"><a data-elementor-open-lightbox=\"yes\" data-elementor-lightbox-slideshow=\"68466371\" data-elementor-lightbox-title=\"Karkasin\u0117 pirtis 18m2\" data-elementor-lightbox-description=\"Karkasin\u0117 pirtis 18m2\" data-e-action-hash=\"#elementor-action%3Aaction%3Dlightbox%26settings%3DeyJpZCI6NDg2MSwidXJsIjoiaHR0cHM6XC9cL215c2F1bmEubHRcL3dwLWNvbnRlbnRcL3VwbG9hZHNcLzIwMjRcLzA0XC9JTUctMzllNDE1MzYyMzY3ZjAyNzZlZjhjMGRkNWNlNmNhMDItVi5qcGciLCJzbGlkZXNob3ciOiI2ODQ2NjM3MSJ9\" href=\"https:\/\/mysauna.lt\/wp-content\/uploads\/2024\/04\/IMG-39e415362367f0276ef8c0dd5ce6ca02-V.jpg\"><figure class=\"swiper-slide-inner\"><img class=\"swiper-slide-image swiper-lazy\" data-src=\"https:\/\/mysauna.lt\/wp-content\/uploads\/2024\/04\/IMG-39e415362367f0276ef8c0dd5ce6ca02-V-768x1024.webp\" alt=\"Sauna w ramie 18m2\" \/><div class=\"swiper-lazy-preloader\"><\/div><\/figure><\/a><\/div><div class=\"swiper-slide\" role=\"group\" aria-roledescription=\"slide\" aria-label=\"3 of 9\" data-no-translation-aria-label=\"\"><a data-elementor-open-lightbox=\"yes\" data-elementor-lightbox-slideshow=\"68466371\" data-elementor-lightbox-title=\"Karkasin\u0117 pirtis 18m2\" data-elementor-lightbox-description=\"Karkasin\u0117 pirtis 18m2\" data-e-action-hash=\"#elementor-action%3Aaction%3Dlightbox%26settings%3DeyJpZCI6NDg2NCwidXJsIjoiaHR0cHM6XC9cL215c2F1bmEubHRcL3dwLWNvbnRlbnRcL3VwbG9hZHNcLzIwMjRcLzA0XC9JTUctODRkZmI3MDQxODlkZjZhMzMyMjVjZTJlNTc2ZjFlZTQtVi5qcGciLCJzbGlkZXNob3ciOiI2ODQ2NjM3MSJ9\" href=\"https:\/\/mysauna.lt\/wp-content\/uploads\/2024\/04\/IMG-84dfb704189df6a33225ce2e576f1ee4-V.jpg\"><figure class=\"swiper-slide-inner\"><img class=\"swiper-slide-image swiper-lazy\" data-src=\"https:\/\/mysauna.lt\/wp-content\/uploads\/2024\/04\/IMG-84dfb704189df6a33225ce2e576f1ee4-V-768x1024.webp\" alt=\"Sauna w ramie 18m2\" \/><div class=\"swiper-lazy-preloader\"><\/div><\/figure><\/a><\/div><div class=\"swiper-slide\" role=\"group\" aria-roledescription=\"slide\" aria-label=\"4 of 9\" data-no-translation-aria-label=\"\"><a data-elementor-open-lightbox=\"yes\" data-elementor-lightbox-slideshow=\"68466371\" data-elementor-lightbox-title=\"Karkasin\u0117 pirtis 18m2\" data-elementor-lightbox-description=\"Karkasin\u0117 pirtis 18m2\" data-e-action-hash=\"#elementor-action%3Aaction%3Dlightbox%26settings%3DeyJpZCI6NDg2NywidXJsIjoiaHR0cHM6XC9cL215c2F1bmEubHRcL3dwLWNvbnRlbnRcL3VwbG9hZHNcLzIwMjRcLzA0XC9JTUctYTJkODNmMDY2Mzc2NWFjNzliY2NmNGIzYjJlODVhYjktVi5qcGciLCJzbGlkZXNob3ciOiI2ODQ2NjM3MSJ9\" href=\"https:\/\/mysauna.lt\/wp-content\/uploads\/2024\/04\/IMG-a2d83f0663765ac79bccf4b3b2e85ab9-V.jpg\"><figure class=\"swiper-slide-inner\"><img class=\"swiper-slide-image swiper-lazy\" data-src=\"https:\/\/mysauna.lt\/wp-content\/uploads\/2024\/04\/IMG-a2d83f0663765ac79bccf4b3b2e85ab9-V-768x1024.webp\" alt=\"Sauna w ramie 18m2\" \/><div class=\"swiper-lazy-preloader\"><\/div><\/figure><\/a><\/div><div class=\"swiper-slide\" role=\"group\" aria-roledescription=\"slide\" aria-label=\"5 of 9\" data-no-translation-aria-label=\"\"><a data-elementor-open-lightbox=\"yes\" data-elementor-lightbox-slideshow=\"68466371\" data-elementor-lightbox-title=\"Karkasin\u0117 pirtis 18m2\" data-elementor-lightbox-description=\"Karkasin\u0117 pirtis 18m2\" data-e-action-hash=\"#elementor-action%3Aaction%3Dlightbox%26settings%3DeyJpZCI6NDg2NSwidXJsIjoiaHR0cHM6XC9cL215c2F1bmEubHRcL3dwLWNvbnRlbnRcL3VwbG9hZHNcLzIwMjRcLzA0XC9JTUctNjc3ZTUwNmJjZDhlNmRkNTMyODViNDA4N2NjNGExYjQtVi5qcGciLCJzbGlkZXNob3ciOiI2ODQ2NjM3MSJ9\" href=\"https:\/\/mysauna.lt\/wp-content\/uploads\/2024\/04\/IMG-677e506bcd8e6dd53285b4087cc4a1b4-V.jpg\"><figure class=\"swiper-slide-inner\"><img class=\"swiper-slide-image swiper-lazy\" data-src=\"https:\/\/mysauna.lt\/wp-content\/uploads\/2024\/04\/IMG-677e506bcd8e6dd53285b4087cc4a1b4-V-768x1024.webp\" alt=\"Sauna w ramie 18m2\" \/><div class=\"swiper-lazy-preloader\"><\/div><\/figure><\/a><\/div><div class=\"swiper-slide\" role=\"group\" aria-roledescription=\"slide\" aria-label=\"6 of 9\" data-no-translation-aria-label=\"\"><a data-elementor-open-lightbox=\"yes\" data-elementor-lightbox-slideshow=\"68466371\" data-elementor-lightbox-title=\"Karkasin\u0117 pirtis 18m2 vidus\" data-elementor-lightbox-description=\"Karkasin\u0117 pirtis 18m2 vidus\" data-e-action-hash=\"#elementor-action%3Aaction%3Dlightbox%26settings%3DeyJpZCI6NDg2MiwidXJsIjoiaHR0cHM6XC9cL215c2F1bmEubHRcL3dwLWNvbnRlbnRcL3VwbG9hZHNcLzIwMjRcLzA0XC9JTUctMDcyYTM0Njg2OWZhYzgyY2E2Y2Q3MzIxN2VlNTA0NmQtVi1qcGcud2VicCIsInNsaWRlc2hvdyI6IjY4NDY2MzcxIn0%3D\" href=\"https:\/\/mysauna.lt\/wp-content\/uploads\/2024\/04\/IMG-072a346869fac82ca6cd73217ee5046d-V-jpg.webp\"><figure class=\"swiper-slide-inner\"><img class=\"swiper-slide-image swiper-lazy\" data-src=\"https:\/\/mysauna.lt\/wp-content\/uploads\/2024\/04\/IMG-072a346869fac82ca6cd73217ee5046d-V-768x1024.webp\" alt=\"Sauna ramowa 18m2 wewn\u0105trz\" \/><div class=\"swiper-lazy-preloader\"><\/div><\/figure><\/a><\/div><div class=\"swiper-slide\" role=\"group\" aria-roledescription=\"slide\" aria-label=\"7 of 9\" data-no-translation-aria-label=\"\"><a data-elementor-open-lightbox=\"yes\" data-elementor-lightbox-slideshow=\"68466371\" data-elementor-lightbox-title=\"Karkasin\u0117 pirtis 18m2 vidus\" data-elementor-lightbox-description=\"Karkasin\u0117 pirtis 18m2 vidus\" data-e-action-hash=\"#elementor-action%3Aaction%3Dlightbox%26settings%3DeyJpZCI6NDg2MywidXJsIjoiaHR0cHM6XC9cL215c2F1bmEubHRcL3dwLWNvbnRlbnRcL3VwbG9hZHNcLzIwMjRcLzA0XC9JTUctODJhMWU2MGIzYTdkZDEzNDVkZGYxNmIyNTA5YTExM2YtVi1qcGcud2VicCIsInNsaWRlc2hvdyI6IjY4NDY2MzcxIn0%3D\" href=\"https:\/\/mysauna.lt\/wp-content\/uploads\/2024\/04\/IMG-82a1e60b3a7dd1345ddf16b2509a113f-V-jpg.webp\"><figure class=\"swiper-slide-inner\"><img class=\"swiper-slide-image swiper-lazy\" data-src=\"https:\/\/mysauna.lt\/wp-content\/uploads\/2024\/04\/IMG-82a1e60b3a7dd1345ddf16b2509a113f-V-768x1024.webp\" alt=\"Sauna ramowa 18m2 wewn\u0105trz\" \/><div class=\"swiper-lazy-preloader\"><\/div><\/figure><\/a><\/div><div class=\"swiper-slide\" role=\"group\" aria-roledescription=\"slide\" aria-label=\"8 of 9\" data-no-translation-aria-label=\"\"><a data-elementor-open-lightbox=\"yes\" data-elementor-lightbox-slideshow=\"68466371\" data-elementor-lightbox-title=\"Karkasin\u0117 pirtis 18m2 vidus LED\" data-elementor-lightbox-description=\"Karkasin\u0117 pirtis 18m2 vidus LED\" data-e-action-hash=\"#elementor-action%3Aaction%3Dlightbox%26settings%3DeyJpZCI6NDg2NiwidXJsIjoiaHR0cHM6XC9cL215c2F1bmEubHRcL3dwLWNvbnRlbnRcL3VwbG9hZHNcLzIwMjRcLzA0XC9JTUctMzczNjczODdhNDQwYTU0ODcxOTc1NTdkOTk1ZWViMzEtVi1qcGcud2VicCIsInNsaWRlc2hvdyI6IjY4NDY2MzcxIn0%3D\" href=\"https:\/\/mysauna.lt\/wp-content\/uploads\/2024\/04\/IMG-37367387a440a5487197557d995eeb31-V-jpg.webp\"><figure class=\"swiper-slide-inner\"><img class=\"swiper-slide-image swiper-lazy\" data-src=\"https:\/\/mysauna.lt\/wp-content\/uploads\/2024\/04\/IMG-37367387a440a5487197557d995eeb31-V-768x1024.webp\" alt=\"Sauna ramowa 18m2 wn\u0119trze LED\" \/><div class=\"swiper-lazy-preloader\"><\/div><\/figure><\/a><\/div><div class=\"swiper-slide\" role=\"group\" aria-roledescription=\"slide\" aria-label=\"9 of 9\" data-no-translation-aria-label=\"\"><a data-elementor-open-lightbox=\"yes\" data-elementor-lightbox-slideshow=\"68466371\" data-elementor-lightbox-title=\"Karkasin\u0117 pirtis 18m2 vidus LED\" data-elementor-lightbox-description=\"Karkasin\u0117 pirtis 18m2 vidus LED\" data-e-action-hash=\"#elementor-action%3Aaction%3Dlightbox%26settings%3DeyJpZCI6NDg2OCwidXJsIjoiaHR0cHM6XC9cL215c2F1bmEubHRcL3dwLWNvbnRlbnRcL3VwbG9hZHNcLzIwMjRcLzA0XC9JTUctY2RlODU1OGQzMzE3YmRlMWM3ZTIxZTJjOGEwMjRhNmUtVi1qcGcud2VicCIsInNsaWRlc2hvdyI6IjY4NDY2MzcxIn0%3D\" href=\"https:\/\/mysauna.lt\/wp-content\/uploads\/2024\/04\/IMG-cde8558d3317bde1c7e21e2c8a024a6e-V-jpg.webp\"><figure class=\"swiper-slide-inner\"><img class=\"swiper-slide-image swiper-lazy\" data-src=\"https:\/\/mysauna.lt\/wp-content\/uploads\/2024\/04\/IMG-cde8558d3317bde1c7e21e2c8a024a6e-V-768x1024.webp\" alt=\"Sauna ramowa 18m2 wn\u0119trze LED\" \/><div class=\"swiper-lazy-preloader\"><\/div><\/figure><\/a><\/div>\t\t\t<\/div>\n\t\t\t\t\t\t\t\t\t\t\t\t<div class=\"elementor-swiper-button elementor-swiper-button-prev\" role=\"button\" tabindex=\"0\">\n\t\t\t\t\t\t<svg aria-hidden=\"true\" class=\"e-font-icon-svg e-eicon-chevron-left\" viewbox=\"0 0 1000 1000\" xmlns=\"http:\/\/www.w3.org\/2000\/svg\"><path d=\"M646 125C629 125 613 133 604 142L308 442C296 454 292 471 292 487 292 504 296 521 308 533L604 854C617 867 629 875 646 875 663 875 679 871 692 858 704 846 713 829 713 812 713 796 708 779 692 767L438 487 692 225C700 217 708 204 708 187 708 171 704 154 692 142 675 129 663 125 646 125Z\"><\/path><\/svg>\t\t\t\t\t<\/div>\n\t\t\t\t\t<div class=\"elementor-swiper-button elementor-swiper-button-next\" role=\"button\" tabindex=\"0\">\n\t\t\t\t\t\t<svg aria-hidden=\"true\" class=\"e-font-icon-svg e-eicon-chevron-right\" viewbox=\"0 0 1000 1000\" xmlns=\"http:\/\/www.w3.org\/2000\/svg\"><path d=\"M696 533C708 521 713 504 713 487 713 471 708 454 696 446L400 146C388 133 375 125 354 125 338 125 325 129 313 142 300 154 292 171 292 187 292 204 296 221 308 233L563 492 304 771C292 783 288 800 288 817 288 833 296 850 308 863 321 871 338 875 354 875 371 875 388 867 400 854L696 533Z\"><\/path><\/svg>\t\t\t\t\t<\/div>\n\t\t\t\t\n\t\t\t\t\t\t\t\t\t<div class=\"swiper-pagination\"><\/div>\n\t\t\t\t\t\t\t\t\t<\/div>\n\t\t\t\t\t\t<\/div>\n\t\t\t\t<\/div>\n\t\t\t\t<div class=\"elementor-element elementor-element-752fb9e2 elementor-widget elementor-widget-heading\" data-id=\"752fb9e2\" data-element_type=\"widget\" data-e-type=\"widget\" data-widget_type=\"heading.default\">\n\t\t\t\t<div class=\"elementor-widget-container\">\n\t\t\t\t\t<h2 class=\"elementor-heading-title elementor-size-default\">Z czego wykonana jest sauna ramowa<\/h2>\t\t\t\t<\/div>\n\t\t\t\t<\/div>\n\t\t\t\t<div class=\"elementor-element elementor-element-21b52625 elementor-widget elementor-widget-text-editor\" data-id=\"21b52625\" data-element_type=\"widget\" data-e-type=\"widget\" data-widget_type=\"text-editor.default\">\n\t\t\t\t<div class=\"elementor-widget-container\">\n\t\t\t\t\t\t\t\t\t<ul>\n<li>Fasada sauny jest ozdobiona palonym drewnem, kt\u00f3re nie tylko zapewnia ciep\u0142o, ale tak\u017ce niepowtarzalny wygl\u0105d i styl.<\/li>\n<p><br><\/p>\n<li>Front jest wy\u0142o\u017cony bielonymi p\u0142ytkami, kt\u00f3re dodaj\u0105 elegancji i ciep\u0142a od pierwszego kroku.<\/li>\n<p><br><\/p>\n<li>Strefa sauny zosta\u0142a stworzona z wysokiej jako\u015bci lipy, kt\u00f3ra zapewnia przyjemny zapach i atmosfer\u0119.<\/li>\n<p><br><\/p>\n<li>\n        Warstwa izolacyjna mi\u0119dzy \u015bcianami ramy, sk\u0142adaj\u0105ca si\u0119 z 10 cm <a href=\"https:\/\/lt.paroc.com\/\" target=\"_blank\" rel=\"noopener\">Paroc<\/a> ultra-we\u0142na, zapewniaj\u0105ca doskona\u0142y poziom izolacji termicznej.<\/li>\n<p><br><\/p>\n<li>  W przypadku pod\u0142\u00f3g wybieramy pod\u0142ogi winylowe, kt\u00f3re nie tylko wygl\u0105daj\u0105 nowocze\u015bnie, ale s\u0105 r\u00f3wnie\u017c trwa\u0142e i \u0142atwe w utrzymaniu.\n    <\/li>\n<p><br><\/p>\n<li>Sauna ma powierzchni\u0119 18 metr\u00f3w kwadratowych, co zapewnia wystarczaj\u0105co du\u017co miejsca na przyjemny pobyt.<\/li>\n<p><br><\/p>\n<li>\n        O\u015bwietlenie zewn\u0119trzne zapewnia przytuln\u0105 atmosfer\u0119 i sprawia, \u017ce korzystanie z sauny jest komfortowe nawet po zmroku.<\/li>\n<p><br><\/p>\n<li> Ta sauna ramowa \u0142\u0105czy w sobie wysok\u0105 jako\u015b\u0107, elegancj\u0119 i funkcjonalno\u015b\u0107, zapewniaj\u0105c wyj\u0105tkow\u0105 przestrze\u0144 do relaksu.\n    <\/li>\n<\/ul>\t\t\t\t\t\t\t\t<\/div>\n\t\t\t\t<\/div>\n\t\t\t\t<div class=\"elementor-element elementor-element-3dc9f4d elementor-widget elementor-widget-heading\" data-id=\"3dc9f4d\" data-element_type=\"widget\" data-e-type=\"widget\" data-widget_type=\"heading.default\">\n\t\t\t\t<div class=\"elementor-widget-container\">\n\t\t\t\t\t<h2 class=\"elementor-heading-title elementor-size-default\">Cena: 11000 euro<\/h2>\t\t\t\t<\/div>\n\t\t\t\t<\/div>\n\t\t\t\t<div class=\"elementor-element elementor-element-72466bd9 elementor-align-center elementor-widget elementor-widget-button\" data-id=\"72466bd9\" data-element_type=\"widget\" data-e-type=\"widget\" data-widget_type=\"button.default\">\n\t\t\t\t<div class=\"elementor-widget-container\">\n\t\t\t\t\t\t\t\t\t<div class=\"elementor-button-wrapper\">\n\t\t\t\t\t<a class=\"elementor-button elementor-button-link elementor-size-sm\" href=\"tel:%20+3706%2066%2011476\">\n\t\t\t\t\t\t<span class=\"elementor-button-content-wrapper\">\n\t\t\t\t\t\t\t\t\t<span class=\"elementor-button-text\">Zadzwo\u0144 teraz<\/span>\n\t\t\t\t\t<\/span>\n\t\t\t\t\t<\/a>\n\t\t\t\t<\/div>\n\t\t\t\t\t\t\t\t<\/div>\n\t\t\t\t<\/div>\n\t\t\t\t<\/div>\n\t\t<div class=\"elementor-element elementor-element-ec1949c e-con-full e-flex wpr-particle-no wpr-jarallax-no wpr-parallax-no wpr-sticky-section-no wpr-equal-height-no e-con e-child\" data-id=\"ec1949c\" data-element_type=\"container\" data-e-type=\"container\">\n\t\t\t\t<div class=\"elementor-element elementor-element-588659e3 elementor-widget elementor-widget-heading\" data-id=\"588659e3\" data-element_type=\"widget\" data-e-type=\"widget\" data-widget_type=\"heading.default\">\n\t\t\t\t<div class=\"elementor-widget-container\">\n\t\t\t\t\t<h2 class=\"elementor-heading-title elementor-size-default\">Lub wype\u0142nij formularz, a wkr\u00f3tce si\u0119 z Tob\u0105 skontaktujemy<\/h2>\t\t\t\t<\/div>\n\t\t\t\t<\/div>\n\t\t\t\t<\/div>\n\t\t\t\t\t<\/div>\n\t\t\t\t<\/div>\n\t\t\t\t<\/div>","protected":false},"excerpt":{"rendered":"<p>Mobili Karkasin\u0117 pirtis 300cm x 600cm 18m2 Pirtis &#8211; tai ypatinga vieta, kurioje atrandame b\u016bd\u0105 pab\u0117gti nuo kasdienin\u0117s rutinos ir r\u016bpes\u010di\u0173. \u010cia \u0161iluma, aromatin\u0117s kvapnios med\u017eiagos ir atpalaiduojanti atmosfera sukuria nepakartojam\u0105 malonum\u0105. Tai yra laikas skirtas sau, kur galime atsipalaiduoti, pamir\u0161ti apie r\u016bpes\u010dius ir tiesiog m\u0117gautis kiekvieno momento prabanga. Pirties ritualai tampa ypatingu atpalaiduojan\u010diu gyvenimo b\u016bdu, kuris suteikia ne tik fizinius, bet ir emocinius malonumus bei atgaivina k\u016bn\u0105 ir siel\u0105.\u200b M\u016bs\u0173 si\u016bloma pirtis I\u0161 ko pagaminta karkasin\u0117 pirtis Pirties fasadas puo\u0161tas deginta mediena, kuri suteikia ne tik \u0161ilumos, bet ir unikalios i\u0161vaizdos jausm\u0105. Prie\u0161pirtis i\u0161kaltas balintomis dailil\u0117mis, kurios suteikia elegancijos ir \u0161ilum\u0105 jau nuo pirmo \u017eingsnio. Pirties zona sukurtas naudojant kokybi\u0161k\u0105 liep\u0105, kuris suteikia malon\u0173 kvap\u0105 ir atmosfer\u0105. \u0160iltinimo sluoksnis, esantis tarp karkaso sien\u0173, sudarytas i\u0161 10 cm Paroc ultra vatos, u\u017etikrina puik\u0173 \u0161ilumos izoliacijos lyg\u012f. Grind\u0173 dangai renkam\u0117s vinilin\u0119 dang\u0105, kuri ne tik atrodo moderniai, bet ir yra patvari bei lengvai prie\u017ei\u016brima. Pirties dydis &#8211; net 18 kvadratini\u0173 metr\u0173, pakankamai erdv\u0117s maloniam poilsiui. Lauko ap\u0161vietimas suteikia jauki\u0105 atmosfer\u0105 ir patogum\u0105 naudojant pirt\u012f net ir tamsiu paros metu. \u0160i karkasin\u0117 pirtis sujungia auk\u0161t\u0105 kokyb\u0119, elegancij\u0105 ir funkcionalum\u0105, suteikdama jums nepakartojam\u0105 poilsiui skirt\u0105 erdv\u0119. Kaina: 11000\u20ac Skambinkite dabar Arba u\u017epildykite form\u0105 ir mes susisieksime artimiausiu metu<\/p>","protected":false},"author":2,"featured_media":0,"parent":0,"menu_order":0,"comment_status":"closed","ping_status":"closed","template":"","meta":{"site-sidebar-layout":"no-sidebar","site-content-layout":"page-builder","ast-site-content-layout":"full-width-container","site-content-style":"default","site-sidebar-style":"default","ast-global-header-display":"","ast-banner-title-visibility":"","ast-main-header-display":"","ast-hfb-above-header-display":"","ast-hfb-below-header-display":"","ast-hfb-mobile-header-display":"","site-post-title":"disabled","ast-breadcrumbs-content":"","ast-featured-img":"disabled","footer-sml-layout":"","ast-disable-related-posts":"","theme-transparent-header-meta":"","adv-header-id-meta":"","stick-header-meta":"","header-above-stick-meta":"","header-main-stick-meta":"","header-below-stick-meta":"","astra-migrate-meta-layouts":"set","ast-page-background-enabled":"default","ast-page-background-meta":{"desktop":{"background-color":"","background-image":"","background-repeat":"repeat","background-position":"center center","background-size":"auto","background-attachment":"scroll","background-type":"","background-media":"","overlay-type":"","overlay-color":"","overlay-opacity":"","overlay-gradient":""},"tablet":{"background-color":"","background-image":"","background-repeat":"repeat","background-position":"center center","background-size":"auto","background-attachment":"scroll","background-type":"","background-media":"","overlay-type":"","overlay-color":"","overlay-opacity":"","overlay-gradient":""},"mobile":{"background-color":"","background-image":"","background-repeat":"repeat","background-position":"center center","background-size":"auto","background-attachment":"scroll","background-type":"","background-media":"","overlay-type":"","overlay-color":"","overlay-opacity":"","overlay-gradient":""}},"ast-content-background-meta":{"desktop":{"background-color":"var(--ast-global-color-5)","background-image":"","background-repeat":"repeat","background-position":"center center","background-size":"auto","background-attachment":"scroll","background-type":"","background-media":"","overlay-type":"","overlay-color":"","overlay-opacity":"","overlay-gradient":""},"tablet":{"background-color":"var(--ast-global-color-5)","background-image":"","background-repeat":"repeat","background-position":"center center","background-size":"auto","background-attachment":"scroll","background-type":"","background-media":"","overlay-type":"","overlay-color":"","overlay-opacity":"","overlay-gradient":""},"mobile":{"background-color":"var(--ast-global-color-5)","background-image":"","background-repeat":"repeat","background-position":"center center","background-size":"auto","background-attachment":"scroll","background-type":"","background-media":"","overlay-type":"","overlay-color":"","overlay-opacity":"","overlay-gradient":""}},"footnotes":""},"class_list":["post-4274","page","type-page","status-publish","hentry"],"aioseo_notices":[],"_links":{"self":[{"href":"https:\/\/mysauna.lt\/pl\/wp-json\/wp\/v2\/pages\/4274","targetHints":{"allow":["GET"]}}],"collection":[{"href":"https:\/\/mysauna.lt\/pl\/wp-json\/wp\/v2\/pages"}],"about":[{"href":"https:\/\/mysauna.lt\/pl\/wp-json\/wp\/v2\/types\/page"}],"author":[{"embeddable":true,"href":"https:\/\/mysauna.lt\/pl\/wp-json\/wp\/v2\/users\/2"}],"replies":[{"embeddable":true,"href":"https:\/\/mysauna.lt\/pl\/wp-json\/wp\/v2\/comments?post=4274"}],"version-history":[{"count":41,"href":"https:\/\/mysauna.lt\/pl\/wp-json\/wp\/v2\/pages\/4274\/revisions"}],"predecessor-version":[{"id":5130,"href":"https:\/\/mysauna.lt\/pl\/wp-json\/wp\/v2\/pages\/4274\/revisions\/5130"}],"wp:attachment":[{"href":"https:\/\/mysauna.lt\/pl\/wp-json\/wp\/v2\/media?parent=4274"}],"curies":[{"name":"wp","href":"https:\/\/api.w.org\/{rel}","templated":true}]}}