{"id":6324,"date":"2026-01-10T17:23:48","date_gmt":"2026-01-10T17:23:48","guid":{"rendered":"https:\/\/mysauna.lt\/?page_id=6324"},"modified":"2026-01-31T13:15:43","modified_gmt":"2026-01-31T13:15:43","slug":"progetti-completati","status":"publish","type":"page","link":"https:\/\/mysauna.lt\/it\/progetti-completati\/","title":{"rendered":"Progetti installati"},"content":{"rendered":"<div data-elementor-type=\"wp-page\" data-elementor-id=\"6324\" class=\"elementor elementor-6324\" data-elementor-post-type=\"page\">\n\t\t\t\t\t\t<section class=\"elementor-section elementor-top-section elementor-element elementor-element-37126398 elementor-section-full_width elementor-section-height-default elementor-section-height-default wpr-particle-no wpr-jarallax-no wpr-parallax-no wpr-sticky-section-no wpr-equal-height-no\" data-id=\"37126398\" data-element_type=\"section\" data-e-type=\"section\" data-settings=\"{&quot;background_background&quot;:&quot;classic&quot;}\">\n\t\t\t\t\t\t\t<div class=\"elementor-background-overlay\"><\/div>\n\t\t\t\t\t\t\t<div class=\"elementor-container elementor-column-gap-no\">\n\t\t\t\t\t<div class=\"elementor-column elementor-col-100 elementor-top-column elementor-element elementor-element-6f21c5bf\" data-id=\"6f21c5bf\" data-element_type=\"column\" data-e-type=\"column\">\n\t\t\t<div class=\"elementor-widget-wrap elementor-element-populated\">\n\t\t\t\t\t\t<div class=\"elementor-element elementor-element-14522957 elementor-widget-mobile__width-initial elementor-widget elementor-widget-heading\" data-id=\"14522957\" data-element_type=\"widget\" data-e-type=\"widget\" data-widget_type=\"heading.default\">\n\t\t\t\t<div class=\"elementor-widget-container\">\n\t\t\t\t\t<h1 class=\"elementor-heading-title elementor-size-default\">I nostri progetti di installazione di saune realizzati<\/h1>\t\t\t\t<\/div>\n\t\t\t\t<\/div>\n\t\t\t\t<div class=\"elementor-element elementor-element-d32a513 elementor-widget__width-initial elementor-widget-mobile__width-initial elementor-widget elementor-widget-heading\" data-id=\"d32a513\" data-element_type=\"widget\" data-e-type=\"widget\" data-widget_type=\"heading.default\">\n\t\t\t\t<div class=\"elementor-widget-container\">\n\t\t\t\t\t<p class=\"elementor-heading-title elementor-size-default\">Esempi di progetti reali di installazione di saune: dalle soluzioni compatte alle saune moderne per la casa<\/p>\t\t\t\t<\/div>\n\t\t\t\t<\/div>\n\t\t\t\t\t<\/div>\n\t\t<\/div>\n\t\t\t\t\t<\/div>\n\t\t<\/section>\n\t\t<div class=\"elementor-element elementor-element-fb9a6dc e-flex e-con-boxed wpr-particle-no wpr-jarallax-no wpr-parallax-no wpr-sticky-section-no wpr-equal-height-no e-con e-parent\" data-id=\"fb9a6dc\" data-element_type=\"container\" data-e-type=\"container\">\n\t\t\t\t\t<div class=\"e-con-inner\">\n\t\t<div class=\"elementor-element elementor-element-185546c e-con-full e-flex wpr-particle-no wpr-jarallax-no wpr-parallax-no wpr-sticky-section-no wpr-equal-height-no e-con e-child\" data-id=\"185546c\" data-element_type=\"container\" data-e-type=\"container\">\n\t\t<div class=\"elementor-element elementor-element-7c3debe e-con-full e-flex wpr-particle-no wpr-jarallax-no wpr-parallax-no wpr-sticky-section-no wpr-equal-height-no e-con e-child\" data-id=\"7c3debe\" data-element_type=\"container\" data-e-type=\"container\">\n\t\t<div class=\"elementor-element elementor-element-02b0bac e-grid e-con-full wpr-particle-no wpr-jarallax-no wpr-parallax-no wpr-sticky-section-no wpr-equal-height-no e-con e-child\" data-id=\"02b0bac\" data-element_type=\"container\" data-e-type=\"container\">\n\t\t<div class=\"elementor-element elementor-element-4eac426 e-con-full e-flex wpr-particle-no wpr-jarallax-no wpr-parallax-no wpr-sticky-section-no wpr-equal-height-no e-con e-child\" data-id=\"4eac426\" data-element_type=\"container\" data-e-type=\"container\">\n\t\t\t\t<div class=\"elementor-element elementor-element-d030733 elementor-position-top elementor-widget elementor-widget-image-box\" data-id=\"d030733\" data-element_type=\"widget\" data-e-type=\"widget\" data-widget_type=\"image-box.default\">\n\t\t\t\t<div class=\"elementor-widget-container\">\n\t\t\t\t\t<div class=\"elementor-image-box-wrapper\"><figure class=\"elementor-image-box-img\"><img fetchpriority=\"high\" decoding=\"async\" width=\"1280\" height=\"960\" src=\"https:\/\/mysauna.lt\/wp-content\/uploads\/2026\/01\/photo_2026-01-31_09-39-26.jpg\" class=\"attachment-full size-full wp-image-6501\" alt=\"Illuminazione a LED nel soffitto della sauna\" srcset=\"https:\/\/mysauna.lt\/wp-content\/uploads\/2026\/01\/photo_2026-01-31_09-39-26.jpg 1280w, https:\/\/mysauna.lt\/wp-content\/uploads\/2026\/01\/photo_2026-01-31_09-39-26-300x225.jpg 300w, https:\/\/mysauna.lt\/wp-content\/uploads\/2026\/01\/photo_2026-01-31_09-39-26-1024x768.jpg 1024w, https:\/\/mysauna.lt\/wp-content\/uploads\/2026\/01\/photo_2026-01-31_09-39-26-768x576.jpg 768w, https:\/\/mysauna.lt\/wp-content\/uploads\/2026\/01\/photo_2026-01-31_09-39-26-16x12.jpg 16w\" sizes=\"(max-width: 1280px) 100vw, 1280px\" \/><\/figure><div class=\"elementor-image-box-content\"><h2 class=\"elementor-image-box-title\">Installazione di una sauna interna nel quartiere Vilkavi\u0161kis<\/h2><p class=\"elementor-image-box-description\">Nel quartiere Vilkavi\u0161kis \u00e8 stata installata una lussuosa sauna interna con letto inferiore scorrevole e illuminazione a LED\n\n<\/p><\/div><\/div>\t\t\t\t<\/div>\n\t\t\t\t<\/div>\n\t\t\t\t<div class=\"elementor-element elementor-element-3ba0b94 premium-lq__none elementor-widget elementor-widget-premium-addon-button\" data-id=\"3ba0b94\" data-element_type=\"widget\" data-e-type=\"widget\" data-widget_type=\"premium-addon-button.default\">\n\t\t\t\t<div class=\"elementor-widget-container\">\n\t\t\t\t\t\n\n\t\t<a class=\"premium-button premium-button-none premium-btn-sm premium-button-none\" href=\"https:\/\/mysauna.lt\/it\/progetti-completati\/installazione-di-una-sauna-interna-nel-quartiere-di-vilkaviskis\/\">\n\t\t\t<div class=\"premium-button-text-icon-wrapper\">\n\t\t\t\t\n\t\t\t\t\t\t\t\t\t<span >\n\t\t\t\t\t\tVisualizza progetto\t\t\t\t\t<\/span>\n\t\t\t\t\t\t\t<\/div>\n\n\t\t\t\n\t\t\t\n\t\t\t\n\t\t<\/a>\n\n\n\t\t\t\t\t\t<\/div>\n\t\t\t\t<\/div>\n\t\t\t\t<\/div>\n\t\t<div class=\"elementor-element elementor-element-933f1f6 e-con-full e-flex wpr-particle-no wpr-jarallax-no wpr-parallax-no wpr-sticky-section-no wpr-equal-height-no e-con e-child\" data-id=\"933f1f6\" data-element_type=\"container\" data-e-type=\"container\">\n\t\t\t\t<div class=\"elementor-element elementor-element-6bc3f44 elementor-position-top elementor-widget elementor-widget-image-box\" data-id=\"6bc3f44\" data-element_type=\"widget\" data-e-type=\"widget\" data-widget_type=\"image-box.default\">\n\t\t\t\t<div class=\"elementor-widget-container\">\n\t\t\t\t\t<div class=\"elementor-image-box-wrapper\"><figure class=\"elementor-image-box-img\"><img decoding=\"async\" width=\"1280\" height=\"960\" src=\"https:\/\/mysauna.lt\/wp-content\/uploads\/2026\/01\/photo_2026-01-10_08-48-06.jpg\" class=\"attachment-full size-full wp-image-6322\" alt=\"installazione sauna\" srcset=\"https:\/\/mysauna.lt\/wp-content\/uploads\/2026\/01\/photo_2026-01-10_08-48-06.jpg 1280w, https:\/\/mysauna.lt\/wp-content\/uploads\/2026\/01\/photo_2026-01-10_08-48-06-300x225.jpg 300w, https:\/\/mysauna.lt\/wp-content\/uploads\/2026\/01\/photo_2026-01-10_08-48-06-1024x768.jpg 1024w, https:\/\/mysauna.lt\/wp-content\/uploads\/2026\/01\/photo_2026-01-10_08-48-06-768x576.jpg 768w, https:\/\/mysauna.lt\/wp-content\/uploads\/2026\/01\/photo_2026-01-10_08-48-06-16x12.jpg 16w\" sizes=\"(max-width: 1280px) 100vw, 1280px\" \/><\/figure><div class=\"elementor-image-box-content\"><h2 class=\"elementor-image-box-title\">Installazione di una sauna interna nel quartiere \u0160irvintos<\/h2><p class=\"elementor-image-box-description\">In questo progetto abbiamo installato una piccola ma funzionale sauna interna nel quartiere \u0160irvintos.<\/p><\/div><\/div>\t\t\t\t<\/div>\n\t\t\t\t<\/div>\n\t\t\t\t<div class=\"elementor-element elementor-element-aed84c9 premium-lq__none elementor-widget elementor-widget-premium-addon-button\" data-id=\"aed84c9\" data-element_type=\"widget\" data-e-type=\"widget\" data-widget_type=\"premium-addon-button.default\">\n\t\t\t\t<div class=\"elementor-widget-container\">\n\t\t\t\t\t\n\n\t\t<a class=\"premium-button premium-button-none premium-btn-sm premium-button-none\" href=\"https:\/\/mysauna.lt\/it\/progetti-completati\/installazione-di-sauna-interna-nel-quartiere-sirvintu\/\">\n\t\t\t<div class=\"premium-button-text-icon-wrapper\">\n\t\t\t\t\n\t\t\t\t\t\t\t\t\t<span >\n\t\t\t\t\t\tVisualizza progetto\t\t\t\t\t<\/span>\n\t\t\t\t\t\t\t<\/div>\n\n\t\t\t\n\t\t\t\n\t\t\t\n\t\t<\/a>\n\n\n\t\t\t\t\t\t<\/div>\n\t\t\t\t<\/div>\n\t\t\t\t<\/div>\n\t\t<div class=\"elementor-element elementor-element-4787ef5 e-con-full e-flex wpr-particle-no wpr-jarallax-no wpr-parallax-no wpr-sticky-section-no wpr-equal-height-no e-con e-child\" data-id=\"4787ef5\" data-element_type=\"container\" data-e-type=\"container\">\n\t\t\t\t<div class=\"elementor-element elementor-element-438b467 elementor-position-top elementor-widget elementor-widget-image-box\" data-id=\"438b467\" data-element_type=\"widget\" data-e-type=\"widget\" data-widget_type=\"image-box.default\">\n\t\t\t\t<div class=\"elementor-widget-container\">\n\t\t\t\t\t<div class=\"elementor-image-box-wrapper\"><figure class=\"elementor-image-box-img\"><img decoding=\"async\" width=\"1024\" height=\"768\" src=\"https:\/\/mysauna.lt\/wp-content\/uploads\/2026\/01\/photo_2026-01-10_19-04-53-1024x768.jpg\" class=\"attachment-large size-large wp-image-6323\" alt=\"installazione di sauna nel distretto di Vilnius\" srcset=\"https:\/\/mysauna.lt\/wp-content\/uploads\/2026\/01\/photo_2026-01-10_19-04-53-1024x768.jpg 1024w, https:\/\/mysauna.lt\/wp-content\/uploads\/2026\/01\/photo_2026-01-10_19-04-53-300x225.jpg 300w, https:\/\/mysauna.lt\/wp-content\/uploads\/2026\/01\/photo_2026-01-10_19-04-53-768x576.jpg 768w, https:\/\/mysauna.lt\/wp-content\/uploads\/2026\/01\/photo_2026-01-10_19-04-53-16x12.jpg 16w, https:\/\/mysauna.lt\/wp-content\/uploads\/2026\/01\/photo_2026-01-10_19-04-53.jpg 1280w\" sizes=\"(max-width: 1024px) 100vw, 1024px\" \/><\/figure><div class=\"elementor-image-box-content\"><h2 class=\"elementor-image-box-title\">Installazione di una sauna interna nel quartiere di Vilnius<\/h2><p class=\"elementor-image-box-description\">Questo progetto prevede una moderna sauna interna nel quartiere di Vilnius, incentrata su comfort e funzionalit\u00e0.<\/p><\/div><\/div>\t\t\t\t<\/div>\n\t\t\t\t<\/div>\n\t\t\t\t<div class=\"elementor-element elementor-element-82def10 premium-lq__none elementor-widget elementor-widget-premium-addon-button\" data-id=\"82def10\" data-element_type=\"widget\" data-e-type=\"widget\" data-widget_type=\"premium-addon-button.default\">\n\t\t\t\t<div class=\"elementor-widget-container\">\n\t\t\t\t\t\n\n\t\t<a class=\"premium-button premium-button-none premium-btn-sm premium-button-none\" href=\"https:\/\/mysauna.lt\/de\/abgeschlossene-projekte\/installation-einer-indoor-sauna-im-bezirk-vilnius\/\">\n\t\t\t<div class=\"premium-button-text-icon-wrapper\">\n\t\t\t\t\n\t\t\t\t\t\t\t\t\t<span >\n\t\t\t\t\t\tVisualizza progetto\t\t\t\t\t<\/span>\n\t\t\t\t\t\t\t<\/div>\n\n\t\t\t\n\t\t\t\n\t\t\t\n\t\t<\/a>\n\n\n\t\t\t\t\t\t<\/div>\n\t\t\t\t<\/div>\n\t\t\t\t<\/div>\n\t\t\t\t<\/div>\n\t\t\t\t<\/div>\n\t\t\t\t<div class=\"elementor-element elementor-element-105503a elementor-align-center elementor-widget-mobile__width-initial elementor-widget elementor-widget-button\" data-id=\"105503a\" data-element_type=\"widget\" data-e-type=\"widget\" data-widget_type=\"button.default\">\n\t\t\t\t<div class=\"elementor-widget-container\">\n\t\t\t\t\t\t\t\t\t<div class=\"elementor-button-wrapper\">\n\t\t\t\t\t<a class=\"elementor-button elementor-button-link elementor-size-sm\" href=\"tel:+37068383107\">\n\t\t\t\t\t\t<span class=\"elementor-button-content-wrapper\">\n\t\t\t\t\t\t\t\t\t<span class=\"elementor-button-text\">Richiedi l&#039;installazione della sauna<\/span>\n\t\t\t\t\t<\/span>\n\t\t\t\t\t<\/a>\n\t\t\t\t<\/div>\n\t\t\t\t\t\t\t\t<\/div>\n\t\t\t\t<\/div>\n\t\t\t\t<div class=\"elementor-element elementor-element-7289e13 elementor-widget-mobile__width-initial premium-lq__none elementor-widget elementor-widget-premium-addon-button\" data-id=\"7289e13\" data-element_type=\"widget\" data-e-type=\"widget\" data-widget_type=\"premium-addon-button.default\">\n\t\t\t\t<div class=\"elementor-widget-container\">\n\t\t\t\t\t\n\n\t\t<a class=\"premium-button premium-button-none premium-btn-sm premium-button-none\" href=\"https:\/\/mysauna.lt\/de\/pirties-irengimas-vilniuje\/\">\n\t\t\t<div class=\"premium-button-text-icon-wrapper\">\n\t\t\t\t\n\t\t\t\t\t\t\t\t\t<span >\n\t\t\t\t\t\tMaggiori informazioni sui nostri servizi di installazione di saune\t\t\t\t\t<\/span>\n\t\t\t\t\t\t\t<\/div>\n\n\t\t\t\n\t\t\t\n\t\t\t\n\t\t<\/a>\n\n\n\t\t\t\t\t\t<\/div>\n\t\t\t\t<\/div>\n\t\t\t\t<\/div>\n\t\t\t\t\t<\/div>\n\t\t\t\t<\/div>\n\t\t\t\t<\/div>","protected":false},"excerpt":{"rendered":"<p>M\u016bs\u0173 \u012fgyvendinti pirties \u012frengimo projektai Reali\u0173 pirties \u012frengimo projekt\u0173 pavyzd\u017eiai \u2013 nuo kompakti\u0161k\u0173 sprendim\u0173 iki moderni\u0173 pir\u010di\u0173 namuose Vidaus pirties \u012frengimas Vilkavi\u0161kio rajone Vilkavi\u0161kio rajone \u012frengta prabangi, vidaus pirtis su slankiojan\u010diu apatiniu gultu ir LED ap\u0161vietimu \u017di\u016br\u0117ti projekt\u0105 Vidaus pirties \u012frengimas \u0160irvint\u0173 rajone \u0160iame projekte \u012freng\u0117me nedidel\u0119, ta\u010diau funkcionali\u0105 vidaus pirt\u012f \u0160irvint\u0173 rajone. \u017di\u016br\u0117ti projekt\u0105 Vidaus pirties \u012frengimas Vilniaus rajone \u0160iame projekte \u012frengta moderni vidaus pirtis Vilniaus rajone, orientuota \u012f komfort\u0105, funkcionalum\u0105 \u017di\u016br\u0117ti projekt\u0105 Skambinti d\u0117l pirties \u012frengimo Daugiau informacijos apie m\u016bs\u0173 teikiamas pirties \u012frengimo paslaugas<\/p>","protected":false},"author":1,"featured_media":0,"parent":0,"menu_order":0,"comment_status":"closed","ping_status":"closed","template":"","meta":{"site-sidebar-layout":"no-sidebar","site-content-layout":"page-builder","ast-site-content-layout":"full-width-container","site-content-style":"default","site-sidebar-style":"default","ast-global-header-display":"","ast-banner-title-visibility":"","ast-main-header-display":"","ast-hfb-above-header-display":"","ast-hfb-below-header-display":"","ast-hfb-mobile-header-display":"","site-post-title":"disabled","ast-breadcrumbs-content":"","ast-featured-img":"disabled","footer-sml-layout":"","ast-disable-related-posts":"","theme-transparent-header-meta":"","adv-header-id-meta":"","stick-header-meta":"","header-above-stick-meta":"","header-main-stick-meta":"","header-below-stick-meta":"","astra-migrate-meta-layouts":"set","ast-page-background-enabled":"default","ast-page-background-meta":{"desktop":{"background-color":"","background-image":"","background-repeat":"repeat","background-position":"center center","background-size":"auto","background-attachment":"scroll","background-type":"","background-media":"","overlay-type":"","overlay-color":"","overlay-opacity":"","overlay-gradient":""},"tablet":{"background-color":"","background-image":"","background-repeat":"repeat","background-position":"center center","background-size":"auto","background-attachment":"scroll","background-type":"","background-media":"","overlay-type":"","overlay-color":"","overlay-opacity":"","overlay-gradient":""},"mobile":{"background-color":"","background-image":"","background-repeat":"repeat","background-position":"center center","background-size":"auto","background-attachment":"scroll","background-type":"","background-media":"","overlay-type":"","overlay-color":"","overlay-opacity":"","overlay-gradient":""}},"ast-content-background-meta":{"desktop":{"background-color":"var(--ast-global-color-5)","background-image":"","background-repeat":"repeat","background-position":"center center","background-size":"auto","background-attachment":"scroll","background-type":"","background-media":"","overlay-type":"","overlay-color":"","overlay-opacity":"","overlay-gradient":""},"tablet":{"background-color":"var(--ast-global-color-5)","background-image":"","background-repeat":"repeat","background-position":"center center","background-size":"auto","background-attachment":"scroll","background-type":"","background-media":"","overlay-type":"","overlay-color":"","overlay-opacity":"","overlay-gradient":""},"mobile":{"background-color":"var(--ast-global-color-5)","background-image":"","background-repeat":"repeat","background-position":"center center","background-size":"auto","background-attachment":"scroll","background-type":"","background-media":"","overlay-type":"","overlay-color":"","overlay-opacity":"","overlay-gradient":""}},"footnotes":""},"class_list":["post-6324","page","type-page","status-publish","hentry"],"aioseo_notices":[],"_links":{"self":[{"href":"https:\/\/mysauna.lt\/it\/wp-json\/wp\/v2\/pages\/6324","targetHints":{"allow":["GET"]}}],"collection":[{"href":"https:\/\/mysauna.lt\/it\/wp-json\/wp\/v2\/pages"}],"about":[{"href":"https:\/\/mysauna.lt\/it\/wp-json\/wp\/v2\/types\/page"}],"author":[{"embeddable":true,"href":"https:\/\/mysauna.lt\/it\/wp-json\/wp\/v2\/users\/1"}],"replies":[{"embeddable":true,"href":"https:\/\/mysauna.lt\/it\/wp-json\/wp\/v2\/comments?post=6324"}],"version-history":[{"count":47,"href":"https:\/\/mysauna.lt\/it\/wp-json\/wp\/v2\/pages\/6324\/revisions"}],"predecessor-version":[{"id":6514,"href":"https:\/\/mysauna.lt\/it\/wp-json\/wp\/v2\/pages\/6324\/revisions\/6514"}],"wp:attachment":[{"href":"https:\/\/mysauna.lt\/it\/wp-json\/wp\/v2\/media?parent=6324"}],"curies":[{"name":"parola chiave","href":"https:\/\/api.w.org\/{rel}","templated":true}]}}