{"id":4549,"date":"2024-02-28T17:35:04","date_gmt":"2024-02-28T17:35:04","guid":{"rendered":"https:\/\/mysauna.lt\/?page_id=4549"},"modified":"2024-04-24T18:22:19","modified_gmt":"2024-04-24T18:22:19","slug":"sauna-a-telaio-mobile-12m2","status":"publish","type":"page","link":"https:\/\/mysauna.lt\/it\/sauna-a-telaio-mobile-12m2\/","title":{"rendered":"Sauna a telaio mobile 300x400cm (12m2)"},"content":{"rendered":"<div data-elementor-type=\"wp-page\" data-elementor-id=\"4549\" class=\"elementor elementor-4549\" data-elementor-post-type=\"page\">\n\t\t\t\t<div class=\"elementor-element elementor-element-3ab1f41 e-con-full e-flex wpr-particle-no wpr-jarallax-no wpr-parallax-no wpr-sticky-section-no wpr-equal-height-no e-con e-parent\" data-id=\"3ab1f41\" data-element_type=\"container\" data-e-type=\"container\">\n\t\t\t\t<div class=\"elementor-element elementor-element-35b6a43c elementor-widget elementor-widget-heading\" data-id=\"35b6a43c\" data-element_type=\"widget\" data-e-type=\"widget\" data-widget_type=\"heading.default\">\n\t\t\t\t<div class=\"elementor-widget-container\">\n\t\t\t\t\t<h1 class=\"elementor-heading-title elementor-size-default\"><span style=\"color: var(--ast-global-color-2);background-color: var(--ast-global-color-4)\">Incorniciato<\/span> Sauna mobile 300cm x 400cm 12m2 <\/h1>\t\t\t\t<\/div>\n\t\t\t\t<\/div>\n\t\t<div class=\"elementor-element elementor-element-61a237d3 e-flex e-con-boxed wpr-particle-no wpr-jarallax-no wpr-parallax-no wpr-sticky-section-no wpr-equal-height-no e-con e-child\" data-id=\"61a237d3\" data-element_type=\"container\" data-e-type=\"container\">\n\t\t\t\t\t<div class=\"e-con-inner\">\n\t\t\t\t<div class=\"elementor-element elementor-element-6bcd09a6 elementor-widget elementor-widget-text-editor\" data-id=\"6bcd09a6\" data-element_type=\"widget\" data-e-type=\"widget\" data-widget_type=\"text-editor.default\">\n\t\t\t\t<div class=\"elementor-widget-container\">\n\t\t\t\t\t\t\t\t\t<p style=\"text-align: center;\">Una sauna mobile \u00e8 un luogo speciale in cui troviamo un modo per evadere dalla routine e dalle preoccupazioni della vita quotidiana.<\/p><p style=\"text-align: center;\">Il calore, le fragranze aromatiche e l'atmosfera rilassante creano un'esperienza indimenticabile. <br \/>\u00c8 un momento per noi stessi, in cui possiamo rilassarci, dimenticare le nostre preoccupazioni e semplicemente goderci il lusso di ogni momento. <br \/>I rituali della sauna stanno diventando uno stile di vita molto rilassante, che offre piaceri non solo fisici ma anche emotivi e rivitalizza il corpo e l'anima.<\/p>\t\t\t\t\t\t\t\t<\/div>\n\t\t\t\t<\/div>\n\t\t\t\t\t<\/div>\n\t\t\t\t<\/div>\n\t\t\t\t<\/div>\n\t\t<div class=\"elementor-element elementor-element-2a14f95c e-flex e-con-boxed wpr-particle-no wpr-jarallax-no wpr-parallax-no wpr-sticky-section-no wpr-equal-height-no e-con e-parent\" data-id=\"2a14f95c\" data-element_type=\"container\" data-e-type=\"container\">\n\t\t\t\t\t<div class=\"e-con-inner\">\n\t\t<div class=\"elementor-element elementor-element-57721dfa e-con-full e-flex wpr-particle-no wpr-jarallax-no wpr-parallax-no wpr-sticky-section-no wpr-equal-height-no e-con e-child\" data-id=\"57721dfa\" data-element_type=\"container\" data-e-type=\"container\">\n\t\t\t\t<div class=\"elementor-element elementor-element-5c91e7ff elementor-widget elementor-widget-heading\" data-id=\"5c91e7ff\" data-element_type=\"widget\" data-e-type=\"widget\" data-widget_type=\"heading.default\">\n\t\t\t\t<div class=\"elementor-widget-container\">\n\t\t\t\t\t<h3 class=\"elementor-heading-title elementor-size-default\">La nostra sauna mobile<\/h3>\t\t\t\t<\/div>\n\t\t\t\t<\/div>\n\t\t\t\t<div class=\"elementor-element elementor-element-2636f6cb elementor-arrows-position-inside elementor-pagination-position-outside elementor-widget elementor-widget-image-carousel\" data-id=\"2636f6cb\" data-element_type=\"widget\" data-e-type=\"widget\" data-settings=\"{&quot;lazyload&quot;:&quot;yes&quot;,&quot;image_spacing_custom&quot;:{&quot;unit&quot;:&quot;px&quot;,&quot;size&quot;:15,&quot;sizes&quot;:[]},&quot;_animation&quot;:&quot;none&quot;,&quot;navigation&quot;:&quot;both&quot;,&quot;autoplay&quot;:&quot;yes&quot;,&quot;pause_on_hover&quot;:&quot;yes&quot;,&quot;pause_on_interaction&quot;:&quot;yes&quot;,&quot;autoplay_speed&quot;:5000,&quot;infinite&quot;:&quot;yes&quot;,&quot;speed&quot;:500,&quot;image_spacing_custom_tablet&quot;:{&quot;unit&quot;:&quot;px&quot;,&quot;size&quot;:&quot;&quot;,&quot;sizes&quot;:[]},&quot;image_spacing_custom_mobile&quot;:{&quot;unit&quot;:&quot;px&quot;,&quot;size&quot;:&quot;&quot;,&quot;sizes&quot;:[]}}\" data-widget_type=\"image-carousel.default\">\n\t\t\t\t<div class=\"elementor-widget-container\">\n\t\t\t\t\t\t\t<div class=\"elementor-image-carousel-wrapper swiper\" role=\"region\" aria-roledescription=\"carousel\" aria-label=\"Carosello di immagini\" dir=\"ltr\">\n\t\t\t<div class=\"elementor-image-carousel swiper-wrapper swiper-image-stretch\" aria-live=\"off\">\n\t\t\t\t\t\t\t\t<div class=\"swiper-slide\" role=\"group\" aria-roledescription=\"slide\" aria-label=\"1 di 4\"><a data-elementor-open-lightbox=\"yes\" data-elementor-lightbox-slideshow=\"2636f6cb\" data-elementor-lightbox-title=\"IMG-30525e3e5947b5d315e2e787c66d6f0d-V\" data-e-action-hash=\"#elementor-action%3Aaction%3Dlightbox%26settings%3DeyJpZCI6NDU1OSwidXJsIjoiaHR0cHM6XC9cL215c2F1bmEubHRcL3dwLWNvbnRlbnRcL3VwbG9hZHNcLzIwMjRcLzAyXC9JTUctMzA1MjVlM2U1OTQ3YjVkMzE1ZTJlNzg3YzY2ZDZmMGQtVi5qcGciLCJzbGlkZXNob3ciOiIyNjM2ZjZjYiJ9\" href=\"https:\/\/mysauna.lt\/wp-content\/uploads\/2024\/02\/IMG-30525e3e5947b5d315e2e787c66d6f0d-V.jpg\"><figure class=\"swiper-slide-inner\"><img class=\"swiper-slide-image swiper-lazy\" data-src=\"https:\/\/mysauna.lt\/wp-content\/uploads\/2024\/02\/IMG-30525e3e5947b5d315e2e787c66d6f0d-V-1024x768.webp\" alt=\"bagno mobile\" \/><div class=\"swiper-lazy-preloader\"><\/div><\/figure><\/a><\/div><div class=\"swiper-slide\" role=\"group\" aria-roledescription=\"slide\" aria-label=\"2 di 4\"><a data-elementor-open-lightbox=\"yes\" data-elementor-lightbox-slideshow=\"2636f6cb\" data-elementor-lightbox-title=\"Karkasin\u0117s pirtys 10,5m2\" data-elementor-lightbox-description=\"Karkasin\u0117 pirtis 10,5m2\" data-e-action-hash=\"#elementor-action%3Aaction%3Dlightbox%26settings%3DeyJpZCI6NDU1NywidXJsIjoiaHR0cHM6XC9cL215c2F1bmEubHRcL3dwLWNvbnRlbnRcL3VwbG9hZHNcLzIwMjRcLzAyXC9JTUctMWM3OTNmZjBmNjc0OWVlNGQyYWM4ZDRkN2VhNmY5NTQtVi1qcGcud2VicCIsInNsaWRlc2hvdyI6IjI2MzZmNmNiIn0%3D\" href=\"https:\/\/mysauna.lt\/wp-content\/uploads\/2024\/02\/IMG-1c793ff0f6749ee4d2ac8d4d7ea6f954-V-jpg.webp\"><figure class=\"swiper-slide-inner\"><img class=\"swiper-slide-image swiper-lazy\" data-src=\"https:\/\/mysauna.lt\/wp-content\/uploads\/2024\/02\/IMG-1c793ff0f6749ee4d2ac8d4d7ea6f954-V-1024x768.webp\" alt=\"Bagni con telaio 10,5m2\" \/><div class=\"swiper-lazy-preloader\"><\/div><\/figure><\/a><\/div><div class=\"swiper-slide\" role=\"group\" aria-roledescription=\"slide\" aria-label=\"3 di 4\"><a data-elementor-open-lightbox=\"yes\" data-elementor-lightbox-slideshow=\"2636f6cb\" data-elementor-lightbox-title=\"IMG-b12b40f3c1889297c74c10d7bfa75cc7-V\" data-e-action-hash=\"#elementor-action%3Aaction%3Dlightbox%26settings%3DeyJpZCI6NDU2MCwidXJsIjoiaHR0cHM6XC9cL215c2F1bmEubHRcL3dwLWNvbnRlbnRcL3VwbG9hZHNcLzIwMjRcLzAyXC9JTUctYjEyYjQwZjNjMTg4OTI5N2M3NGMxMGQ3YmZhNzVjYzctVi1qcGcud2VicCIsInNsaWRlc2hvdyI6IjI2MzZmNmNiIn0%3D\" href=\"https:\/\/mysauna.lt\/wp-content\/uploads\/2024\/02\/IMG-b12b40f3c1889297c74c10d7bfa75cc7-V-jpg.webp\"><figure class=\"swiper-slide-inner\"><img class=\"swiper-slide-image swiper-lazy\" data-src=\"https:\/\/mysauna.lt\/wp-content\/uploads\/2024\/02\/IMG-b12b40f3c1889297c74c10d7bfa75cc7-V-1024x768.webp\" alt=\"IMG-b12b40f3c1889297c74c10d7bfa75cc7-V\" \/><div class=\"swiper-lazy-preloader\"><\/div><\/figure><\/a><\/div><div class=\"swiper-slide\" role=\"group\" aria-roledescription=\"slide\" aria-label=\"4 di 4\"><a data-elementor-open-lightbox=\"yes\" data-elementor-lightbox-slideshow=\"2636f6cb\" data-elementor-lightbox-title=\"Karkasin\u0117 pirtis\" data-e-action-hash=\"#elementor-action%3Aaction%3Dlightbox%26settings%3DeyJpZCI6NDU1OCwidXJsIjoiaHR0cHM6XC9cL215c2F1bmEubHRcL3dwLWNvbnRlbnRcL3VwbG9hZHNcLzIwMjRcLzAyXC9JTUctMzc0ZTg0ZTRkM2EzM2U5ZGJjYzI3ZTE3OWFhMjEwNTEtVi5qcGciLCJzbGlkZXNob3ciOiIyNjM2ZjZjYiJ9\" href=\"https:\/\/mysauna.lt\/wp-content\/uploads\/2024\/02\/IMG-374e84e4d3a33e9dbcc27e179aa21051-V.jpg\"><figure class=\"swiper-slide-inner\"><img class=\"swiper-slide-image swiper-lazy\" data-src=\"https:\/\/mysauna.lt\/wp-content\/uploads\/2024\/02\/IMG-374e84e4d3a33e9dbcc27e179aa21051-V-1024x768.webp\" alt=\"Sauna con cornice\" \/><div class=\"swiper-lazy-preloader\"><\/div><\/figure><\/a><\/div>\t\t\t<\/div>\n\t\t\t\t\t\t\t\t\t\t\t\t<div class=\"elementor-swiper-button elementor-swiper-button-prev\" role=\"button\" tabindex=\"0\">\n\t\t\t\t\t\t<svg aria-hidden=\"true\" class=\"e-font-icon-svg e-eicon-chevron-left\" viewbox=\"0 0 1000 1000\" xmlns=\"http:\/\/www.w3.org\/2000\/svg\"><path d=\"M646 125C629 125 613 133 604 142L308 442C296 454 292 471 292 487 292 504 296 521 308 533L604 854C617 867 629 875 646 875 663 875 679 871 692 858 704 846 713 829 713 812 713 796 708 779 692 767L438 487 692 225C700 217 708 204 708 187 708 171 704 154 692 142 675 129 663 125 646 125Z\"><\/path><\/svg>\t\t\t\t\t<\/div>\n\t\t\t\t\t<div class=\"elementor-swiper-button elementor-swiper-button-next\" role=\"button\" tabindex=\"0\">\n\t\t\t\t\t\t<svg aria-hidden=\"true\" class=\"e-font-icon-svg e-eicon-chevron-right\" viewbox=\"0 0 1000 1000\" xmlns=\"http:\/\/www.w3.org\/2000\/svg\"><path d=\"M696 533C708 521 713 504 713 487 713 471 708 454 696 446L400 146C388 133 375 125 354 125 338 125 325 129 313 142 300 154 292 171 292 187 292 204 296 221 308 233L563 492 304 771C292 783 288 800 288 817 288 833 296 850 308 863 321 871 338 875 354 875 371 875 388 867 400 854L696 533Z\"><\/path><\/svg>\t\t\t\t\t<\/div>\n\t\t\t\t\n\t\t\t\t\t\t\t\t\t<div class=\"swiper-pagination\"><\/div>\n\t\t\t\t\t\t\t\t\t<\/div>\n\t\t\t\t\t\t<\/div>\n\t\t\t\t<\/div>\n\t\t\t\t<div class=\"elementor-element elementor-element-76c66a57 elementor-widget elementor-widget-heading\" data-id=\"76c66a57\" data-element_type=\"widget\" data-e-type=\"widget\" data-widget_type=\"heading.default\">\n\t\t\t\t<div class=\"elementor-widget-container\">\n\t\t\t\t\t<h2 class=\"elementor-heading-title elementor-size-default\">Come \u00e8 fatta la sauna a telaio<\/h2>\t\t\t\t<\/div>\n\t\t\t\t<\/div>\n\t\t\t\t<div class=\"elementor-element elementor-element-2507168c elementor-widget elementor-widget-text-editor\" data-id=\"2507168c\" data-element_type=\"widget\" data-e-type=\"widget\" data-widget_type=\"text-editor.default\">\n\t\t\t\t<div class=\"elementor-widget-container\">\n\t\t\t\t\t\t\t\t\t<ul>\n    <li>La facciata della sauna \u00e8 decorata con legno bruciato, che non solo fornisce calore, ma anche un aspetto e una sensazione unici.<\/li><br>\n    <li>La facciata \u00e8 scolpita con piastrelle sbiancate, che conferiscono eleganza e calore fin dal primo passo.<\/li><br>\n    <li>L'area sauna \u00e8 realizzata con tiglio di qualit\u00e0, che conferisce un profumo e un'atmosfera piacevoli.<\/li><br>\n    <li>\n        Lo strato isolante tra le pareti del telaio, composto da 10 cm <a href=\"https:\/\/lt.paroc.com\/\" target=\"_blank\" rel=\"noopener\">Paroc<\/a> ultra-lana, che garantisce un eccellente livello di isolamento termico.<\/li><br>\n      <li>  Per i pavimenti scegliamo quelli in vinile, che non solo hanno un aspetto moderno, ma sono anche resistenti e di facile manutenzione.\n    <\/li><br>\n    <li>La sauna ha una superficie di 12 metri quadrati, sufficiente per un soggiorno piacevole.<\/li><br>\n    <li>\n        L'illuminazione esterna crea un'atmosfera accogliente e rende confortevole l'utilizzo della sauna anche dopo il tramonto.<\/li><br>\n       <li> Questa sauna a telaio combina alta qualit\u00e0, eleganza e funzionalit\u00e0, offrendo uno spazio unico per il relax.\n    <\/li>\n<\/ul>\t\t\t\t\t\t\t\t<\/div>\n\t\t\t\t<\/div>\n\t\t\t\t<div class=\"elementor-element elementor-element-6ddb4154 elementor-widget elementor-widget-heading\" data-id=\"6ddb4154\" data-element_type=\"widget\" data-e-type=\"widget\" data-widget_type=\"heading.default\">\n\t\t\t\t<div class=\"elementor-widget-container\">\n\t\t\t\t\t<h2 class=\"elementor-heading-title elementor-size-default\">Prezzo: \u20ac7600<\/h2>\t\t\t\t<\/div>\n\t\t\t\t<\/div>\n\t\t\t\t<div class=\"elementor-element elementor-element-4e7fb270 elementor-align-center elementor-widget elementor-widget-button\" data-id=\"4e7fb270\" data-element_type=\"widget\" data-e-type=\"widget\" data-widget_type=\"button.default\">\n\t\t\t\t<div class=\"elementor-widget-container\">\n\t\t\t\t\t\t\t\t\t<div class=\"elementor-button-wrapper\">\n\t\t\t\t\t<a class=\"elementor-button elementor-button-link elementor-size-sm\" href=\"tel:%20+3706%2066%2011476\">\n\t\t\t\t\t\t<span class=\"elementor-button-content-wrapper\">\n\t\t\t\t\t\t\t\t\t<span class=\"elementor-button-text\">Chiama ora<\/span>\n\t\t\t\t\t<\/span>\n\t\t\t\t\t<\/a>\n\t\t\t\t<\/div>\n\t\t\t\t\t\t\t\t<\/div>\n\t\t\t\t<\/div>\n\t\t\t\t<\/div>\n\t\t<div class=\"elementor-element elementor-element-6aef8228 e-con-full e-flex wpr-particle-no wpr-jarallax-no wpr-parallax-no wpr-sticky-section-no wpr-equal-height-no e-con e-child\" data-id=\"6aef8228\" data-element_type=\"container\" data-e-type=\"container\">\n\t\t\t\t<div class=\"elementor-element elementor-element-4c9b871c elementor-widget elementor-widget-heading\" data-id=\"4c9b871c\" data-element_type=\"widget\" data-e-type=\"widget\" data-widget_type=\"heading.default\">\n\t\t\t\t<div class=\"elementor-widget-container\">\n\t\t\t\t\t<h2 class=\"elementor-heading-title elementor-size-default\">Oppure compilate il modulo e vi contatteremo al pi\u00f9 presto.<\/h2>\t\t\t\t<\/div>\n\t\t\t\t<\/div>\n\t\t\t\t<\/div>\n\t\t\t\t\t<\/div>\n\t\t\t\t<\/div>\n\t\t\t\t<\/div>","protected":false},"excerpt":{"rendered":"<p>Karkasin\u0117 Mobili Pirtis 300cm x 400cm 12m2 Mobili pirtis &#8211; tai ypatinga vieta, kurioje atrandame b\u016bd\u0105 pab\u0117gti nuo kasdienin\u0117s rutinos ir r\u016bpes\u010di\u0173. \u010cia \u0161iluma, aromatin\u0117s kvapnios med\u017eiagos ir atpalaiduojanti atmosfera sukuria nepakartojam\u0105 malonum\u0105. Tai yra laikas skirtas sau, kur galime atsipalaiduoti, pamir\u0161ti apie r\u016bpes\u010dius ir tiesiog m\u0117gautis kiekvieno momento prabanga. Pirties ritualai tampa ypatingu atpalaiduojan\u010diu gyvenimo b\u016bdu, kuris suteikia ne tik fizinius, bet ir emocinius malonumus bei atgaivina k\u016bn\u0105 ir siel\u0105. M\u016bs\u0173 si\u016bloma mobili pirtis I\u0161 ko pagaminta karkasin\u0117 pirtis Pirties fasadas puo\u0161tas deginta mediena, kuri suteikia ne tik \u0161ilumos, bet ir unikalios i\u0161vaizdos jausm\u0105. Prie\u0161pirtis i\u0161kaltas balintomis dailil\u0117mis, kurios suteikia elegancijos ir \u0161ilum\u0105 jau nuo pirmo \u017eingsnio. Pirties zona sukurtas naudojant kokybi\u0161k\u0105 liep\u0105, kuris suteikia malon\u0173 kvap\u0105 ir atmosfer\u0105. \u0160iltinimo sluoksnis, esantis tarp karkaso sien\u0173, sudarytas i\u0161 10 cm Paroc ultra vatos, u\u017etikrina puik\u0173 \u0161ilumos izoliacijos lyg\u012f. Grind\u0173 dangai renkam\u0117s vinilin\u0119 dang\u0105, kuri ne tik atrodo moderniai, bet ir yra patvari bei lengvai prie\u017ei\u016brima. Pirties dydis &#8211; net 12 kvadratini\u0173 metr\u0173, pakankamai erdv\u0117s maloniam poilsiui. Lauko ap\u0161vietimas suteikia jauki\u0105 atmosfer\u0105 ir patogum\u0105 naudojant pirt\u012f net ir tamsiu paros metu. \u0160i karkasin\u0117 pirtis sujungia auk\u0161t\u0105 kokyb\u0119, elegancij\u0105 ir funkcionalum\u0105, suteikdama jums nepakartojam\u0105 poilsiui skirt\u0105 erdv\u0119. Kaina: 7600\u20ac Skambinkite dabar Arba u\u017epildykite form\u0105 ir mes susisieksime artimiausiu metu<\/p>","protected":false},"author":2,"featured_media":0,"parent":0,"menu_order":0,"comment_status":"closed","ping_status":"closed","template":"","meta":{"site-sidebar-layout":"no-sidebar","site-content-layout":"page-builder","ast-site-content-layout":"full-width-container","site-content-style":"default","site-sidebar-style":"default","ast-global-header-display":"","ast-banner-title-visibility":"","ast-main-header-display":"","ast-hfb-above-header-display":"","ast-hfb-below-header-display":"","ast-hfb-mobile-header-display":"","site-post-title":"disabled","ast-breadcrumbs-content":"","ast-featured-img":"disabled","footer-sml-layout":"","ast-disable-related-posts":"","theme-transparent-header-meta":"","adv-header-id-meta":"","stick-header-meta":"","header-above-stick-meta":"","header-main-stick-meta":"","header-below-stick-meta":"","astra-migrate-meta-layouts":"set","ast-page-background-enabled":"default","ast-page-background-meta":{"desktop":{"background-color":"","background-image":"","background-repeat":"repeat","background-position":"center center","background-size":"auto","background-attachment":"scroll","background-type":"","background-media":"","overlay-type":"","overlay-color":"","overlay-opacity":"","overlay-gradient":""},"tablet":{"background-color":"","background-image":"","background-repeat":"repeat","background-position":"center center","background-size":"auto","background-attachment":"scroll","background-type":"","background-media":"","overlay-type":"","overlay-color":"","overlay-opacity":"","overlay-gradient":""},"mobile":{"background-color":"","background-image":"","background-repeat":"repeat","background-position":"center center","background-size":"auto","background-attachment":"scroll","background-type":"","background-media":"","overlay-type":"","overlay-color":"","overlay-opacity":"","overlay-gradient":""}},"ast-content-background-meta":{"desktop":{"background-color":"var(--ast-global-color-5)","background-image":"","background-repeat":"repeat","background-position":"center center","background-size":"auto","background-attachment":"scroll","background-type":"","background-media":"","overlay-type":"","overlay-color":"","overlay-opacity":"","overlay-gradient":""},"tablet":{"background-color":"var(--ast-global-color-5)","background-image":"","background-repeat":"repeat","background-position":"center center","background-size":"auto","background-attachment":"scroll","background-type":"","background-media":"","overlay-type":"","overlay-color":"","overlay-opacity":"","overlay-gradient":""},"mobile":{"background-color":"var(--ast-global-color-5)","background-image":"","background-repeat":"repeat","background-position":"center center","background-size":"auto","background-attachment":"scroll","background-type":"","background-media":"","overlay-type":"","overlay-color":"","overlay-opacity":"","overlay-gradient":""}},"footnotes":""},"class_list":["post-4549","page","type-page","status-publish","hentry"],"aioseo_notices":[],"_links":{"self":[{"href":"https:\/\/mysauna.lt\/it\/wp-json\/wp\/v2\/pages\/4549","targetHints":{"allow":["GET"]}}],"collection":[{"href":"https:\/\/mysauna.lt\/it\/wp-json\/wp\/v2\/pages"}],"about":[{"href":"https:\/\/mysauna.lt\/it\/wp-json\/wp\/v2\/types\/page"}],"author":[{"embeddable":true,"href":"https:\/\/mysauna.lt\/it\/wp-json\/wp\/v2\/users\/2"}],"replies":[{"embeddable":true,"href":"https:\/\/mysauna.lt\/it\/wp-json\/wp\/v2\/comments?post=4549"}],"version-history":[{"count":29,"href":"https:\/\/mysauna.lt\/it\/wp-json\/wp\/v2\/pages\/4549\/revisions"}],"predecessor-version":[{"id":4996,"href":"https:\/\/mysauna.lt\/it\/wp-json\/wp\/v2\/pages\/4549\/revisions\/4996"}],"wp:attachment":[{"href":"https:\/\/mysauna.lt\/it\/wp-json\/wp\/v2\/media?parent=4549"}],"curies":[{"name":"parola chiave","href":"https:\/\/api.w.org\/{rel}","templated":true}]}}