{"id":6498,"date":"2026-01-31T08:18:52","date_gmt":"2026-01-31T08:18:52","guid":{"rendered":"https:\/\/mysauna.lt\/?page_id=6498"},"modified":"2026-02-01T07:57:55","modified_gmt":"2026-02-01T07:57:55","slug":"indoor-sauna-installation-in-the-vilkaviskis-district","status":"publish","type":"page","link":"https:\/\/mysauna.lt\/en\/completed-projects\/indoor-sauna-installation-in-the-vilkaviskis-district\/","title":{"rendered":"Installation of an indoor sauna in the Vilkavi\u0161kis district"},"content":{"rendered":"<div data-elementor-type=\"wp-page\" data-elementor-id=\"6498\" class=\"elementor elementor-6498\" data-elementor-post-type=\"page\">\n\t\t\t\t\t\t<section class=\"elementor-section elementor-top-section elementor-element elementor-element-50af2a28 elementor-section-full_width elementor-section-height-default elementor-section-height-default wpr-particle-no wpr-jarallax-no wpr-parallax-no wpr-sticky-section-no\" data-id=\"50af2a28\" data-element_type=\"section\" data-e-type=\"section\" data-settings=\"{&quot;background_background&quot;:&quot;classic&quot;}\">\n\t\t\t\t\t\t\t<div class=\"elementor-background-overlay\"><\/div>\n\t\t\t\t\t\t\t<div class=\"elementor-container elementor-column-gap-default\">\n\t\t\t\t\t<div class=\"elementor-column elementor-col-100 elementor-top-column elementor-element elementor-element-4d52fb1b\" data-id=\"4d52fb1b\" data-element_type=\"column\" data-e-type=\"column\">\n\t\t\t<div class=\"elementor-widget-wrap elementor-element-populated\">\n\t\t\t\t\t\t<div class=\"elementor-element elementor-element-7f011ed elementor-widget-mobile__width-initial elementor-widget elementor-widget-heading\" data-id=\"7f011ed\" data-element_type=\"widget\" data-e-type=\"widget\" data-widget_type=\"heading.default\">\n\t\t\t\t<div class=\"elementor-widget-container\">\n\t\t\t\t\t<h1 class=\"elementor-heading-title elementor-size-default\">Installation of an indoor sauna in the Vilkavi\u0161kis district<\/h1>\t\t\t\t<\/div>\n\t\t\t\t<\/div>\n\t\t\t\t<div class=\"elementor-element elementor-element-3f020852 elementor-widget-mobile__width-initial elementor-widget elementor-widget-heading\" data-id=\"3f020852\" data-element_type=\"widget\" data-e-type=\"widget\" data-widget_type=\"heading.default\">\n\t\t\t\t<div class=\"elementor-widget-container\">\n\t\t\t\t\t<p class=\"elementor-heading-title elementor-size-default\">Luxurious, indoor sauna with sliding lower bed and LED lighting\n\n<\/p>\t\t\t\t<\/div>\n\t\t\t\t<\/div>\n\t\t\t\t\t<\/div>\n\t\t<\/div>\n\t\t\t\t\t<\/div>\n\t\t<\/section>\n\t\t<div class=\"elementor-element elementor-element-5a9c6fa e-con-full e-flex wpr-particle-no wpr-jarallax-no wpr-parallax-no wpr-sticky-section-no e-con e-parent\" data-id=\"5a9c6fa\" data-element_type=\"container\" data-e-type=\"container\">\n\t\t<div class=\"elementor-element elementor-element-92f7e2e e-con-full e-flex wpr-particle-no wpr-jarallax-no wpr-parallax-no wpr-sticky-section-no e-con e-child\" data-id=\"92f7e2e\" data-element_type=\"container\" data-e-type=\"container\">\n\t\t\t\t<div class=\"elementor-element elementor-element-59b24db elementor-widget elementor-widget-heading\" data-id=\"59b24db\" data-element_type=\"widget\" data-e-type=\"widget\" data-widget_type=\"heading.default\">\n\t\t\t\t<div class=\"elementor-widget-container\">\n\t\t\t\t\t<h2 class=\"elementor-heading-title elementor-size-default\">Project description<\/h2>\t\t\t\t<\/div>\n\t\t\t\t<\/div>\n\t\t\t\t<div class=\"elementor-element elementor-element-62ce6b5 elementor-widget-divider--view-line elementor-widget elementor-widget-divider\" data-id=\"62ce6b5\" data-element_type=\"widget\" data-e-type=\"widget\" data-widget_type=\"divider.default\">\n\t\t\t\t<div class=\"elementor-widget-container\">\n\t\t\t\t\t\t\t<div class=\"elementor-divider\">\n\t\t\t<span class=\"elementor-divider-separator\">\n\t\t\t\t\t\t<\/span>\n\t\t<\/div>\n\t\t\t\t\t\t<\/div>\n\t\t\t\t<\/div>\n\t\t\t\t<\/div>\n\t\t\t\t<div class=\"elementor-element elementor-element-1138628 elementor-widget elementor-widget-text-editor\" data-id=\"1138628\" data-element_type=\"widget\" data-e-type=\"widget\" data-widget_type=\"text-editor.default\">\n\t\t\t\t<div class=\"elementor-widget-container\">\n\t\t\t\t\t\t\t\t\t<p data-start=\"431\" data-end=\"667\">In this project, we installed a luxurious, indoor sauna in the Vilkavi\u0161kis district<\/p>\t\t\t\t\t\t\t\t<\/div>\n\t\t\t\t<\/div>\n\t\t\t\t<div class=\"elementor-element elementor-element-2f6c2bc gallery-spacing-custom elementor-widget elementor-widget-image-gallery\" data-id=\"2f6c2bc\" data-element_type=\"widget\" data-e-type=\"widget\" data-widget_type=\"image-gallery.default\">\n\t\t\t\t<div class=\"elementor-widget-container\">\n\t\t\t\t\t\t\t<div class=\"elementor-image-gallery\">\n\t\t\t<div id='gallery-1' class='gallery galleryid-6498 gallery-columns-2 gallery-size-medium_large'><figure class='gallery-item'>\n\t\t\t<div class='gallery-icon landscape'>\n\t\t\t\t<a data-elementor-open-lightbox=\"yes\" data-elementor-lightbox-slideshow=\"2f6c2bc\" data-elementor-lightbox-title=\"LED ap\u0161vietimas atlo\u0161uose pirtyje\" data-elementor-lightbox-description=\"LED ap\u0161vietimas atlo\u0161uose pirtyje\" data-e-action-hash=\"#elementor-action%3Aaction%3Dlightbox%26settings%3DeyJpZCI6NjUwMCwidXJsIjoiaHR0cHM6XC9cL215c2F1bmEubHRcL3dwLWNvbnRlbnRcL3VwbG9hZHNcLzIwMjZcLzAxXC9waG90b18yMDI2LTAxLTMxXzA5LTM5LTMwLmpwZyIsInNsaWRlc2hvdyI6IjJmNmMyYmMifQ%3D%3D\" href='https:\/\/mysauna.lt\/wp-content\/uploads\/2026\/01\/photo_2026-01-31_09-39-30.jpg'><img fetchpriority=\"high\" decoding=\"async\" width=\"768\" height=\"576\" src=\"https:\/\/mysauna.lt\/wp-content\/uploads\/2026\/01\/photo_2026-01-31_09-39-30-768x576.jpg\" class=\"attachment-medium_large size-medium_large\" alt=\"LED lighting in the backrests in the sauna\" aria-describedby=\"gallery-1-6500\" srcset=\"https:\/\/mysauna.lt\/wp-content\/uploads\/2026\/01\/photo_2026-01-31_09-39-30-768x576.jpg 768w, https:\/\/mysauna.lt\/wp-content\/uploads\/2026\/01\/photo_2026-01-31_09-39-30-300x225.jpg 300w, https:\/\/mysauna.lt\/wp-content\/uploads\/2026\/01\/photo_2026-01-31_09-39-30-1024x768.jpg 1024w, https:\/\/mysauna.lt\/wp-content\/uploads\/2026\/01\/photo_2026-01-31_09-39-30-16x12.jpg 16w, https:\/\/mysauna.lt\/wp-content\/uploads\/2026\/01\/photo_2026-01-31_09-39-30.jpg 1280w\" sizes=\"(max-width: 768px) 100vw, 768px\" \/><\/a>\n\t\t\t<\/div>\n\t\t\t\t<figcaption class='wp-caption-text gallery-caption' id='gallery-1-6500'>\n\t\t\t\tLED lighting in the backrests in the sauna\n\t\t\t\t<\/figcaption><\/figure><figure class='gallery-item'>\n\t\t\t<div class='gallery-icon landscape'>\n\t\t\t\t<a data-elementor-open-lightbox=\"yes\" data-elementor-lightbox-slideshow=\"2f6c2bc\" data-elementor-lightbox-title=\"Led ap\u0161vietimas lubose pirtyje\" data-elementor-lightbox-description=\"Led ap\u0161vietimas lubose pirtyje\" data-e-action-hash=\"#elementor-action%3Aaction%3Dlightbox%26settings%3DeyJpZCI6NjUwMSwidXJsIjoiaHR0cHM6XC9cL215c2F1bmEubHRcL3dwLWNvbnRlbnRcL3VwbG9hZHNcLzIwMjZcLzAxXC9waG90b18yMDI2LTAxLTMxXzA5LTM5LTI2LmpwZyIsInNsaWRlc2hvdyI6IjJmNmMyYmMifQ%3D%3D\" href='https:\/\/mysauna.lt\/wp-content\/uploads\/2026\/01\/photo_2026-01-31_09-39-26.jpg'><img decoding=\"async\" width=\"768\" height=\"576\" src=\"https:\/\/mysauna.lt\/wp-content\/uploads\/2026\/01\/photo_2026-01-31_09-39-26-768x576.jpg\" class=\"attachment-medium_large size-medium_large\" alt=\"LED lighting in the ceiling in the sauna\" aria-describedby=\"gallery-1-6501\" srcset=\"https:\/\/mysauna.lt\/wp-content\/uploads\/2026\/01\/photo_2026-01-31_09-39-26-768x576.jpg 768w, https:\/\/mysauna.lt\/wp-content\/uploads\/2026\/01\/photo_2026-01-31_09-39-26-300x225.jpg 300w, https:\/\/mysauna.lt\/wp-content\/uploads\/2026\/01\/photo_2026-01-31_09-39-26-1024x768.jpg 1024w, https:\/\/mysauna.lt\/wp-content\/uploads\/2026\/01\/photo_2026-01-31_09-39-26-16x12.jpg 16w, https:\/\/mysauna.lt\/wp-content\/uploads\/2026\/01\/photo_2026-01-31_09-39-26.jpg 1280w\" sizes=\"(max-width: 768px) 100vw, 768px\" \/><\/a>\n\t\t\t<\/div>\n\t\t\t\t<figcaption class='wp-caption-text gallery-caption' id='gallery-1-6501'>\n\t\t\t\tLED lighting in the ceiling in the sauna\n\t\t\t\t<\/figcaption><\/figure><figure class='gallery-item'>\n\t\t\t<div class='gallery-icon landscape'>\n\t\t\t\t<a data-elementor-open-lightbox=\"yes\" data-elementor-lightbox-slideshow=\"2f6c2bc\" data-elementor-lightbox-title=\"Paveikslas pirtyje\" data-elementor-lightbox-description=\"Paveikslas pirtyje\" data-e-action-hash=\"#elementor-action%3Aaction%3Dlightbox%26settings%3DeyJpZCI6NjUxOCwidXJsIjoiaHR0cHM6XC9cL215c2F1bmEubHRcL3dwLWNvbnRlbnRcL3VwbG9hZHNcLzIwMjZcLzAxXC9waG90b18yMDI2LTAxLTMxXzE1LTE3LTU1LmpwZyIsInNsaWRlc2hvdyI6IjJmNmMyYmMifQ%3D%3D\" href='https:\/\/mysauna.lt\/wp-content\/uploads\/2026\/01\/photo_2026-01-31_15-17-55.jpg'><img decoding=\"async\" width=\"768\" height=\"576\" src=\"https:\/\/mysauna.lt\/wp-content\/uploads\/2026\/01\/photo_2026-01-31_15-17-55-768x576.jpg\" class=\"attachment-medium_large size-medium_large\" alt=\"Painting in the sauna\" aria-describedby=\"gallery-1-6518\" srcset=\"https:\/\/mysauna.lt\/wp-content\/uploads\/2026\/01\/photo_2026-01-31_15-17-55-768x576.jpg 768w, https:\/\/mysauna.lt\/wp-content\/uploads\/2026\/01\/photo_2026-01-31_15-17-55-300x225.jpg 300w, https:\/\/mysauna.lt\/wp-content\/uploads\/2026\/01\/photo_2026-01-31_15-17-55-1024x768.jpg 1024w, https:\/\/mysauna.lt\/wp-content\/uploads\/2026\/01\/photo_2026-01-31_15-17-55-16x12.jpg 16w, https:\/\/mysauna.lt\/wp-content\/uploads\/2026\/01\/photo_2026-01-31_15-17-55.jpg 1280w\" sizes=\"(max-width: 768px) 100vw, 768px\" \/><\/a>\n\t\t\t<\/div>\n\t\t\t\t<figcaption class='wp-caption-text gallery-caption' id='gallery-1-6518'>\n\t\t\t\tPainting in the sauna\n\t\t\t\t<\/figcaption><\/figure><figure class='gallery-item'>\n\t\t\t<div class='gallery-icon landscape'>\n\t\t\t\t<a data-elementor-open-lightbox=\"yes\" data-elementor-lightbox-slideshow=\"2f6c2bc\" data-elementor-lightbox-title=\"Pirties gultai\" data-elementor-lightbox-description=\"Pirties gultai\" data-e-action-hash=\"#elementor-action%3Aaction%3Dlightbox%26settings%3DeyJpZCI6NjUxOSwidXJsIjoiaHR0cHM6XC9cL215c2F1bmEubHRcL3dwLWNvbnRlbnRcL3VwbG9hZHNcLzIwMjZcLzAxXC9waG90b18yMDI2LTAxLTMxXzE1LTE3LTQ5LmpwZyIsInNsaWRlc2hvdyI6IjJmNmMyYmMifQ%3D%3D\" href='https:\/\/mysauna.lt\/wp-content\/uploads\/2026\/01\/photo_2026-01-31_15-17-49.jpg'><img loading=\"lazy\" decoding=\"async\" width=\"768\" height=\"576\" src=\"https:\/\/mysauna.lt\/wp-content\/uploads\/2026\/01\/photo_2026-01-31_15-17-49-768x576.jpg\" class=\"attachment-medium_large size-medium_large\" alt=\"Sauna loungers\" aria-describedby=\"gallery-1-6519\" srcset=\"https:\/\/mysauna.lt\/wp-content\/uploads\/2026\/01\/photo_2026-01-31_15-17-49-768x576.jpg 768w, https:\/\/mysauna.lt\/wp-content\/uploads\/2026\/01\/photo_2026-01-31_15-17-49-300x225.jpg 300w, https:\/\/mysauna.lt\/wp-content\/uploads\/2026\/01\/photo_2026-01-31_15-17-49-1024x768.jpg 1024w, https:\/\/mysauna.lt\/wp-content\/uploads\/2026\/01\/photo_2026-01-31_15-17-49-16x12.jpg 16w, https:\/\/mysauna.lt\/wp-content\/uploads\/2026\/01\/photo_2026-01-31_15-17-49.jpg 1280w\" sizes=\"(max-width: 768px) 100vw, 768px\" \/><\/a>\n\t\t\t<\/div>\n\t\t\t\t<figcaption class='wp-caption-text gallery-caption' id='gallery-1-6519'>\n\t\t\t\tSauna loungers\n\t\t\t\t<\/figcaption><\/figure>\n\t\t<\/div>\n\t\t<\/div>\n\t\t\t\t\t\t<\/div>\n\t\t\t\t<\/div>\n\t\t\t\t<\/div>\n\t\t<div class=\"elementor-element elementor-element-eff6839 e-flex e-con-boxed wpr-particle-no wpr-jarallax-no wpr-parallax-no wpr-sticky-section-no e-con e-parent\" data-id=\"eff6839\" data-element_type=\"container\" data-e-type=\"container\">\n\t\t\t\t\t<div class=\"e-con-inner\">\n\t\t\t\t<div class=\"elementor-element elementor-element-c1b5e9a elementor-widget elementor-widget-heading\" data-id=\"c1b5e9a\" data-element_type=\"widget\" data-e-type=\"widget\" data-widget_type=\"heading.default\">\n\t\t\t\t<div class=\"elementor-widget-container\">\n\t\t\t\t\t<h2 class=\"elementor-heading-title elementor-size-default\">Technical solutions and equipment<\/h2>\t\t\t\t<\/div>\n\t\t\t\t<\/div>\n\t\t\t\t<div class=\"elementor-element elementor-element-f793780 elementor-widget-divider--view-line elementor-widget elementor-widget-divider\" data-id=\"f793780\" data-element_type=\"widget\" data-e-type=\"widget\" data-widget_type=\"divider.default\">\n\t\t\t\t<div class=\"elementor-widget-container\">\n\t\t\t\t\t\t\t<div class=\"elementor-divider\">\n\t\t\t<span class=\"elementor-divider-separator\">\n\t\t\t\t\t\t<\/span>\n\t\t<\/div>\n\t\t\t\t\t\t<\/div>\n\t\t\t\t<\/div>\n\t\t\t\t<div class=\"elementor-element elementor-element-056dc82 elementor-widget elementor-widget-text-editor\" data-id=\"056dc82\" data-element_type=\"widget\" data-e-type=\"widget\" data-widget_type=\"text-editor.default\">\n\t\t\t\t<div class=\"elementor-widget-container\">\n\t\t\t\t\t\t\t\t\t<p data-start=\"933\" data-end=\"970\"><strong data-start=\"933\" data-end=\"970\">Main project solutions:<\/strong><\/p><p data-start=\"933\" data-end=\"970\">\u00a0<\/p><ul><li style=\"list-style-type: none;\" data-start=\"849\" data-end=\"918\"><ul data-start=\"972\" data-end=\"1383\"><li data-start=\"972\" data-end=\"1020\">Indoor sauna dimensions: <strong data-start=\"1002\" data-end=\"1020\">2500 \u00d7 1450 mm<\/strong><\/li><li data-start=\"1021\" data-end=\"1056\"><p data-start=\"1023\" data-end=\"1056\"><strong data-start=\"1023\" data-end=\"1056\">Wood-burning stove Stoveman 13R<\/strong><\/p><\/li><li data-start=\"1057\" data-end=\"1109\"><p data-start=\"1059\" data-end=\"1109\"><strong data-start=\"1059\" data-end=\"1091\">Class AB lime siding<\/strong> for walls and ceilings<\/p><\/li><li data-start=\"1110\" data-end=\"1160\"><p data-start=\"1112\" data-end=\"1160\"><strong data-start=\"1112\" data-end=\"1136\">Two-story bunk beds<\/strong> from class A black alder<\/p><\/li><li data-start=\"1161\" data-end=\"1222\"><p data-start=\"1163\" data-end=\"1222\">Wooden opening window with double glazing <strong data-start=\"1206\" data-end=\"1222\">400 \u00d7 400 mm<\/strong><\/p><\/li><li data-start=\"1223\" data-end=\"1296\"><p data-start=\"1225\" data-end=\"1296\">Furnace assembly from <strong data-start=\"1244\" data-end=\"1272\">calcium silicate boards<\/strong>, tiled<\/p><\/li><li data-start=\"1297\" data-end=\"1383\"><p data-start=\"1299\" data-end=\"1319\"><strong data-start=\"1299\" data-end=\"1318\">LED lighting<\/strong>:<\/p><ul data-start=\"1322\" data-end=\"1383\"><li data-start=\"1322\" data-end=\"1336\"><p data-start=\"1324\" data-end=\"1336\">under the beds<\/p><\/li><li data-start=\"1339\" data-end=\"1357\"><p data-start=\"1341\" data-end=\"1357\">backrest<\/p><\/li><li data-start=\"1360\" data-end=\"1383\"><p data-start=\"1362\" data-end=\"1383\">around the furnace assembly<br \/><br \/><\/p><\/li><\/ul><\/li><\/ul><p data-start=\"1385\" data-end=\"1461\">All solutions are selected taking into account safety, durability and comfort.<\/p><\/li><\/ul><p>\u00a0<\/p>\t\t\t\t\t\t\t\t<\/div>\n\t\t\t\t<\/div>\n\t\t\t\t\t<\/div>\n\t\t\t\t<\/div>\n\t\t<div class=\"elementor-element elementor-element-7ef96e9 e-flex e-con-boxed wpr-particle-no wpr-jarallax-no wpr-parallax-no wpr-sticky-section-no e-con e-parent\" data-id=\"7ef96e9\" data-element_type=\"container\" data-e-type=\"container\">\n\t\t\t\t\t<div class=\"e-con-inner\">\n\t\t\t\t<div class=\"elementor-element elementor-element-d6cd49f elementor-widget elementor-widget-heading\" data-id=\"d6cd49f\" data-element_type=\"widget\" data-e-type=\"widget\" data-widget_type=\"heading.default\">\n\t\t\t\t<div class=\"elementor-widget-container\">\n\t\t\t\t\t<h2 class=\"elementor-heading-title elementor-size-default\">Comfort and functionality<\/h2>\t\t\t\t<\/div>\n\t\t\t\t<\/div>\n\t\t\t\t<div class=\"elementor-element elementor-element-3bcf272 elementor-widget-divider--view-line elementor-widget elementor-widget-divider\" data-id=\"3bcf272\" data-element_type=\"widget\" data-e-type=\"widget\" data-widget_type=\"divider.default\">\n\t\t\t\t<div class=\"elementor-widget-container\">\n\t\t\t\t\t\t\t<div class=\"elementor-divider\">\n\t\t\t<span class=\"elementor-divider-separator\">\n\t\t\t\t\t\t<\/span>\n\t\t<\/div>\n\t\t\t\t\t\t<\/div>\n\t\t\t\t<\/div>\n\t\t\t\t<div class=\"elementor-element elementor-element-97f6e8c elementor-widget elementor-widget-text-editor\" data-id=\"97f6e8c\" data-element_type=\"widget\" data-e-type=\"widget\" data-widget_type=\"text-editor.default\">\n\t\t\t\t<div class=\"elementor-widget-container\">\n\t\t\t\t\t\t\t\t\t<p data-start=\"1509\" data-end=\"1712\">Despite its compact dimensions, the sauna provides a full sauna experience. Two-level loungers allow you to choose different temperatures, and the linden and black alder wood does not overheat and is pleasant to the touch.<\/p><p data-start=\"1509\" data-end=\"1712\">\u00a0<\/p><p data-start=\"1714\" data-end=\"1850\">The wood-burning stove allows you to adjust both dry and humid sauna climates, making the sauna suitable for a variety of sauna enthusiasts.<\/p>\t\t\t\t\t\t\t\t<\/div>\n\t\t\t\t<\/div>\n\t\t\t\t\t<\/div>\n\t\t\t\t<\/div>\n\t\t<div class=\"elementor-element elementor-element-200065e e-flex e-con-boxed wpr-particle-no wpr-jarallax-no wpr-parallax-no wpr-sticky-section-no e-con e-parent\" data-id=\"200065e\" data-element_type=\"container\" data-e-type=\"container\">\n\t\t\t\t\t<div class=\"e-con-inner\">\n\t\t\t\t<div class=\"elementor-element elementor-element-233ee3a elementor-widget elementor-widget-heading\" data-id=\"233ee3a\" data-element_type=\"widget\" data-e-type=\"widget\" data-widget_type=\"heading.default\">\n\t\t\t\t<div class=\"elementor-widget-container\">\n\t\t\t\t\t<h2 class=\"elementor-heading-title elementor-size-default\">Are you planning a similar project?<\/h2>\t\t\t\t<\/div>\n\t\t\t\t<\/div>\n\t\t\t\t<div class=\"elementor-element elementor-element-3239d46 elementor-widget-divider--view-line elementor-widget elementor-widget-divider\" data-id=\"3239d46\" data-element_type=\"widget\" data-e-type=\"widget\" data-widget_type=\"divider.default\">\n\t\t\t\t<div class=\"elementor-widget-container\">\n\t\t\t\t\t\t\t<div class=\"elementor-divider\">\n\t\t\t<span class=\"elementor-divider-separator\">\n\t\t\t\t\t\t<\/span>\n\t\t<\/div>\n\t\t\t\t\t\t<\/div>\n\t\t\t\t<\/div>\n\t\t\t\t<div class=\"elementor-element elementor-element-e3b123e elementor-widget elementor-widget-text-editor\" data-id=\"e3b123e\" data-element_type=\"widget\" data-e-type=\"widget\" data-widget_type=\"text-editor.default\">\n\t\t\t\t<div class=\"elementor-widget-container\">\n\t\t\t\t\t\t\t\t\t<p data-start=\"1898\" data-end=\"2036\">We install indoor saunas in the \u0160irvintos district, Vilnius and throughout Lithuania - from small summer house solutions to complex individual projects.<\/p><p data-start=\"1898\" data-end=\"2036\">\u00a0<\/p><p data-start=\"2038\" data-end=\"2113\"><strong data-start=\"2038\" data-end=\"2113\">We can customize a solution based on your space, budget, and sauna type.<\/strong><\/p>\t\t\t\t\t\t\t\t<\/div>\n\t\t\t\t<\/div>\n\t\t<div class=\"elementor-element elementor-element-f4bd767 e-con-full e-flex wpr-particle-no wpr-jarallax-no wpr-parallax-no wpr-sticky-section-no e-con e-child\" data-id=\"f4bd767\" data-element_type=\"container\" data-e-type=\"container\">\n\t\t\t\t<div class=\"elementor-element elementor-element-34fa2d5 elementor-widget elementor-widget-button\" data-id=\"34fa2d5\" data-element_type=\"widget\" data-e-type=\"widget\" data-widget_type=\"button.default\">\n\t\t\t\t<div class=\"elementor-widget-container\">\n\t\t\t\t\t\t\t\t\t<div class=\"elementor-button-wrapper\">\n\t\t\t\t\t<a class=\"elementor-button elementor-button-link elementor-size-sm\" href=\"tel:+37068383107\">\n\t\t\t\t\t\t<span class=\"elementor-button-content-wrapper\">\n\t\t\t\t\t\t\t\t\t<span class=\"elementor-button-text\">Call for sauna installation<\/span>\n\t\t\t\t\t<\/span>\n\t\t\t\t\t<\/a>\n\t\t\t\t<\/div>\n\t\t\t\t\t\t\t\t<\/div>\n\t\t\t\t<\/div>\n\t\t\t\t<div class=\"elementor-element elementor-element-8d3be27 elementor-widget elementor-widget-button\" data-id=\"8d3be27\" data-element_type=\"widget\" data-e-type=\"widget\" data-widget_type=\"button.default\">\n\t\t\t\t<div class=\"elementor-widget-container\">\n\t\t\t\t\t\t\t\t\t<div class=\"elementor-button-wrapper\">\n\t\t\t\t\t<a class=\"elementor-button elementor-button-link elementor-size-sm\" href=\"https:\/\/mysauna.lt\/en\/completed-projects\/\">\n\t\t\t\t\t\t<span class=\"elementor-button-content-wrapper\">\n\t\t\t\t\t\t\t\t\t<span class=\"elementor-button-text\">View other completed projects<\/span>\n\t\t\t\t\t<\/span>\n\t\t\t\t\t<\/a>\n\t\t\t\t<\/div>\n\t\t\t\t\t\t\t\t<\/div>\n\t\t\t\t<\/div>\n\t\t\t\t<\/div>\n\t\t\t\t\t<\/div>\n\t\t\t\t<\/div>\n\t\t\t\t<\/div>","protected":false},"excerpt":{"rendered":"<p>Vidaus pirties \u012frengimas Vilkavi\u0161kio rajone Prabangi, vidaus pirtis su slankiojan\u010diu apatiniu gultu ir LED ap\u0161vietimu Projekto apra\u0161ymas \u0160iame projekte Vilkavi\u0161kio rajone \u012freng\u0117me prabangi\u0105, vidaus pirt\u012f LED ap\u0161vietimas atlo\u0161uose pirtyje Led ap\u0161vietimas lubose pirtyje Paveikslas pirtyje Pirties gultai Techniniai sprendimai ir \u012franga Pagrindiniai projekto sprendimai: \u00a0 Vidaus pirties i\u0161matavimai: 2500 \u00d7 1450 mm Malkin\u0117 krosnel\u0117 Stoveman 13R AB klas\u0117s liepos dailylent\u0117s sienoms ir luboms Dviej\u0173 auk\u0161t\u0173 gultai i\u0161 A klas\u0117s juodalksnio Medinis atidaromas langas su stiklo paketu 400 \u00d7 400 mm Krosnies mazgas i\u0161 kalcio silikato plok\u0161\u010di\u0173, apdailintas plytel\u0117mis LED ap\u0161vietimas: po gultais nugaros atlo\u0161e aplink krosnies mazg\u0105 Visi sprendimai parinkti atsi\u017evelgiant \u012f saugum\u0105, ilgaam\u017ei\u0161kum\u0105 ir komfort\u0105. \u00a0 Komfortas ir funkcionalumas Nepaisant kompakti\u0161k\u0173 matmen\u0173, pirtis u\u017etikrina pilnavert\u0119 pirties patirt\u012f. Dviej\u0173 lygi\u0173 gultai leid\u017eia pasirinkti skirting\u0105 temperat\u016br\u0105, o liepos ir juodalksnio mediena neperkaista ir yra maloni liesti. \u00a0 Malkin\u0117 krosnel\u0117 suteikia galimyb\u0119 reguliuoti tiek saus\u0105, tiek dr\u0117gnesn\u012f pirties klimat\u0105, tod\u0117l pirtis tinka \u012fvairiems pirties m\u0117g\u0117jams. Planuojate pana\u0161\u0173 projekt\u0105? \u012erengiame vidaus pirtis \u0160irvint\u0173 rajone, Vilniuje ir visoje Lietuvoje \u2013 nuo ma\u017e\u0173 vasarnami\u0173 sprendim\u0173 iki sud\u0117ting\u0173 individuali\u0173 projekt\u0173. \u00a0 Galime pritaikyti sprendim\u0105 pagal J\u016bs\u0173 erdv\u0119, biud\u017eet\u0105 ir pirties tip\u0105. Skambinti d\u0117l pirties \u012frengimo Per\u017ei\u016br\u0117ti kitus \u012fgyvendintus projektus<\/p>","protected":false},"author":1,"featured_media":0,"parent":6324,"menu_order":0,"comment_status":"closed","ping_status":"closed","template":"","meta":{"site-sidebar-layout":"no-sidebar","site-content-layout":"page-builder","ast-site-content-layout":"full-width-container","site-content-style":"default","site-sidebar-style":"default","ast-global-header-display":"","ast-banner-title-visibility":"","ast-main-header-display":"","ast-hfb-above-header-display":"","ast-hfb-below-header-display":"","ast-hfb-mobile-header-display":"","site-post-title":"disabled","ast-breadcrumbs-content":"","ast-featured-img":"disabled","footer-sml-layout":"","ast-disable-related-posts":"","theme-transparent-header-meta":"","adv-header-id-meta":"","stick-header-meta":"","header-above-stick-meta":"","header-main-stick-meta":"","header-below-stick-meta":"","astra-migrate-meta-layouts":"set","ast-page-background-enabled":"default","ast-page-background-meta":{"desktop":{"background-color":"","background-image":"","background-repeat":"repeat","background-position":"center center","background-size":"auto","background-attachment":"scroll","background-type":"","background-media":"","overlay-type":"","overlay-color":"","overlay-opacity":"","overlay-gradient":""},"tablet":{"background-color":"","background-image":"","background-repeat":"repeat","background-position":"center center","background-size":"auto","background-attachment":"scroll","background-type":"","background-media":"","overlay-type":"","overlay-color":"","overlay-opacity":"","overlay-gradient":""},"mobile":{"background-color":"","background-image":"","background-repeat":"repeat","background-position":"center center","background-size":"auto","background-attachment":"scroll","background-type":"","background-media":"","overlay-type":"","overlay-color":"","overlay-opacity":"","overlay-gradient":""}},"ast-content-background-meta":{"desktop":{"background-color":"var(--ast-global-color-5)","background-image":"","background-repeat":"repeat","background-position":"center center","background-size":"auto","background-attachment":"scroll","background-type":"","background-media":"","overlay-type":"","overlay-color":"","overlay-opacity":"","overlay-gradient":""},"tablet":{"background-color":"var(--ast-global-color-5)","background-image":"","background-repeat":"repeat","background-position":"center center","background-size":"auto","background-attachment":"scroll","background-type":"","background-media":"","overlay-type":"","overlay-color":"","overlay-opacity":"","overlay-gradient":""},"mobile":{"background-color":"var(--ast-global-color-5)","background-image":"","background-repeat":"repeat","background-position":"center center","background-size":"auto","background-attachment":"scroll","background-type":"","background-media":"","overlay-type":"","overlay-color":"","overlay-opacity":"","overlay-gradient":""}},"footnotes":""},"class_list":["post-6498","page","type-page","status-publish","hentry"],"aioseo_notices":[],"_links":{"self":[{"href":"https:\/\/mysauna.lt\/en\/wp-json\/wp\/v2\/pages\/6498","targetHints":{"allow":["GET"]}}],"collection":[{"href":"https:\/\/mysauna.lt\/en\/wp-json\/wp\/v2\/pages"}],"about":[{"href":"https:\/\/mysauna.lt\/en\/wp-json\/wp\/v2\/types\/page"}],"author":[{"embeddable":true,"href":"https:\/\/mysauna.lt\/en\/wp-json\/wp\/v2\/users\/1"}],"replies":[{"embeddable":true,"href":"https:\/\/mysauna.lt\/en\/wp-json\/wp\/v2\/comments?post=6498"}],"version-history":[{"count":19,"href":"https:\/\/mysauna.lt\/en\/wp-json\/wp\/v2\/pages\/6498\/revisions"}],"predecessor-version":[{"id":6534,"href":"https:\/\/mysauna.lt\/en\/wp-json\/wp\/v2\/pages\/6498\/revisions\/6534"}],"up":[{"embeddable":true,"href":"https:\/\/mysauna.lt\/en\/wp-json\/wp\/v2\/pages\/6324"}],"wp:attachment":[{"href":"https:\/\/mysauna.lt\/en\/wp-json\/wp\/v2\/media?parent=6498"}],"curies":[{"name":"wp","href":"https:\/\/api.w.org\/{rel}","templated":true}]}}