{"id":6326,"date":"2026-01-10T17:24:37","date_gmt":"2026-01-10T17:24:37","guid":{"rendered":"https:\/\/mysauna.lt\/?page_id=6326"},"modified":"2026-01-11T12:35:13","modified_gmt":"2026-01-11T12:35:13","slug":"indoor-sauna-installation-in-vilnius-district","status":"publish","type":"page","link":"https:\/\/mysauna.lt\/en\/completed-projects\/indoor-sauna-installation-in-vilnius-district\/","title":{"rendered":"indoor sauna installation in Vilnius district"},"content":{"rendered":"<div data-elementor-type=\"wp-page\" data-elementor-id=\"6326\" class=\"elementor elementor-6326\" data-elementor-post-type=\"page\">\n\t\t\t\t\t\t<section class=\"elementor-section elementor-top-section elementor-element elementor-element-50af2a28 elementor-section-full_width elementor-section-height-default elementor-section-height-default wpr-particle-no wpr-jarallax-no wpr-parallax-no wpr-sticky-section-no wpr-equal-height-no\" data-id=\"50af2a28\" data-element_type=\"section\" data-e-type=\"section\" data-settings=\"{&quot;background_background&quot;:&quot;classic&quot;}\">\n\t\t\t\t\t\t\t<div class=\"elementor-background-overlay\"><\/div>\n\t\t\t\t\t\t\t<div class=\"elementor-container elementor-column-gap-default\">\n\t\t\t\t\t<div class=\"elementor-column elementor-col-100 elementor-top-column elementor-element elementor-element-4d52fb1b\" data-id=\"4d52fb1b\" data-element_type=\"column\" data-e-type=\"column\">\n\t\t\t<div class=\"elementor-widget-wrap elementor-element-populated\">\n\t\t\t\t\t\t<div class=\"elementor-element elementor-element-7f011ed elementor-widget-mobile__width-initial elementor-widget elementor-widget-heading\" data-id=\"7f011ed\" data-element_type=\"widget\" data-e-type=\"widget\" data-widget_type=\"heading.default\">\n\t\t\t\t<div class=\"elementor-widget-container\">\n\t\t\t\t\t<h1 class=\"elementor-heading-title elementor-size-default\">Installation of an indoor sauna in the Vilnius district<\/h1>\t\t\t\t<\/div>\n\t\t\t\t<\/div>\n\t\t\t\t<div class=\"elementor-element elementor-element-3f020852 elementor-widget-mobile__width-initial elementor-widget elementor-widget-heading\" data-id=\"3f020852\" data-element_type=\"widget\" data-e-type=\"widget\" data-widget_type=\"heading.default\">\n\t\t\t\t<div class=\"elementor-widget-container\">\n\t\t\t\t\t<p class=\"elementor-heading-title elementor-size-default\">Modern indoor sauna with electric stove and smart control<\/p>\t\t\t\t<\/div>\n\t\t\t\t<\/div>\n\t\t\t\t\t<\/div>\n\t\t<\/div>\n\t\t\t\t\t<\/div>\n\t\t<\/section>\n\t\t<div class=\"elementor-element elementor-element-5a9c6fa e-flex e-con-boxed wpr-particle-no wpr-jarallax-no wpr-parallax-no wpr-sticky-section-no wpr-equal-height-no e-con e-parent\" data-id=\"5a9c6fa\" data-element_type=\"container\" data-e-type=\"container\">\n\t\t\t\t\t<div class=\"e-con-inner\">\n\t\t<div class=\"elementor-element elementor-element-92f7e2e e-con-full e-flex wpr-particle-no wpr-jarallax-no wpr-parallax-no wpr-sticky-section-no wpr-equal-height-no e-con e-child\" data-id=\"92f7e2e\" data-element_type=\"container\" data-e-type=\"container\">\n\t\t\t\t<div class=\"elementor-element elementor-element-59b24db elementor-widget elementor-widget-heading\" data-id=\"59b24db\" data-element_type=\"widget\" data-e-type=\"widget\" data-widget_type=\"heading.default\">\n\t\t\t\t<div class=\"elementor-widget-container\">\n\t\t\t\t\t<h2 class=\"elementor-heading-title elementor-size-default\">Project description<\/h2>\t\t\t\t<\/div>\n\t\t\t\t<\/div>\n\t\t\t\t<div class=\"elementor-element elementor-element-62ce6b5 elementor-widget-divider--view-line elementor-widget elementor-widget-divider\" data-id=\"62ce6b5\" data-element_type=\"widget\" data-e-type=\"widget\" data-widget_type=\"divider.default\">\n\t\t\t\t<div class=\"elementor-widget-container\">\n\t\t\t\t\t\t\t<div class=\"elementor-divider\">\n\t\t\t<span class=\"elementor-divider-separator\">\n\t\t\t\t\t\t<\/span>\n\t\t<\/div>\n\t\t\t\t\t\t<\/div>\n\t\t\t\t<\/div>\n\t\t\t\t<\/div>\n\t\t\t\t\t<\/div>\n\t\t\t\t<\/div>\n\t\t<div class=\"elementor-element elementor-element-b2d1dc8 e-flex e-con-boxed wpr-particle-no wpr-jarallax-no wpr-parallax-no wpr-sticky-section-no wpr-equal-height-no e-con e-parent\" data-id=\"b2d1dc8\" data-element_type=\"container\" data-e-type=\"container\">\n\t\t\t\t\t<div class=\"e-con-inner\">\n\t\t\t\t<div class=\"elementor-element elementor-element-1138628 elementor-widget elementor-widget-text-editor\" data-id=\"1138628\" data-element_type=\"widget\" data-e-type=\"widget\" data-widget_type=\"text-editor.default\">\n\t\t\t\t<div class=\"elementor-widget-container\">\n\t\t\t\t\t\t\t\t\t<p>In this project, we installed a modern indoor sauna in the Vilnius district, focused on comfort, functionality, and modern solutions.<\/p><p>\u00a0<\/p><p>The sauna is adapted to both high temperatures and a humid sauna atmosphere, ensuring comfortable and safe daily use.<\/p>\t\t\t\t\t\t\t\t<\/div>\n\t\t\t\t<\/div>\n\t\t\t\t<div class=\"elementor-element elementor-element-e18b692 gallery-spacing-custom elementor-widget-mobile__width-initial elementor-widget elementor-widget-image-gallery\" data-id=\"e18b692\" data-element_type=\"widget\" data-e-type=\"widget\" data-widget_type=\"image-gallery.default\">\n\t\t\t\t<div class=\"elementor-widget-container\">\n\t\t\t\t\t\t\t<div class=\"elementor-image-gallery\">\n\t\t\t<div id='gallery-1' class='gallery galleryid-6326 gallery-columns-2 gallery-size-medium_large'><figure class='gallery-item'>\n\t\t\t<div class='gallery-icon landscape'>\n\t\t\t\t<a data-elementor-open-lightbox=\"yes\" data-elementor-lightbox-slideshow=\"e18b692\" data-elementor-lightbox-title=\"L formos termo abachi gultai modernioje vidaus pirtyje\" data-elementor-lightbox-description=\"L formos termo abachi gultai modernioje vidaus pirtyje\" data-e-action-hash=\"#elementor-action%3Aaction%3Dlightbox%26settings%3DeyJpZCI6NjM1MywidXJsIjoiaHR0cHM6XC9cL215c2F1bmEubHRcL3dwLWNvbnRlbnRcL3VwbG9hZHNcLzIwMjZcLzAxXC9waG90b18yMDI2LTAxLTEwXzE5LTA0LTUzLTEuanBnIiwic2xpZGVzaG93IjoiZTE4YjY5MiJ9\" href='https:\/\/mysauna.lt\/wp-content\/uploads\/2026\/01\/photo_2026-01-10_19-04-53-1.jpg'><img fetchpriority=\"high\" decoding=\"async\" width=\"768\" height=\"576\" src=\"https:\/\/mysauna.lt\/wp-content\/uploads\/2026\/01\/photo_2026-01-10_19-04-53-1-768x576.jpg\" class=\"attachment-medium_large size-medium_large\" alt=\"L-shaped thermo abachi loungers in a modern indoor sauna\" aria-describedby=\"gallery-1-6353\" srcset=\"https:\/\/mysauna.lt\/wp-content\/uploads\/2026\/01\/photo_2026-01-10_19-04-53-1-768x576.jpg 768w, https:\/\/mysauna.lt\/wp-content\/uploads\/2026\/01\/photo_2026-01-10_19-04-53-1-300x225.jpg 300w, https:\/\/mysauna.lt\/wp-content\/uploads\/2026\/01\/photo_2026-01-10_19-04-53-1-1024x768.jpg 1024w, https:\/\/mysauna.lt\/wp-content\/uploads\/2026\/01\/photo_2026-01-10_19-04-53-1-16x12.jpg 16w, https:\/\/mysauna.lt\/wp-content\/uploads\/2026\/01\/photo_2026-01-10_19-04-53-1.jpg 1280w\" sizes=\"(max-width: 768px) 100vw, 768px\" \/><\/a>\n\t\t\t<\/div>\n\t\t\t\t<figcaption class='wp-caption-text gallery-caption' id='gallery-1-6353'>\n\t\t\t\tL-shaped thermo abachi loungers in a modern indoor sauna\n\n\t\t\t\t<\/figcaption><\/figure><figure class='gallery-item'>\n\t\t\t<div class='gallery-icon landscape'>\n\t\t\t\t<a data-elementor-open-lightbox=\"yes\" data-elementor-lightbox-slideshow=\"e18b692\" data-elementor-lightbox-title=\"Moderni vidaus pirtis su elektrine krosnimi Vilniaus rajone\" data-elementor-lightbox-description=\"Moderni vidaus pirtis su elektrine krosnimi Vilniaus rajone\" data-e-action-hash=\"#elementor-action%3Aaction%3Dlightbox%26settings%3DeyJpZCI6NjM1NCwidXJsIjoiaHR0cHM6XC9cL215c2F1bmEubHRcL3dwLWNvbnRlbnRcL3VwbG9hZHNcLzIwMjZcLzAxXC9waG90b18yMDI2LTAxLTEwXzE5LTA0LTQ0LmpwZyIsInNsaWRlc2hvdyI6ImUxOGI2OTIifQ%3D%3D\" href='https:\/\/mysauna.lt\/wp-content\/uploads\/2026\/01\/photo_2026-01-10_19-04-44.jpg'><img decoding=\"async\" width=\"768\" height=\"576\" src=\"https:\/\/mysauna.lt\/wp-content\/uploads\/2026\/01\/photo_2026-01-10_19-04-44-768x576.jpg\" class=\"attachment-medium_large size-medium_large\" alt=\"Modern indoor sauna with electric stove in Vilnius district\" aria-describedby=\"gallery-1-6354\" srcset=\"https:\/\/mysauna.lt\/wp-content\/uploads\/2026\/01\/photo_2026-01-10_19-04-44-768x576.jpg 768w, https:\/\/mysauna.lt\/wp-content\/uploads\/2026\/01\/photo_2026-01-10_19-04-44-300x225.jpg 300w, https:\/\/mysauna.lt\/wp-content\/uploads\/2026\/01\/photo_2026-01-10_19-04-44-1024x768.jpg 1024w, https:\/\/mysauna.lt\/wp-content\/uploads\/2026\/01\/photo_2026-01-10_19-04-44-16x12.jpg 16w, https:\/\/mysauna.lt\/wp-content\/uploads\/2026\/01\/photo_2026-01-10_19-04-44.jpg 1280w\" sizes=\"(max-width: 768px) 100vw, 768px\" \/><\/a>\n\t\t\t<\/div>\n\t\t\t\t<figcaption class='wp-caption-text gallery-caption' id='gallery-1-6354'>\n\t\t\t\tModern indoor sauna with electric stove in Vilnius district\n\t\t\t\t<\/figcaption><\/figure>\n\t\t<\/div>\n\t\t<\/div>\n\t\t\t\t\t\t<\/div>\n\t\t\t\t<\/div>\n\t\t\t\t\t<\/div>\n\t\t\t\t<\/div>\n\t\t<div class=\"elementor-element elementor-element-eff6839 e-flex e-con-boxed wpr-particle-no wpr-jarallax-no wpr-parallax-no wpr-sticky-section-no wpr-equal-height-no e-con e-parent\" data-id=\"eff6839\" data-element_type=\"container\" data-e-type=\"container\">\n\t\t\t\t\t<div class=\"e-con-inner\">\n\t\t\t\t<div class=\"elementor-element elementor-element-c1b5e9a elementor-widget elementor-widget-heading\" data-id=\"c1b5e9a\" data-element_type=\"widget\" data-e-type=\"widget\" data-widget_type=\"heading.default\">\n\t\t\t\t<div class=\"elementor-widget-container\">\n\t\t\t\t\t<h2 class=\"elementor-heading-title elementor-size-default\">Technical solutions and equipment<\/h2>\t\t\t\t<\/div>\n\t\t\t\t<\/div>\n\t\t\t\t<div class=\"elementor-element elementor-element-f793780 elementor-widget-divider--view-line elementor-widget elementor-widget-divider\" data-id=\"f793780\" data-element_type=\"widget\" data-e-type=\"widget\" data-widget_type=\"divider.default\">\n\t\t\t\t<div class=\"elementor-widget-container\">\n\t\t\t\t\t\t\t<div class=\"elementor-divider\">\n\t\t\t<span class=\"elementor-divider-separator\">\n\t\t\t\t\t\t<\/span>\n\t\t<\/div>\n\t\t\t\t\t\t<\/div>\n\t\t\t\t<\/div>\n\t\t\t\t<div class=\"elementor-element elementor-element-056dc82 elementor-widget elementor-widget-text-editor\" data-id=\"056dc82\" data-element_type=\"widget\" data-e-type=\"widget\" data-widget_type=\"text-editor.default\">\n\t\t\t\t<div class=\"elementor-widget-container\">\n\t\t\t\t\t\t\t\t\t<ul><li data-start=\"849\" data-end=\"918\"><p data-start=\"851\" data-end=\"918\">Three-phase electricity <strong data-start=\"869\" data-end=\"890\">SAWO Nimbus 12 kW<\/strong> oven with Wi-Fi control<\/p><\/li><li data-start=\"919\" data-end=\"1003\"><p data-start=\"921\" data-end=\"1003\">Stove decoration from <strong data-start=\"942\" data-end=\"964\">80 kg of soapstone<\/strong> and <strong data-start=\"968\" data-end=\"1001\">50 kg of polished jadeite stones<\/strong><\/p><\/li><li data-start=\"1004\" data-end=\"1058\"><p data-start=\"1006\" data-end=\"1058\"><strong data-start=\"1006\" data-end=\"1025\">Class A July<\/strong> wood wall and ceiling decoration<\/p><\/li><li data-start=\"1059\" data-end=\"1137\"><p data-start=\"1061\" data-end=\"1137\"><strong data-start=\"1061\" data-end=\"1107\">L-shaped two-story thermal abachi sunbeds<\/strong> with retractable first floor<\/p><\/li><li data-start=\"1138\" data-end=\"1175\"><p data-start=\"1140\" data-end=\"1175\">Integrated <strong data-start=\"1151\" data-end=\"1173\">ventilation in the basement<\/strong><\/p><\/li><li data-start=\"1176\" data-end=\"1217\"><p data-start=\"1178\" data-end=\"1217\"><strong data-start=\"1178\" data-end=\"1215\">Juniper decoration with LED lighting<\/strong><\/p><\/li><li data-start=\"1279\" data-end=\"1337\"><p data-start=\"1281\" data-end=\"1337\">Specially adapted for saunas <strong data-start=\"1312\" data-end=\"1335\">Bluetooth speakers<\/strong><\/p><\/li><li data-start=\"1338\" data-end=\"1397\"><p data-start=\"1340\" data-end=\"1397\">Wooden opening window with double glazing <strong data-start=\"1383\" data-end=\"1397\">600\u00d7600mm<\/strong><\/p><\/li><\/ul>\t\t\t\t\t\t\t\t<\/div>\n\t\t\t\t<\/div>\n\t\t\t\t\t<\/div>\n\t\t\t\t<\/div>\n\t\t<div class=\"elementor-element elementor-element-7ef96e9 e-flex e-con-boxed wpr-particle-no wpr-jarallax-no wpr-parallax-no wpr-sticky-section-no wpr-equal-height-no e-con e-parent\" data-id=\"7ef96e9\" data-element_type=\"container\" data-e-type=\"container\">\n\t\t\t\t\t<div class=\"e-con-inner\">\n\t\t\t\t<div class=\"elementor-element elementor-element-d6cd49f elementor-widget elementor-widget-heading\" data-id=\"d6cd49f\" data-element_type=\"widget\" data-e-type=\"widget\" data-widget_type=\"heading.default\">\n\t\t\t\t<div class=\"elementor-widget-container\">\n\t\t\t\t\t<h2 class=\"elementor-heading-title elementor-size-default\">Smart control and comfort<\/h2>\t\t\t\t<\/div>\n\t\t\t\t<\/div>\n\t\t\t\t<div class=\"elementor-element elementor-element-3bcf272 elementor-widget-divider--view-line elementor-widget elementor-widget-divider\" data-id=\"3bcf272\" data-element_type=\"widget\" data-e-type=\"widget\" data-widget_type=\"divider.default\">\n\t\t\t\t<div class=\"elementor-widget-container\">\n\t\t\t\t\t\t\t<div class=\"elementor-divider\">\n\t\t\t<span class=\"elementor-divider-separator\">\n\t\t\t\t\t\t<\/span>\n\t\t<\/div>\n\t\t\t\t\t\t<\/div>\n\t\t\t\t<\/div>\n\t\t\t\t<div class=\"elementor-element elementor-element-97f6e8c elementor-widget elementor-widget-text-editor\" data-id=\"97f6e8c\" data-element_type=\"widget\" data-e-type=\"widget\" data-widget_type=\"text-editor.default\">\n\t\t\t\t<div class=\"elementor-widget-container\">\n\t\t\t\t\t\t\t\t\t<p data-start=\"1493\" data-end=\"1711\">Both the sauna heater and lighting are controlled remotely via smartphone. This allows you to prepare the sauna for use in advance and easily adjust the sauna microclimate according to individual needs.<\/p>\t\t\t\t\t\t\t\t<\/div>\n\t\t\t\t<\/div>\n\t\t\t\t\t<\/div>\n\t\t\t\t<\/div>\n\t\t<div class=\"elementor-element elementor-element-200065e e-flex e-con-boxed wpr-particle-no wpr-jarallax-no wpr-parallax-no wpr-sticky-section-no wpr-equal-height-no e-con e-parent\" data-id=\"200065e\" data-element_type=\"container\" data-e-type=\"container\">\n\t\t\t\t\t<div class=\"e-con-inner\">\n\t\t\t\t<div class=\"elementor-element elementor-element-233ee3a elementor-widget elementor-widget-heading\" data-id=\"233ee3a\" data-element_type=\"widget\" data-e-type=\"widget\" data-widget_type=\"heading.default\">\n\t\t\t\t<div class=\"elementor-widget-container\">\n\t\t\t\t\t<h2 class=\"elementor-heading-title elementor-size-default\">Are you planning a similar project?<\/h2>\t\t\t\t<\/div>\n\t\t\t\t<\/div>\n\t\t\t\t<div class=\"elementor-element elementor-element-3239d46 elementor-widget-divider--view-line elementor-widget elementor-widget-divider\" data-id=\"3239d46\" data-element_type=\"widget\" data-e-type=\"widget\" data-widget_type=\"divider.default\">\n\t\t\t\t<div class=\"elementor-widget-container\">\n\t\t\t\t\t\t\t<div class=\"elementor-divider\">\n\t\t\t<span class=\"elementor-divider-separator\">\n\t\t\t\t\t\t<\/span>\n\t\t<\/div>\n\t\t\t\t\t\t<\/div>\n\t\t\t\t<\/div>\n\t\t\t\t<div class=\"elementor-element elementor-element-e3b123e elementor-widget elementor-widget-text-editor\" data-id=\"e3b123e\" data-element_type=\"widget\" data-e-type=\"widget\" data-widget_type=\"text-editor.default\">\n\t\t\t\t<div class=\"elementor-widget-container\">\n\t\t\t\t\t\t\t\t\t<p data-start=\"1800\" data-end=\"1939\">We install indoor saunas in Vilnius and throughout Lithuania - from compact solutions to individual projects with smart control.<\/p><p data-start=\"1941\" data-end=\"1954\">\u00a0<\/p>\t\t\t\t\t\t\t\t<\/div>\n\t\t\t\t<\/div>\n\t\t<div class=\"elementor-element elementor-element-f4bd767 e-con-full e-flex wpr-particle-no wpr-jarallax-no wpr-parallax-no wpr-sticky-section-no wpr-equal-height-no e-con e-child\" data-id=\"f4bd767\" data-element_type=\"container\" data-e-type=\"container\">\n\t\t\t\t<div class=\"elementor-element elementor-element-34fa2d5 elementor-widget elementor-widget-button\" data-id=\"34fa2d5\" data-element_type=\"widget\" data-e-type=\"widget\" data-widget_type=\"button.default\">\n\t\t\t\t<div class=\"elementor-widget-container\">\n\t\t\t\t\t\t\t\t\t<div class=\"elementor-button-wrapper\">\n\t\t\t\t\t<a class=\"elementor-button elementor-button-link elementor-size-sm\" href=\"tel:+37068383107\">\n\t\t\t\t\t\t<span class=\"elementor-button-content-wrapper\">\n\t\t\t\t\t\t\t\t\t<span class=\"elementor-button-text\">Call for sauna installation<\/span>\n\t\t\t\t\t<\/span>\n\t\t\t\t\t<\/a>\n\t\t\t\t<\/div>\n\t\t\t\t\t\t\t\t<\/div>\n\t\t\t\t<\/div>\n\t\t\t\t<div class=\"elementor-element elementor-element-8d3be27 elementor-widget elementor-widget-button\" data-id=\"8d3be27\" data-element_type=\"widget\" data-e-type=\"widget\" data-widget_type=\"button.default\">\n\t\t\t\t<div class=\"elementor-widget-container\">\n\t\t\t\t\t\t\t\t\t<div class=\"elementor-button-wrapper\">\n\t\t\t\t\t<a class=\"elementor-button elementor-button-link elementor-size-sm\" href=\"https:\/\/mysauna.lt\/en\/completed-projects\/\">\n\t\t\t\t\t\t<span class=\"elementor-button-content-wrapper\">\n\t\t\t\t\t\t\t\t\t<span class=\"elementor-button-text\">View other completed projects<\/span>\n\t\t\t\t\t<\/span>\n\t\t\t\t\t<\/a>\n\t\t\t\t<\/div>\n\t\t\t\t\t\t\t\t<\/div>\n\t\t\t\t<\/div>\n\t\t\t\t<\/div>\n\t\t\t\t\t<\/div>\n\t\t\t\t<\/div>\n\t\t\t\t<\/div>","protected":false},"excerpt":{"rendered":"<p>Vidaus pirties \u012frengimas Vilniaus rajone Moderni vidaus pirtis su elektrine krosnimi ir i\u0161maniu valdymu Projekto apra\u0161ymas \u0160iame projekte \u012freng\u0117me moderni\u0105 vidaus pirt\u012f Vilniaus rajone, orientuot\u0105 \u012f komfort\u0105, funkcionalum\u0105 ir \u0161iuolaikinius sprendimus. \u00a0 Pirtis pritaikyta tiek auk\u0161tai temperat\u016brai, tiek dr\u0117gnai pirties atmosferai, u\u017etikrinant patog\u0173 ir saug\u0173 naudojim\u0105 kasdien. L formos termo abachi gultai modernioje vidaus pirtyje Moderni vidaus pirtis su elektrine krosnimi Vilniaus rajone Techniniai sprendimai ir \u012franga Elektrin\u0117 trifaz\u0117 SAWO Nimbus 12 kW krosnel\u0117 su Wi-Fi valdymu Krosnel\u0117s apdaila i\u0161 80 kg muilo akmens ir 50 kg gludinto \u017eadeito akmen\u0173 A klas\u0117s liepos medienos sien\u0173 ir lub\u0173 apdaila L formos dviej\u0173 auk\u0161t\u0173 termo abachi gultai su i\u0161traukiamu pirmu auk\u0161tu Integruota bastu ventiliacija Kadagio apdaila su LED ap\u0161vietimu Specialiai pirtims pritaikytos Bluetooth kolon\u0117l\u0117s Medinis atidaromas langas su stiklo paketu 600\u00d7600 mm I\u0161manus valdymas ir komfortas Tiek pirties krosnis, tiek ap\u0161vietimas valdomi nuotoliniu b\u016bdu i\u0161maniuoju telefonu. Tai leid\u017eia i\u0161 anksto paruo\u0161ti pirt\u012f naudojimui ir lengvai reguliuoti pirties mikroklimat\u0105 pagal individualius poreikius. Planuojate pana\u0161\u0173 projekt\u0105? \u012erengiame vidaus pirtis Vilniuje ir visoje Lietuvoje \u2013 nuo kompakti\u0161k\u0173 sprendim\u0173 iki individuali\u0173 projekt\u0173 su i\u0161maniu valdymu. \u00a0 Skambinti d\u0117l pirties \u012frengimo Per\u017ei\u016br\u0117ti kitus \u012fgyvendintus projektus<\/p>","protected":false},"author":1,"featured_media":0,"parent":6324,"menu_order":0,"comment_status":"closed","ping_status":"closed","template":"","meta":{"site-sidebar-layout":"no-sidebar","site-content-layout":"page-builder","ast-site-content-layout":"full-width-container","site-content-style":"default","site-sidebar-style":"default","ast-global-header-display":"","ast-banner-title-visibility":"","ast-main-header-display":"","ast-hfb-above-header-display":"","ast-hfb-below-header-display":"","ast-hfb-mobile-header-display":"","site-post-title":"disabled","ast-breadcrumbs-content":"","ast-featured-img":"disabled","footer-sml-layout":"","ast-disable-related-posts":"","theme-transparent-header-meta":"","adv-header-id-meta":"","stick-header-meta":"","header-above-stick-meta":"","header-main-stick-meta":"","header-below-stick-meta":"","astra-migrate-meta-layouts":"set","ast-page-background-enabled":"default","ast-page-background-meta":{"desktop":{"background-color":"","background-image":"","background-repeat":"repeat","background-position":"center center","background-size":"auto","background-attachment":"scroll","background-type":"","background-media":"","overlay-type":"","overlay-color":"","overlay-opacity":"","overlay-gradient":""},"tablet":{"background-color":"","background-image":"","background-repeat":"repeat","background-position":"center center","background-size":"auto","background-attachment":"scroll","background-type":"","background-media":"","overlay-type":"","overlay-color":"","overlay-opacity":"","overlay-gradient":""},"mobile":{"background-color":"","background-image":"","background-repeat":"repeat","background-position":"center center","background-size":"auto","background-attachment":"scroll","background-type":"","background-media":"","overlay-type":"","overlay-color":"","overlay-opacity":"","overlay-gradient":""}},"ast-content-background-meta":{"desktop":{"background-color":"var(--ast-global-color-5)","background-image":"","background-repeat":"repeat","background-position":"center center","background-size":"auto","background-attachment":"scroll","background-type":"","background-media":"","overlay-type":"","overlay-color":"","overlay-opacity":"","overlay-gradient":""},"tablet":{"background-color":"var(--ast-global-color-5)","background-image":"","background-repeat":"repeat","background-position":"center center","background-size":"auto","background-attachment":"scroll","background-type":"","background-media":"","overlay-type":"","overlay-color":"","overlay-opacity":"","overlay-gradient":""},"mobile":{"background-color":"var(--ast-global-color-5)","background-image":"","background-repeat":"repeat","background-position":"center center","background-size":"auto","background-attachment":"scroll","background-type":"","background-media":"","overlay-type":"","overlay-color":"","overlay-opacity":"","overlay-gradient":""}},"footnotes":""},"class_list":["post-6326","page","type-page","status-publish","hentry"],"aioseo_notices":[],"_links":{"self":[{"href":"https:\/\/mysauna.lt\/en\/wp-json\/wp\/v2\/pages\/6326","targetHints":{"allow":["GET"]}}],"collection":[{"href":"https:\/\/mysauna.lt\/en\/wp-json\/wp\/v2\/pages"}],"about":[{"href":"https:\/\/mysauna.lt\/en\/wp-json\/wp\/v2\/types\/page"}],"author":[{"embeddable":true,"href":"https:\/\/mysauna.lt\/en\/wp-json\/wp\/v2\/users\/1"}],"replies":[{"embeddable":true,"href":"https:\/\/mysauna.lt\/en\/wp-json\/wp\/v2\/comments?post=6326"}],"version-history":[{"count":39,"href":"https:\/\/mysauna.lt\/en\/wp-json\/wp\/v2\/pages\/6326\/revisions"}],"predecessor-version":[{"id":6535,"href":"https:\/\/mysauna.lt\/en\/wp-json\/wp\/v2\/pages\/6326\/revisions\/6535"}],"up":[{"embeddable":true,"href":"https:\/\/mysauna.lt\/en\/wp-json\/wp\/v2\/pages\/6324"}],"wp:attachment":[{"href":"https:\/\/mysauna.lt\/en\/wp-json\/wp\/v2\/media?parent=6326"}],"curies":[{"name":"wp","href":"https:\/\/api.w.org\/{rel}","templated":true}]}}