{"id":4350,"date":"2024-02-20T20:33:58","date_gmt":"2024-02-20T20:33:58","guid":{"rendered":"https:\/\/mysauna.lt\/?page_id=4350"},"modified":"2024-04-28T11:07:58","modified_gmt":"2024-04-28T11:07:58","slug":"mobile-sauna-10-5m2-2","status":"publish","type":"page","link":"https:\/\/mysauna.lt\/en\/mobile-sauna-10-5m2-2\/","title":{"rendered":"Mobile frame sauna 300x500cm (10,5m2) 2"},"content":{"rendered":"<div data-elementor-type=\"wp-page\" data-elementor-id=\"4350\" class=\"elementor elementor-4350\" data-elementor-post-type=\"page\">\n\t\t\t\t<div class=\"elementor-element elementor-element-bfa7218 e-con-full e-flex wpr-particle-no wpr-jarallax-no wpr-parallax-no wpr-sticky-section-no wpr-equal-height-no e-con e-parent\" data-id=\"bfa7218\" data-element_type=\"container\" data-e-type=\"container\">\n\t\t\t\t<div class=\"elementor-element elementor-element-32fb354f elementor-widget elementor-widget-heading\" data-id=\"32fb354f\" data-element_type=\"widget\" data-e-type=\"widget\" data-widget_type=\"heading.default\">\n\t\t\t\t<div class=\"elementor-widget-container\">\n\t\t\t\t\t<h1 class=\"elementor-heading-title elementor-size-default\">Mobile frame sauna 250cm x 420cm 10,5m2 - option 2<span style=\"color: var(--ast-global-color-2);font-style: inherit;background-color: var(--ast-global-color-4)\"><\/span><br><\/h1>\t\t\t\t<\/div>\n\t\t\t\t<\/div>\n\t\t<div class=\"elementor-element elementor-element-3c97f388 e-flex e-con-boxed wpr-particle-no wpr-jarallax-no wpr-parallax-no wpr-sticky-section-no wpr-equal-height-no e-con e-child\" data-id=\"3c97f388\" data-element_type=\"container\" data-e-type=\"container\">\n\t\t\t\t\t<div class=\"e-con-inner\">\n\t\t\t\t<div class=\"elementor-element elementor-element-39f04f69 elementor-widget elementor-widget-text-editor\" data-id=\"39f04f69\" data-element_type=\"widget\" data-e-type=\"widget\" data-widget_type=\"text-editor.default\">\n\t\t\t\t<div class=\"elementor-widget-container\">\n\t\t\t\t\t\t\t\t\t<p style=\"text-align: center;\">A sauna is a special place where we find a way to escape from our daily routines and worries.<\/p><p style=\"text-align: center;\">The warmth, aromatic fragrances and relaxing atmosphere create an unforgettable experience. <br \/>It is a time for ourselves, where we can relax, forget about our worries and simply enjoy the luxury of each moment. <br \/>Sauna rituals are becoming a very relaxing way of life, offering not only physical but also emotional pleasures and revitalising the body and soul.<\/p>\t\t\t\t\t\t\t\t<\/div>\n\t\t\t\t<\/div>\n\t\t\t\t\t<\/div>\n\t\t\t\t<\/div>\n\t\t\t\t<\/div>\n\t\t<div class=\"elementor-element elementor-element-1fe68a77 e-flex e-con-boxed wpr-particle-no wpr-jarallax-no wpr-parallax-no wpr-sticky-section-no wpr-equal-height-no e-con e-parent\" data-id=\"1fe68a77\" data-element_type=\"container\" data-e-type=\"container\">\n\t\t\t\t\t<div class=\"e-con-inner\">\n\t\t<div class=\"elementor-element elementor-element-1926d314 e-con-full e-flex wpr-particle-no wpr-jarallax-no wpr-parallax-no wpr-sticky-section-no wpr-equal-height-no e-con e-child\" data-id=\"1926d314\" data-element_type=\"container\" data-e-type=\"container\">\n\t\t\t\t<div class=\"elementor-element elementor-element-44585d4b elementor-widget elementor-widget-heading\" data-id=\"44585d4b\" data-element_type=\"widget\" data-e-type=\"widget\" data-widget_type=\"heading.default\">\n\t\t\t\t<div class=\"elementor-widget-container\">\n\t\t\t\t\t<h3 class=\"elementor-heading-title elementor-size-default\">Sauna we offer<\/h3>\t\t\t\t<\/div>\n\t\t\t\t<\/div>\n\t\t\t\t<div class=\"elementor-element elementor-element-c25c9ca elementor-arrows-position-inside elementor-pagination-position-outside elementor-widget elementor-widget-image-carousel\" data-id=\"c25c9ca\" data-element_type=\"widget\" data-e-type=\"widget\" data-settings=\"{&quot;lazyload&quot;:&quot;yes&quot;,&quot;image_spacing_custom&quot;:{&quot;unit&quot;:&quot;px&quot;,&quot;size&quot;:15,&quot;sizes&quot;:[]},&quot;_animation&quot;:&quot;none&quot;,&quot;navigation&quot;:&quot;both&quot;,&quot;autoplay&quot;:&quot;yes&quot;,&quot;pause_on_hover&quot;:&quot;yes&quot;,&quot;pause_on_interaction&quot;:&quot;yes&quot;,&quot;autoplay_speed&quot;:5000,&quot;infinite&quot;:&quot;yes&quot;,&quot;speed&quot;:500,&quot;image_spacing_custom_tablet&quot;:{&quot;unit&quot;:&quot;px&quot;,&quot;size&quot;:&quot;&quot;,&quot;sizes&quot;:[]},&quot;image_spacing_custom_mobile&quot;:{&quot;unit&quot;:&quot;px&quot;,&quot;size&quot;:&quot;&quot;,&quot;sizes&quot;:[]}}\" data-widget_type=\"image-carousel.default\">\n\t\t\t\t<div class=\"elementor-widget-container\">\n\t\t\t\t\t\t\t<div class=\"elementor-image-carousel-wrapper swiper\" role=\"region\" aria-roledescription=\"carousel\" aria-label=\"Image Carousel\" dir=\"ltr\">\n\t\t\t<div class=\"elementor-image-carousel swiper-wrapper swiper-image-stretch\" aria-live=\"off\">\n\t\t\t\t\t\t\t\t<div class=\"swiper-slide\" role=\"group\" aria-roledescription=\"slide\" aria-label=\"1 of 6\" data-no-translation-aria-label=\"\"><a data-elementor-open-lightbox=\"yes\" data-elementor-lightbox-slideshow=\"c25c9ca\" data-elementor-lightbox-title=\"Karkasin\u0117 pirtis 10,5m2 - 2\" data-elementor-lightbox-description=\"Karkasin\u0117 pirtis 10,5m2 - 2\" data-e-action-hash=\"#elementor-action%3Aaction%3Dlightbox%26settings%3DeyJpZCI6Mzk4NywidXJsIjoiaHR0cHM6XC9cL215c2F1bmEubHRcL3dwLWNvbnRlbnRcL3VwbG9hZHNcLzIwMjRcLzAyXC9JTUctMzY0ZDg0ZmY4MTY0YWIzMzQ1YjQxOGQ0YTQ1YWU0MDYtVi1qcGcud2VicCIsInNsaWRlc2hvdyI6ImMyNWM5Y2EifQ%3D%3D\" href=\"https:\/\/mysauna.lt\/wp-content\/uploads\/2024\/02\/IMG-364d84ff8164ab3345b418d4a45ae406-V-jpg.webp\"><figure class=\"swiper-slide-inner\"><img class=\"swiper-slide-image swiper-lazy\" data-src=\"https:\/\/mysauna.lt\/wp-content\/uploads\/2024\/02\/IMG-364d84ff8164ab3345b418d4a45ae406-V-768x1024.webp\" alt=\"Frame sauna 10,5m2 - 2\" \/><div class=\"swiper-lazy-preloader\"><\/div><\/figure><\/a><\/div><div class=\"swiper-slide\" role=\"group\" aria-roledescription=\"slide\" aria-label=\"2 of 6\" data-no-translation-aria-label=\"\"><a data-elementor-open-lightbox=\"yes\" data-elementor-lightbox-slideshow=\"c25c9ca\" data-elementor-lightbox-title=\"karkasine-pirtis-2,5x4,2\" data-e-action-hash=\"#elementor-action%3Aaction%3Dlightbox%26settings%3DeyJpZCI6NDM1MiwidXJsIjoiaHR0cHM6XC9cL215c2F1bmEubHRcL3dwLWNvbnRlbnRcL3VwbG9hZHNcLzIwMjRcLzAyXC9rYXJrYXNpbmUtcGlydGlzLTI1eDQyLTEtanBnLndlYnAiLCJzbGlkZXNob3ciOiJjMjVjOWNhIn0%3D\" href=\"https:\/\/mysauna.lt\/wp-content\/uploads\/2024\/02\/karkasine-pirtis-25x42-1-jpg.webp\"><figure class=\"swiper-slide-inner\"><img class=\"swiper-slide-image swiper-lazy\" data-src=\"https:\/\/mysauna.lt\/wp-content\/uploads\/2024\/02\/karkasine-pirtis-25x42-1-768x1024.webp\" alt=\"framed-bathhouse-2,5x4,2\" \/><div class=\"swiper-lazy-preloader\"><\/div><\/figure><\/a><\/div><div class=\"swiper-slide\" role=\"group\" aria-roledescription=\"slide\" aria-label=\"3 of 6\" data-no-translation-aria-label=\"\"><a data-elementor-open-lightbox=\"yes\" data-elementor-lightbox-slideshow=\"c25c9ca\" data-elementor-lightbox-title=\"Mobili karkasin\u0117 pirtis 10,5m2\" data-e-action-hash=\"#elementor-action%3Aaction%3Dlightbox%26settings%3DeyJpZCI6Mzk3NywidXJsIjoiaHR0cHM6XC9cL215c2F1bmEubHRcL3dwLWNvbnRlbnRcL3VwbG9hZHNcLzIwMjRcLzAyXC9JTUctNWUwNWVmMzg2MzgyMjljZDk2OTAxNzUzZjVhMGRiMmItVi1qcGcud2VicCIsInNsaWRlc2hvdyI6ImMyNWM5Y2EifQ%3D%3D\" href=\"https:\/\/mysauna.lt\/wp-content\/uploads\/2024\/02\/IMG-5e05ef38638229cd96901753f5a0db2b-V-jpg.webp\"><figure class=\"swiper-slide-inner\"><img class=\"swiper-slide-image swiper-lazy\" data-src=\"https:\/\/mysauna.lt\/wp-content\/uploads\/2024\/02\/IMG-5e05ef38638229cd96901753f5a0db2b-V-768x1024.webp\" alt=\"mobile-bathhouse-bathhouse-10,5m2\" \/><div class=\"swiper-lazy-preloader\"><\/div><\/figure><\/a><\/div><div class=\"swiper-slide\" role=\"group\" aria-roledescription=\"slide\" aria-label=\"4 of 6\" data-no-translation-aria-label=\"\"><a data-elementor-open-lightbox=\"yes\" data-elementor-lightbox-slideshow=\"c25c9ca\" data-elementor-lightbox-title=\"IMG-b1aaaad1f8ab6879c7c3ce3e2735d9d7-V\" data-e-action-hash=\"#elementor-action%3Aaction%3Dlightbox%26settings%3DeyJpZCI6NDAwMywidXJsIjoiaHR0cHM6XC9cL215c2F1bmEubHRcL3dwLWNvbnRlbnRcL3VwbG9hZHNcLzIwMjRcLzAyXC9JTUctYjFhYWFhZDFmOGFiNjg3OWM3YzNjZTNlMjczNWQ5ZDctVi1qcGcud2VicCIsInNsaWRlc2hvdyI6ImMyNWM5Y2EifQ%3D%3D\" href=\"https:\/\/mysauna.lt\/wp-content\/uploads\/2024\/02\/IMG-b1aaaad1f8ab6879c7c3ce3e2735d9d7-V-jpg.webp\"><figure class=\"swiper-slide-inner\"><img class=\"swiper-slide-image swiper-lazy\" data-src=\"https:\/\/mysauna.lt\/wp-content\/uploads\/2024\/02\/IMG-b1aaaad1f8ab6879c7c3ce3e2735d9d7-V-768x1024.webp\" alt=\"IMG-b1aaaad1f8ab6879c7c3ce3e2735d9d7-V\" \/><div class=\"swiper-lazy-preloader\"><\/div><\/figure><\/a><\/div><div class=\"swiper-slide\" role=\"group\" aria-roledescription=\"slide\" aria-label=\"5 of 6\" data-no-translation-aria-label=\"\"><a data-elementor-open-lightbox=\"yes\" data-elementor-lightbox-slideshow=\"c25c9ca\" data-elementor-lightbox-title=\"karkasine-pirtis-2,5x4,2-vidus\" data-e-action-hash=\"#elementor-action%3Aaction%3Dlightbox%26settings%3DeyJpZCI6NDM1MywidXJsIjoiaHR0cHM6XC9cL215c2F1bmEubHRcL3dwLWNvbnRlbnRcL3VwbG9hZHNcLzIwMjRcLzAyXC9rYXJrYXNpbmUtcGlydGlzLTI1eDQyLXZpZHVzLWpwZy53ZWJwIiwic2xpZGVzaG93IjoiYzI1YzljYSJ9\" href=\"https:\/\/mysauna.lt\/wp-content\/uploads\/2024\/02\/karkasine-pirtis-25x42-vidus-jpg.webp\"><figure class=\"swiper-slide-inner\"><img class=\"swiper-slide-image swiper-lazy\" data-src=\"https:\/\/mysauna.lt\/wp-content\/uploads\/2024\/02\/karkasine-pirtis-25x42-vidus-768x1024.webp\" alt=\"frame-bathhouse-2,5x4,2-inch\" \/><div class=\"swiper-lazy-preloader\"><\/div><\/figure><\/a><\/div><div class=\"swiper-slide\" role=\"group\" aria-roledescription=\"slide\" aria-label=\"6 of 6\" data-no-translation-aria-label=\"\"><a data-elementor-open-lightbox=\"yes\" data-elementor-lightbox-slideshow=\"c25c9ca\" data-elementor-lightbox-title=\"IMG-55962d59a1db02e39af59d50d4c4bcc6-V\" data-e-action-hash=\"#elementor-action%3Aaction%3Dlightbox%26settings%3DeyJpZCI6Mzk5NSwidXJsIjoiaHR0cHM6XC9cL215c2F1bmEubHRcL3dwLWNvbnRlbnRcL3VwbG9hZHNcLzIwMjRcLzAyXC9JTUctNTU5NjJkNTlhMWRiMDJlMzlhZjU5ZDUwZDRjNGJjYzYtVi1qcGcud2VicCIsInNsaWRlc2hvdyI6ImMyNWM5Y2EifQ%3D%3D\" href=\"https:\/\/mysauna.lt\/wp-content\/uploads\/2024\/02\/IMG-55962d59a1db02e39af59d50d4c4bcc6-V-jpg.webp\"><figure class=\"swiper-slide-inner\"><img class=\"swiper-slide-image swiper-lazy\" data-src=\"https:\/\/mysauna.lt\/wp-content\/uploads\/2024\/02\/IMG-55962d59a1db02e39af59d50d4c4bcc6-V-768x1024.webp\" alt=\"IMG-55962d59a1db02e39af59d50d4c4bcc6-V\" \/><div class=\"swiper-lazy-preloader\"><\/div><\/figure><\/a><\/div>\t\t\t<\/div>\n\t\t\t\t\t\t\t\t\t\t\t\t<div class=\"elementor-swiper-button elementor-swiper-button-prev\" role=\"button\" tabindex=\"0\">\n\t\t\t\t\t\t<svg aria-hidden=\"true\" class=\"e-font-icon-svg e-eicon-chevron-left\" viewbox=\"0 0 1000 1000\" xmlns=\"http:\/\/www.w3.org\/2000\/svg\"><path d=\"M646 125C629 125 613 133 604 142L308 442C296 454 292 471 292 487 292 504 296 521 308 533L604 854C617 867 629 875 646 875 663 875 679 871 692 858 704 846 713 829 713 812 713 796 708 779 692 767L438 487 692 225C700 217 708 204 708 187 708 171 704 154 692 142 675 129 663 125 646 125Z\"><\/path><\/svg>\t\t\t\t\t<\/div>\n\t\t\t\t\t<div class=\"elementor-swiper-button elementor-swiper-button-next\" role=\"button\" tabindex=\"0\">\n\t\t\t\t\t\t<svg aria-hidden=\"true\" class=\"e-font-icon-svg e-eicon-chevron-right\" viewbox=\"0 0 1000 1000\" xmlns=\"http:\/\/www.w3.org\/2000\/svg\"><path d=\"M696 533C708 521 713 504 713 487 713 471 708 454 696 446L400 146C388 133 375 125 354 125 338 125 325 129 313 142 300 154 292 171 292 187 292 204 296 221 308 233L563 492 304 771C292 783 288 800 288 817 288 833 296 850 308 863 321 871 338 875 354 875 371 875 388 867 400 854L696 533Z\"><\/path><\/svg>\t\t\t\t\t<\/div>\n\t\t\t\t\n\t\t\t\t\t\t\t\t\t<div class=\"swiper-pagination\"><\/div>\n\t\t\t\t\t\t\t\t\t<\/div>\n\t\t\t\t\t\t<\/div>\n\t\t\t\t<\/div>\n\t\t\t\t<div class=\"elementor-element elementor-element-544e2866 elementor-widget elementor-widget-heading\" data-id=\"544e2866\" data-element_type=\"widget\" data-e-type=\"widget\" data-widget_type=\"heading.default\">\n\t\t\t\t<div class=\"elementor-widget-container\">\n\t\t\t\t\t<h2 class=\"elementor-heading-title elementor-size-default\">What the frame sauna is made of<\/h2>\t\t\t\t<\/div>\n\t\t\t\t<\/div>\n\t\t\t\t<div class=\"elementor-element elementor-element-e03134c elementor-widget elementor-widget-text-editor\" data-id=\"e03134c\" data-element_type=\"widget\" data-e-type=\"widget\" data-widget_type=\"text-editor.default\">\n\t\t\t\t<div class=\"elementor-widget-container\">\n\t\t\t\t\t\t\t\t\t<ul>\n    <li>The facade of the sauna is decorated with burnt wood, which not only provides warmth, but also a unique look and feel.<\/li><br>\n    <li>The front is carved with bleached tiles, which add elegance and warmth from the first step.<\/li><br>\n    <li>The sauna area is created using quality linden, which provides a pleasant smell and atmosphere.<\/li><br>\n    <li>\n        The insulation layer between the frame walls, consisting of 10 cm <a href=\"https:\/\/lt.paroc.com\/\" target=\"_blank\" rel=\"noopener\">Paroc<\/a> ultra-wool, providing an excellent level of thermal insulation.<\/li><br>\n      <li>  For flooring, we choose vinyl flooring, which not only looks modern, but is also durable and easy to maintain.\n    <\/li><br>\n    <li>The sauna is 10.50 square metres in size, with enough space for a pleasant stay.<\/li><br>\n    <li>\n        Outdoor lighting provides a cosy atmosphere and makes the sauna comfortable to use, even after dark.<\/li><br>\n       <li> This frame sauna combines high quality, elegance and functionality, giving you a unique space for relaxation.\n    <\/li>\n<\/ul>\t\t\t\t\t\t\t\t<\/div>\n\t\t\t\t<\/div>\n\t\t\t\t<div class=\"elementor-element elementor-element-3d6408d6 elementor-widget elementor-widget-heading\" data-id=\"3d6408d6\" data-element_type=\"widget\" data-e-type=\"widget\" data-widget_type=\"heading.default\">\n\t\t\t\t<div class=\"elementor-widget-container\">\n\t\t\t\t\t<h2 class=\"elementor-heading-title elementor-size-default\">Price: \u20ac6200<\/h2>\t\t\t\t<\/div>\n\t\t\t\t<\/div>\n\t\t\t\t<div class=\"elementor-element elementor-element-591c0a82 elementor-align-center elementor-widget elementor-widget-button\" data-id=\"591c0a82\" data-element_type=\"widget\" data-e-type=\"widget\" data-widget_type=\"button.default\">\n\t\t\t\t<div class=\"elementor-widget-container\">\n\t\t\t\t\t\t\t\t\t<div class=\"elementor-button-wrapper\">\n\t\t\t\t\t<a class=\"elementor-button elementor-button-link elementor-size-sm\" href=\"tel:%20+3706%2066%2011476\">\n\t\t\t\t\t\t<span class=\"elementor-button-content-wrapper\">\n\t\t\t\t\t\t\t\t\t<span class=\"elementor-button-text\">Call now<\/span>\n\t\t\t\t\t<\/span>\n\t\t\t\t\t<\/a>\n\t\t\t\t<\/div>\n\t\t\t\t\t\t\t\t<\/div>\n\t\t\t\t<\/div>\n\t\t\t\t<\/div>\n\t\t<div class=\"elementor-element elementor-element-25e7da97 e-con-full e-flex wpr-particle-no wpr-jarallax-no wpr-parallax-no wpr-sticky-section-no wpr-equal-height-no e-con e-child\" data-id=\"25e7da97\" data-element_type=\"container\" data-e-type=\"container\">\n\t\t\t\t<div class=\"elementor-element elementor-element-6d8f121 elementor-widget elementor-widget-heading\" data-id=\"6d8f121\" data-element_type=\"widget\" data-e-type=\"widget\" data-widget_type=\"heading.default\">\n\t\t\t\t<div class=\"elementor-widget-container\">\n\t\t\t\t\t<h2 class=\"elementor-heading-title elementor-size-default\">Or fill in the form and we'll be in touch shortly<\/h2>\t\t\t\t<\/div>\n\t\t\t\t<\/div>\n\t\t\t\t<\/div>\n\t\t\t\t\t<\/div>\n\t\t\t\t<\/div>\n\t\t\t\t<\/div>","protected":false},"excerpt":{"rendered":"<p>Mobili Karkasin\u0117 pirtis 250cm x 420cm 10,5m2 &#8211; 2 variantas Pirtis &#8211; tai ypatinga vieta, kurioje atrandame b\u016bd\u0105 pab\u0117gti nuo kasdienin\u0117s rutinos ir r\u016bpes\u010di\u0173. \u010cia \u0161iluma, aromatin\u0117s kvapnios med\u017eiagos ir atpalaiduojanti atmosfera sukuria nepakartojam\u0105 malonum\u0105. Tai yra laikas skirtas sau, kur galime atsipalaiduoti, pamir\u0161ti apie r\u016bpes\u010dius ir tiesiog m\u0117gautis kiekvieno momento prabanga. Pirties ritualai tampa ypatingu atpalaiduojan\u010diu gyvenimo b\u016bdu, kuris suteikia ne tik fizinius, bet ir emocinius malonumus bei atgaivina k\u016bn\u0105 ir siel\u0105.\u200b M\u016bs\u0173 si\u016bloma pirtis I\u0161 ko pagaminta karkasin\u0117 pirtis Pirties fasadas puo\u0161tas deginta mediena, kuri suteikia ne tik \u0161ilumos, bet ir unikalios i\u0161vaizdos jausm\u0105. Prie\u0161pirtis i\u0161kaltas balintomis dailil\u0117mis, kurios suteikia elegancijos ir \u0161ilum\u0105 jau nuo pirmo \u017eingsnio. Pirties zona sukurtas naudojant kokybi\u0161k\u0105 liep\u0105, kuris suteikia malon\u0173 kvap\u0105 ir atmosfer\u0105. \u0160iltinimo sluoksnis, esantis tarp karkaso sien\u0173, sudarytas i\u0161 10 cm Paroc ultra vatos, u\u017etikrina puik\u0173 \u0161ilumos izoliacijos lyg\u012f. Grind\u0173 dangai renkam\u0117s vinilin\u0119 dang\u0105, kuri ne tik atrodo moderniai, bet ir yra patvari bei lengvai prie\u017ei\u016brima. Pirties dydis &#8211; 10,50 kvadratini\u0173 metr\u0173, pakankamai erdv\u0117s maloniam poilsiui. Lauko ap\u0161vietimas suteikia jauki\u0105 atmosfer\u0105 ir patogum\u0105 naudojant pirt\u012f net ir tamsiu paros metu. \u0160i karkasin\u0117 pirtis sujungia auk\u0161t\u0105 kokyb\u0119, elegancij\u0105 ir funkcionalum\u0105, suteikdama jums nepakartojam\u0105 poilsiui skirt\u0105 erdv\u0119. Kaina: 6200\u20ac Skambinkite dabar Arba u\u017epildykite form\u0105 ir mes susisieksime artimiausiu metu<\/p>","protected":false},"author":2,"featured_media":0,"parent":0,"menu_order":0,"comment_status":"closed","ping_status":"closed","template":"","meta":{"site-sidebar-layout":"no-sidebar","site-content-layout":"page-builder","ast-site-content-layout":"full-width-container","site-content-style":"default","site-sidebar-style":"default","ast-global-header-display":"","ast-banner-title-visibility":"","ast-main-header-display":"","ast-hfb-above-header-display":"","ast-hfb-below-header-display":"","ast-hfb-mobile-header-display":"","site-post-title":"disabled","ast-breadcrumbs-content":"","ast-featured-img":"disabled","footer-sml-layout":"","ast-disable-related-posts":"","theme-transparent-header-meta":"","adv-header-id-meta":"","stick-header-meta":"","header-above-stick-meta":"","header-main-stick-meta":"","header-below-stick-meta":"","astra-migrate-meta-layouts":"set","ast-page-background-enabled":"default","ast-page-background-meta":{"desktop":{"background-color":"","background-image":"","background-repeat":"repeat","background-position":"center center","background-size":"auto","background-attachment":"scroll","background-type":"","background-media":"","overlay-type":"","overlay-color":"","overlay-opacity":"","overlay-gradient":""},"tablet":{"background-color":"","background-image":"","background-repeat":"repeat","background-position":"center center","background-size":"auto","background-attachment":"scroll","background-type":"","background-media":"","overlay-type":"","overlay-color":"","overlay-opacity":"","overlay-gradient":""},"mobile":{"background-color":"","background-image":"","background-repeat":"repeat","background-position":"center center","background-size":"auto","background-attachment":"scroll","background-type":"","background-media":"","overlay-type":"","overlay-color":"","overlay-opacity":"","overlay-gradient":""}},"ast-content-background-meta":{"desktop":{"background-color":"var(--ast-global-color-5)","background-image":"","background-repeat":"repeat","background-position":"center center","background-size":"auto","background-attachment":"scroll","background-type":"","background-media":"","overlay-type":"","overlay-color":"","overlay-opacity":"","overlay-gradient":""},"tablet":{"background-color":"var(--ast-global-color-5)","background-image":"","background-repeat":"repeat","background-position":"center center","background-size":"auto","background-attachment":"scroll","background-type":"","background-media":"","overlay-type":"","overlay-color":"","overlay-opacity":"","overlay-gradient":""},"mobile":{"background-color":"var(--ast-global-color-5)","background-image":"","background-repeat":"repeat","background-position":"center center","background-size":"auto","background-attachment":"scroll","background-type":"","background-media":"","overlay-type":"","overlay-color":"","overlay-opacity":"","overlay-gradient":""}},"footnotes":""},"class_list":["post-4350","page","type-page","status-publish","hentry"],"aioseo_notices":[],"_links":{"self":[{"href":"https:\/\/mysauna.lt\/en\/wp-json\/wp\/v2\/pages\/4350","targetHints":{"allow":["GET"]}}],"collection":[{"href":"https:\/\/mysauna.lt\/en\/wp-json\/wp\/v2\/pages"}],"about":[{"href":"https:\/\/mysauna.lt\/en\/wp-json\/wp\/v2\/types\/page"}],"author":[{"embeddable":true,"href":"https:\/\/mysauna.lt\/en\/wp-json\/wp\/v2\/users\/2"}],"replies":[{"embeddable":true,"href":"https:\/\/mysauna.lt\/en\/wp-json\/wp\/v2\/comments?post=4350"}],"version-history":[{"count":27,"href":"https:\/\/mysauna.lt\/en\/wp-json\/wp\/v2\/pages\/4350\/revisions"}],"predecessor-version":[{"id":5062,"href":"https:\/\/mysauna.lt\/en\/wp-json\/wp\/v2\/pages\/4350\/revisions\/5062"}],"wp:attachment":[{"href":"https:\/\/mysauna.lt\/en\/wp-json\/wp\/v2\/media?parent=4350"}],"curies":[{"name":"wp","href":"https:\/\/api.w.org\/{rel}","templated":true}]}}